{"id":206,"date":"2025-04-03T15:18:23","date_gmt":"2025-04-03T13:18:23","guid":{"rendered":"https:\/\/netcarjogsi.hu\/mosonmagyarovar\/oktatoink\/"},"modified":"2025-06-05T14:20:04","modified_gmt":"2025-06-05T12:20:04","slug":"oktatoink","status":"publish","type":"page","link":"https:\/\/netcarjogsi.hu\/mosonmagyarovar\/oktatoink\/","title":{"rendered":"Oktat\u00f3ink"},"content":{"rendered":"\t\t<div data-elementor-type=\"wp-page\" data-elementor-id=\"206\" class=\"elementor elementor-206\">\n\t\t\t\t<div class=\"aux-parallax-section elementor-element elementor-element-08ad4f0 e-flex e-con-boxed e-con e-parent\" data-id=\"08ad4f0\" data-element_type=\"container\">\n\t\t\t\t\t<div class=\"e-con-inner\">\n\t\t\t\t<div class=\"elementor-element elementor-element-0fe3d02 elementor-widget elementor-widget-rttm-team-isotope\" data-id=\"0fe3d02\" data-element_type=\"widget\" data-widget_type=\"rttm-team-isotope.default\">\n\t\t\t\t<div class=\"elementor-widget-container\">\n\t\t\t\t\t<div class=\"rt-team-container rt-elementor-container rt-pos-r rt-team-container-elementor rt-hover-zoom_in\" id=\"rt-team-container-583443641\" data-layout=\"isotope-free\" data-desktop-col=\"4\" data-tab-col=\"2\" data-mobile-col=\"1\" data-sc-id=\"elementor\" data-rttm-pagination='{\"layout\":\"isotope-free\",\"dCols\":0,\"tCols\":2,\"mCols\":1,\"postIn\":[],\"postNotIn\":[],\"limit\":10000000,\"pagination\":false,\"postsPerPage\":\"\",\"order_by\":\"title\",\"order\":\"ASC\",\"department_ids\":[],\"designation_ids\":[],\"link\":true,\"fImg\":false,\"fImgSize\":\"team-thumb\",\"customImgSize\":{\"crop\":\"\"},\"character_limit\":0,\"after_short_desc\":\"\",\"read_more_btn_text\":\"\",\"my_resume_text\":\"\",\"hire_me_text\":\"\",\"visibility\":[\"name\",\"designation\",\"email\",\"mobile\"],\"social_profiles\":[],\"posts_loading_type\":\"pagination\",\"load_more_text\":\"Load More\",\"relation\":\"OR\",\"iCol\":4,\"gridType\":\"even\",\"linkType\":\"external_link\",\"popupType\":\"single\",\"target\":\"_self\",\"grayscale\":false,\"stripedRow\":false,\"defaultImgId\":null,\"filter_buttons\":false,\"filters\":[],\"taxFilter\":\"team_department\",\"action_term\":0,\"isoFilterTaxonomy\":\"team_department\",\"filterType\":null,\"hide_all_button\":true,\"tItem\":0,\"fShowAll\":true,\"animation\":\"zoom_in\"}'><div data-title=\"Loading ...\" class=\"rt-row rt-content-loader element-loading isotope-free ttp-even ttp-pre-loader\"><div id=\"iso-button-583443641\" class=\"ttp-isotope-buttons button-group filter-button-group\"><button data-filter=\"*\" class=\"selected\">Mind<\/button><button data-filter=\".iso_101\">Aut\u00f3busz<\/button><button data-filter=\".iso_103\">Motorker\u00e9kp\u00e1r<\/button><button data-filter=\".iso_104\">Neh\u00e9zp\u00f3tkocsi<\/button><button data-filter=\".iso_105\">P\u00f3tkocsi<\/button><button data-filter=\".iso_106\">Seg\u00e9dmotorker\u00e9kp\u00e1r<\/button><button data-filter=\".iso_107\">Szaktanfolyam<\/button><button data-filter=\".iso_108\">Szem\u00e9lyg\u00e9pkocsi<\/button><button data-filter=\".iso_109\">Teherg\u00e9pkocsi<\/button><\/div><div class=\"tlp-team-isotope\" id=\"iso-team-583443641\"><div class=\"rt-col-md-3 rt-col-sm-6 rt-col-xs-12   even-grid-item rt-grid-item isotope-item  iso_108\" data-id=\"709\"><div class=\"single-team-area\"><div class=\"single-team\"><figure><a class=\"\" data-id=\"709\" target=\"_self\" href=\"https:\/\/netcarjogsi.hu\/mosonmagyarovar\/oktatoink\/buzas-istvan\/\"><img fetchpriority=\"high\" decoding=\"async\" width=\"400\" height=\"400\" src=\"https:\/\/netcarjogsi.hu\/mosonmagyarovar\/wp-content\/uploads\/sites\/3\/2025\/04\/Buzas_Istvan-Movar2-400x400.jpg\" class=\"img-responsive rt-team-img\" alt=\"oktat\u00f3 netcar Aut\u00f3iskola Mosonmagyar\u00f3v\u00e1r\" srcset=\"https:\/\/netcarjogsi.hu\/mosonmagyarovar\/wp-content\/uploads\/sites\/3\/2025\/04\/Buzas_Istvan-Movar2-400x400.jpg 400w, https:\/\/netcarjogsi.hu\/mosonmagyarovar\/wp-content\/uploads\/sites\/3\/2025\/04\/Buzas_Istvan-Movar2-300x300.jpg 300w, https:\/\/netcarjogsi.hu\/mosonmagyarovar\/wp-content\/uploads\/sites\/3\/2025\/04\/Buzas_Istvan-Movar2-1024x1024.jpg 1024w, https:\/\/netcarjogsi.hu\/mosonmagyarovar\/wp-content\/uploads\/sites\/3\/2025\/04\/Buzas_Istvan-Movar2-150x150.jpg 150w, https:\/\/netcarjogsi.hu\/mosonmagyarovar\/wp-content\/uploads\/sites\/3\/2025\/04\/Buzas_Istvan-Movar2-768x768.jpg 768w, https:\/\/netcarjogsi.hu\/mosonmagyarovar\/wp-content\/uploads\/sites\/3\/2025\/04\/Buzas_Istvan-Movar2-100x100.jpg 100w\" \/><\/a><\/figure><\/div><div class=\"tlp-content\"><h3><span class=\"team-name\"><a class=\"\" data-id=\"709\" target=\"_self\" title=\"Buz\u00e1s Istv\u00e1n\" href=\"https:\/\/netcarjogsi.hu\/mosonmagyarovar\/oktatoink\/buzas-istvan\/\">Buz\u00e1s Istv\u00e1n<\/a><\/span><\/h3><div class=\"tlp-position\"><a class=\"\" data-id=\"709\" target=\"_self\" title=\"Buz\u00e1s Istv\u00e1n\" href=\"https:\/\/netcarjogsi.hu\/mosonmagyarovar\/oktatoink\/buzas-istvan\/\">B kateg\u00f3ria<\/a><\/div><\/div><div class=\"contact-info\"><ul><li class=\"tlp-email\"><i class=\"far fa-envelope\"><\/i><a href=\"mailto:buzas.istvan@outlook.com\"><span class=\"tlp-email\">buzas.istvan@outlook.com<\/span><\/a><\/li><li class='tlp-mobile'><i class='fa fa-mobile'><\/i> <a href='tel:+36 30 7546 450'>+36 30 7546 450<\/a><\/li><\/ul><\/div><\/div><\/div><div class=\"rt-col-md-3 rt-col-sm-6 rt-col-xs-12   even-grid-item rt-grid-item isotope-item  iso_108\" data-id=\"713\"><div class=\"single-team-area\"><div class=\"single-team\"><figure><a class=\"\" data-id=\"713\" target=\"_self\" href=\"https:\/\/netcarjogsi.hu\/mosonmagyarovar\/oktatoink\/kaszas-laszlo-imre\/\"><img decoding=\"async\" width=\"400\" height=\"400\" src=\"https:\/\/netcarjogsi.hu\/mosonmagyarovar\/wp-content\/uploads\/sites\/3\/2025\/04\/kaszas-laszlo1-400x400.jpg\" class=\"img-responsive rt-team-img\" alt=\"netcar aut\u00f3siskola oktat\u00f3 mosonmagyar\u00f3v\u00e1r\" srcset=\"https:\/\/netcarjogsi.hu\/mosonmagyarovar\/wp-content\/uploads\/sites\/3\/2025\/04\/kaszas-laszlo1-400x400.jpg 400w, https:\/\/netcarjogsi.hu\/mosonmagyarovar\/wp-content\/uploads\/sites\/3\/2025\/04\/kaszas-laszlo1-300x300.jpg 300w, https:\/\/netcarjogsi.hu\/mosonmagyarovar\/wp-content\/uploads\/sites\/3\/2025\/04\/kaszas-laszlo1-1024x1024.jpg 1024w, https:\/\/netcarjogsi.hu\/mosonmagyarovar\/wp-content\/uploads\/sites\/3\/2025\/04\/kaszas-laszlo1-150x150.jpg 150w, https:\/\/netcarjogsi.hu\/mosonmagyarovar\/wp-content\/uploads\/sites\/3\/2025\/04\/kaszas-laszlo1-768x768.jpg 768w, https:\/\/netcarjogsi.hu\/mosonmagyarovar\/wp-content\/uploads\/sites\/3\/2025\/04\/kaszas-laszlo1-100x100.jpg 100w\" \/><\/a><\/figure><\/div><div class=\"tlp-content\"><h3><span class=\"team-name\"><a class=\"\" data-id=\"713\" target=\"_self\" title=\"Kasz\u00e1s L\u00e1szl\u00f3 Imre\" href=\"https:\/\/netcarjogsi.hu\/mosonmagyarovar\/oktatoink\/kaszas-laszlo-imre\/\">Kasz\u00e1s L\u00e1szl\u00f3 Imre<\/a><\/span><\/h3><div class=\"tlp-position\"><a class=\"\" data-id=\"713\" target=\"_self\" title=\"Kasz\u00e1s L\u00e1szl\u00f3 Imre\" href=\"https:\/\/netcarjogsi.hu\/mosonmagyarovar\/oktatoink\/kaszas-laszlo-imre\/\">B kateg\u00f3ria<\/a><\/div><\/div><div class=\"contact-info\"><ul><li class=\"tlp-email\"><i class=\"far fa-envelope\"><\/i><a href=\"mailto:kasz02@gmail.com\"><span class=\"tlp-email\">kasz02@gmail.com<\/span><\/a><\/li><li class='tlp-mobile'><i class='fa fa-mobile'><\/i> <a href='tel:+36 30 266 4457'>+36 30 266 4457<\/a><\/li><\/ul><\/div><\/div><\/div><div class=\"rt-col-md-3 rt-col-sm-6 rt-col-xs-12   even-grid-item rt-grid-item isotope-item  iso_108\" data-id=\"711\"><div class=\"single-team-area\"><div class=\"single-team\"><figure><a class=\"\" data-id=\"711\" target=\"_self\" href=\"https:\/\/netcarjogsi.hu\/mosonmagyarovar\/oktatoink\/kovacs-norbert\/\"><img decoding=\"async\" width=\"400\" height=\"400\" src=\"https:\/\/netcarjogsi.hu\/mosonmagyarovar\/wp-content\/uploads\/sites\/3\/2025\/04\/Kovacs-Norbert-400x400.jpeg\" class=\"img-responsive rt-team-img\" alt=\"netcar aut\u00f3iskola mosonmagyar\u00f3v\u00e1r oktat\u00f3\" srcset=\"https:\/\/netcarjogsi.hu\/mosonmagyarovar\/wp-content\/uploads\/sites\/3\/2025\/04\/Kovacs-Norbert-400x400.jpeg 400w, https:\/\/netcarjogsi.hu\/mosonmagyarovar\/wp-content\/uploads\/sites\/3\/2025\/04\/Kovacs-Norbert-300x300.jpeg 300w, https:\/\/netcarjogsi.hu\/mosonmagyarovar\/wp-content\/uploads\/sites\/3\/2025\/04\/Kovacs-Norbert-1024x1024.jpeg 1024w, https:\/\/netcarjogsi.hu\/mosonmagyarovar\/wp-content\/uploads\/sites\/3\/2025\/04\/Kovacs-Norbert-150x150.jpeg 150w, https:\/\/netcarjogsi.hu\/mosonmagyarovar\/wp-content\/uploads\/sites\/3\/2025\/04\/Kovacs-Norbert-768x768.jpeg 768w, https:\/\/netcarjogsi.hu\/mosonmagyarovar\/wp-content\/uploads\/sites\/3\/2025\/04\/Kovacs-Norbert-100x100.jpeg 100w\" \/><\/a><\/figure><\/div><div class=\"tlp-content\"><h3><span class=\"team-name\"><a class=\"\" data-id=\"711\" target=\"_self\" title=\"Kov\u00e1cs Norbert\" href=\"https:\/\/netcarjogsi.hu\/mosonmagyarovar\/oktatoink\/kovacs-norbert\/\">Kov\u00e1cs Norbert<\/a><\/span><\/h3><div class=\"tlp-position\"><a class=\"\" data-id=\"711\" target=\"_self\" title=\"Kov\u00e1cs Norbert\" href=\"https:\/\/netcarjogsi.hu\/mosonmagyarovar\/oktatoink\/kovacs-norbert\/\">B kateg\u00f3ria<\/a><\/div><\/div><div class=\"contact-info\"><ul><li class=\"tlp-email\"><i class=\"far fa-envelope\"><\/i><a href=\"mailto:zolddivany@gmail.com\"><span class=\"tlp-email\">zolddivany@gmail.com<\/span><\/a><\/li><li class='tlp-mobile'><i class='fa fa-mobile'><\/i> <a href='tel:+36 30 3645 023'>+36 30 3645 023<\/a><\/li><\/ul><\/div><\/div><\/div><\/div><div class=\"rt-loading-overlay\"><\/div><div class=\"rt-loading rt-ball-clip-rotate\"><div><\/div><\/div><\/div><\/div>\t\t\t\t<\/div>\n\t\t\t\t<\/div>\n\t\t\t\t\t<\/div>\n\t\t\t\t<\/div>\n\t\t\t\t<\/div>\n\t\t","protected":false},"excerpt":{"rendered":"<p>MindAut\u00f3buszMotorker\u00e9kp\u00e1rNeh\u00e9zp\u00f3tkocsiP\u00f3tkocsiSeg\u00e9dmotorker\u00e9kp\u00e1rSzaktanfolyamSzem\u00e9lyg\u00e9pkocsiTeherg\u00e9pkocsi Buz\u00e1s Istv\u00e1n B kateg\u00f3ria buzas.istvan@outlook.com +36 30 7546 450 Kasz\u00e1s L\u00e1szl\u00f3 Imre B kateg\u00f3ria kasz02@gmail.com +36 30 266 4457 Kov\u00e1cs Norbert B kateg\u00f3ria zolddivany@gmail.com +36 30 3645 023<\/p>\n","protected":false},"author":1,"featured_media":207,"parent":0,"menu_order":0,"comment_status":"closed","ping_status":"closed","template":"","meta":{"footnotes":""},"class_list":["post-206","page","type-page","status-publish","has-post-thumbnail","hentry"],"yoast_head":"<!-- This site is optimized with the Yoast SEO plugin v25.4 - https:\/\/yoast.com\/wordpress\/plugins\/seo\/ -->\n<title>Oktat\u00f3ink - NeTcar Aut\u00f3siskola Mosonmagyar\u00f3v\u00e1r<\/title>\n<meta name=\"description\" content=\"Ismerje meg a NeTcar Aut\u00f3iskola Mosonmagyar\u00f3v\u00e1r tapasztalt \u00e9s seg\u00edt\u0151k\u00e9sz oktat\u00f3it, akik sikeresen v\u00e9gigk\u00eds\u00e9rik a jogos\u00edtv\u00e1nyig\" \/>\n<meta name=\"robots\" content=\"index, follow, max-snippet:-1, max-image-preview:large, max-video-preview:-1\" \/>\n<link rel=\"canonical\" href=\"https:\/\/netcarjogsi.hu\/mosonmagyarovar\/oktatoink\/\" \/>\n<meta property=\"og:locale\" content=\"hu_HU\" \/>\n<meta property=\"og:type\" content=\"article\" \/>\n<meta property=\"og:title\" content=\"NeTcar Aut\u00f3iskola Mosonmagyar\u00f3v\u00e1r oktat\u00f3ink\" \/>\n<meta property=\"og:description\" content=\"Ismerje meg a NeTcar Aut\u00f3iskola Mosonmagyar\u00f3v\u00e1r tapasztalt \u00e9s seg\u00edt\u0151k\u00e9sz oktat\u00f3it, akik sikeresen v\u00e9gigk\u00eds\u00e9rik a jogos\u00edtv\u00e1nyig\" \/>\n<meta property=\"og:url\" content=\"https:\/\/netcarjogsi.hu\/mosonmagyarovar\/oktatoink\/\" \/>\n<meta property=\"og:site_name\" content=\"NeTcar Aut\u00f3siskola Mosonmagyar\u00f3v\u00e1r\" \/>\n<meta property=\"article:modified_time\" content=\"2025-06-05T12:20:04+00:00\" \/>\n<meta property=\"og:image\" content=\"https:\/\/netcarjogsi.hu\/mosonmagyarovar\/wp-content\/uploads\/sites\/3\/2025\/04\/hero03-e1741959754184-1-1024x1024.png\" \/>\n\t<meta property=\"og:image:width\" content=\"1024\" \/>\n\t<meta property=\"og:image:height\" content=\"1024\" \/>\n\t<meta property=\"og:image:type\" content=\"image\/png\" \/>\n<meta name=\"twitter:card\" content=\"summary_large_image\" \/>\n<meta name=\"twitter:label1\" content=\"Becs\u00fclt olvas\u00e1si id\u0151\" \/>\n\t<meta name=\"twitter:data1\" content=\"1 perc\" \/>\n<script type=\"application\/ld+json\" class=\"yoast-schema-graph\">{\"@context\":\"https:\/\/schema.org\",\"@graph\":[{\"@type\":\"WebPage\",\"@id\":\"https:\/\/netcarjogsi.hu\/mosonmagyarovar\/oktatoink\/\",\"url\":\"https:\/\/netcarjogsi.hu\/mosonmagyarovar\/oktatoink\/\",\"name\":\"Oktat\u00f3ink - NeTcar Aut\u00f3siskola Mosonmagyar\u00f3v\u00e1r\",\"isPartOf\":{\"@id\":\"https:\/\/netcarjogsi.hu\/mosonmagyarovar\/#website\"},\"primaryImageOfPage\":{\"@id\":\"https:\/\/netcarjogsi.hu\/mosonmagyarovar\/oktatoink\/#primaryimage\"},\"image\":{\"@id\":\"https:\/\/netcarjogsi.hu\/mosonmagyarovar\/oktatoink\/#primaryimage\"},\"thumbnailUrl\":\"https:\/\/netcarjogsi.hu\/mosonmagyarovar\/wp-content\/uploads\/sites\/3\/2025\/04\/hero03-e1741959754184-1.png\",\"datePublished\":\"2025-04-03T13:18:23+00:00\",\"dateModified\":\"2025-06-05T12:20:04+00:00\",\"description\":\"Ismerje meg a NeTcar Aut\u00f3iskola Mosonmagyar\u00f3v\u00e1r tapasztalt \u00e9s seg\u00edt\u0151k\u00e9sz oktat\u00f3it, akik sikeresen v\u00e9gigk\u00eds\u00e9rik a jogos\u00edtv\u00e1nyig\",\"breadcrumb\":{\"@id\":\"https:\/\/netcarjogsi.hu\/mosonmagyarovar\/oktatoink\/#breadcrumb\"},\"inLanguage\":\"hu\",\"potentialAction\":[{\"@type\":\"ReadAction\",\"target\":[\"https:\/\/netcarjogsi.hu\/mosonmagyarovar\/oktatoink\/\"]}]},{\"@type\":\"ImageObject\",\"inLanguage\":\"hu\",\"@id\":\"https:\/\/netcarjogsi.hu\/mosonmagyarovar\/oktatoink\/#primaryimage\",\"url\":\"https:\/\/netcarjogsi.hu\/mosonmagyarovar\/wp-content\/uploads\/sites\/3\/2025\/04\/hero03-e1741959754184-1.png\",\"contentUrl\":\"https:\/\/netcarjogsi.hu\/mosonmagyarovar\/wp-content\/uploads\/sites\/3\/2025\/04\/hero03-e1741959754184-1.png\",\"width\":1920,\"height\":1080,\"caption\":\"netcar Sopron Aut\u00f3iskola\"},{\"@type\":\"BreadcrumbList\",\"@id\":\"https:\/\/netcarjogsi.hu\/mosonmagyarovar\/oktatoink\/#breadcrumb\",\"itemListElement\":[{\"@type\":\"ListItem\",\"position\":1,\"name\":\"Kezd\u0151lap\",\"item\":\"https:\/\/netcarjogsi.hu\/mosonmagyarovar\/\"},{\"@type\":\"ListItem\",\"position\":2,\"name\":\"Oktat\u00f3ink\"}]},{\"@type\":\"WebSite\",\"@id\":\"https:\/\/netcarjogsi.hu\/mosonmagyarovar\/#website\",\"url\":\"https:\/\/netcarjogsi.hu\/mosonmagyarovar\/\",\"name\":\"NeTcar Aut\u00f3siskola Mosonmagyar\u00f3v\u00e1r\",\"description\":\"Netcar Aut\u00f3siskola Mosonmagyar\u00f3v\u00e1r jogos\u00edtv\u00e1ny szerz\u00e9s megb\u00edzhat\u00f3an.\",\"publisher\":{\"@id\":\"https:\/\/netcarjogsi.hu\/mosonmagyarovar\/#organization\"},\"potentialAction\":[{\"@type\":\"SearchAction\",\"target\":{\"@type\":\"EntryPoint\",\"urlTemplate\":\"https:\/\/netcarjogsi.hu\/mosonmagyarovar\/?s={search_term_string}\"},\"query-input\":{\"@type\":\"PropertyValueSpecification\",\"valueRequired\":true,\"valueName\":\"search_term_string\"}}],\"inLanguage\":\"hu\"},{\"@type\":\"Organization\",\"@id\":\"https:\/\/netcarjogsi.hu\/mosonmagyarovar\/#organization\",\"name\":\"NeTcar Aut\u00f3siskola Mosonmagyar\u00f3v\u00e1r\",\"url\":\"https:\/\/netcarjogsi.hu\/mosonmagyarovar\/\",\"logo\":{\"@type\":\"ImageObject\",\"inLanguage\":\"hu\",\"@id\":\"https:\/\/netcarjogsi.hu\/mosonmagyarovar\/#\/schema\/logo\/image\/\",\"url\":\"https:\/\/netcarjogsi.hu\/mosonmagyarovar\/wp-content\/uploads\/sites\/3\/2025\/04\/logo_150px.png\",\"contentUrl\":\"https:\/\/netcarjogsi.hu\/mosonmagyarovar\/wp-content\/uploads\/sites\/3\/2025\/04\/logo_150px.png\",\"width\":150,\"height\":57,\"caption\":\"NeTcar Aut\u00f3siskola Mosonmagyar\u00f3v\u00e1r\"},\"image\":{\"@id\":\"https:\/\/netcarjogsi.hu\/mosonmagyarovar\/#\/schema\/logo\/image\/\"}}]}<\/script>\n<!-- \/ Yoast SEO plugin. -->","yoast_head_json":{"title":"Oktat\u00f3ink - NeTcar Aut\u00f3siskola Mosonmagyar\u00f3v\u00e1r","description":"Ismerje meg a NeTcar Aut\u00f3iskola Mosonmagyar\u00f3v\u00e1r tapasztalt \u00e9s seg\u00edt\u0151k\u00e9sz oktat\u00f3it, akik sikeresen v\u00e9gigk\u00eds\u00e9rik a jogos\u00edtv\u00e1nyig","robots":{"index":"index","follow":"follow","max-snippet":"max-snippet:-1","max-image-preview":"max-image-preview:large","max-video-preview":"max-video-preview:-1"},"canonical":"https:\/\/netcarjogsi.hu\/mosonmagyarovar\/oktatoink\/","og_locale":"hu_HU","og_type":"article","og_title":"NeTcar Aut\u00f3iskola Mosonmagyar\u00f3v\u00e1r oktat\u00f3ink","og_description":"Ismerje meg a NeTcar Aut\u00f3iskola Mosonmagyar\u00f3v\u00e1r tapasztalt \u00e9s seg\u00edt\u0151k\u00e9sz oktat\u00f3it, akik sikeresen v\u00e9gigk\u00eds\u00e9rik a jogos\u00edtv\u00e1nyig","og_url":"https:\/\/netcarjogsi.hu\/mosonmagyarovar\/oktatoink\/","og_site_name":"NeTcar Aut\u00f3siskola Mosonmagyar\u00f3v\u00e1r","article_modified_time":"2025-06-05T12:20:04+00:00","og_image":[{"width":1024,"height":1024,"url":"https:\/\/netcarjogsi.hu\/mosonmagyarovar\/wp-content\/uploads\/sites\/3\/2025\/04\/hero03-e1741959754184-1-1024x1024.png","type":"image\/png"}],"twitter_card":"summary_large_image","twitter_misc":{"Becs\u00fclt olvas\u00e1si id\u0151":"1 perc"},"schema":{"@context":"https:\/\/schema.org","@graph":[{"@type":"WebPage","@id":"https:\/\/netcarjogsi.hu\/mosonmagyarovar\/oktatoink\/","url":"https:\/\/netcarjogsi.hu\/mosonmagyarovar\/oktatoink\/","name":"Oktat\u00f3ink - NeTcar Aut\u00f3siskola Mosonmagyar\u00f3v\u00e1r","isPartOf":{"@id":"https:\/\/netcarjogsi.hu\/mosonmagyarovar\/#website"},"primaryImageOfPage":{"@id":"https:\/\/netcarjogsi.hu\/mosonmagyarovar\/oktatoink\/#primaryimage"},"image":{"@id":"https:\/\/netcarjogsi.hu\/mosonmagyarovar\/oktatoink\/#primaryimage"},"thumbnailUrl":"https:\/\/netcarjogsi.hu\/mosonmagyarovar\/wp-content\/uploads\/sites\/3\/2025\/04\/hero03-e1741959754184-1.png","datePublished":"2025-04-03T13:18:23+00:00","dateModified":"2025-06-05T12:20:04+00:00","description":"Ismerje meg a NeTcar Aut\u00f3iskola Mosonmagyar\u00f3v\u00e1r tapasztalt \u00e9s seg\u00edt\u0151k\u00e9sz oktat\u00f3it, akik sikeresen v\u00e9gigk\u00eds\u00e9rik a jogos\u00edtv\u00e1nyig","breadcrumb":{"@id":"https:\/\/netcarjogsi.hu\/mosonmagyarovar\/oktatoink\/#breadcrumb"},"inLanguage":"hu","potentialAction":[{"@type":"ReadAction","target":["https:\/\/netcarjogsi.hu\/mosonmagyarovar\/oktatoink\/"]}]},{"@type":"ImageObject","inLanguage":"hu","@id":"https:\/\/netcarjogsi.hu\/mosonmagyarovar\/oktatoink\/#primaryimage","url":"https:\/\/netcarjogsi.hu\/mosonmagyarovar\/wp-content\/uploads\/sites\/3\/2025\/04\/hero03-e1741959754184-1.png","contentUrl":"https:\/\/netcarjogsi.hu\/mosonmagyarovar\/wp-content\/uploads\/sites\/3\/2025\/04\/hero03-e1741959754184-1.png","width":1920,"height":1080,"caption":"netcar Sopron Aut\u00f3iskola"},{"@type":"BreadcrumbList","@id":"https:\/\/netcarjogsi.hu\/mosonmagyarovar\/oktatoink\/#breadcrumb","itemListElement":[{"@type":"ListItem","position":1,"name":"Kezd\u0151lap","item":"https:\/\/netcarjogsi.hu\/mosonmagyarovar\/"},{"@type":"ListItem","position":2,"name":"Oktat\u00f3ink"}]},{"@type":"WebSite","@id":"https:\/\/netcarjogsi.hu\/mosonmagyarovar\/#website","url":"https:\/\/netcarjogsi.hu\/mosonmagyarovar\/","name":"NeTcar Aut\u00f3siskola Mosonmagyar\u00f3v\u00e1r","description":"Netcar Aut\u00f3siskola Mosonmagyar\u00f3v\u00e1r jogos\u00edtv\u00e1ny szerz\u00e9s megb\u00edzhat\u00f3an.","publisher":{"@id":"https:\/\/netcarjogsi.hu\/mosonmagyarovar\/#organization"},"potentialAction":[{"@type":"SearchAction","target":{"@type":"EntryPoint","urlTemplate":"https:\/\/netcarjogsi.hu\/mosonmagyarovar\/?s={search_term_string}"},"query-input":{"@type":"PropertyValueSpecification","valueRequired":true,"valueName":"search_term_string"}}],"inLanguage":"hu"},{"@type":"Organization","@id":"https:\/\/netcarjogsi.hu\/mosonmagyarovar\/#organization","name":"NeTcar Aut\u00f3siskola Mosonmagyar\u00f3v\u00e1r","url":"https:\/\/netcarjogsi.hu\/mosonmagyarovar\/","logo":{"@type":"ImageObject","inLanguage":"hu","@id":"https:\/\/netcarjogsi.hu\/mosonmagyarovar\/#\/schema\/logo\/image\/","url":"https:\/\/netcarjogsi.hu\/mosonmagyarovar\/wp-content\/uploads\/sites\/3\/2025\/04\/logo_150px.png","contentUrl":"https:\/\/netcarjogsi.hu\/mosonmagyarovar\/wp-content\/uploads\/sites\/3\/2025\/04\/logo_150px.png","width":150,"height":57,"caption":"NeTcar Aut\u00f3siskola Mosonmagyar\u00f3v\u00e1r"},"image":{"@id":"https:\/\/netcarjogsi.hu\/mosonmagyarovar\/#\/schema\/logo\/image\/"}}]}},"jetpack_sharing_enabled":true,"publishpress_future_action":{"enabled":false,"date":"2026-05-08 12:57:05","action":"change-status","newStatus":"draft","terms":[],"taxonomy":""},"publishpress_future_workflow_manual_trigger":{"enabledWorkflows":[]},"_links":{"self":[{"href":"https:\/\/netcarjogsi.hu\/mosonmagyarovar\/wp-json\/wp\/v2\/pages\/206","targetHints":{"allow":["GET"]}}],"collection":[{"href":"https:\/\/netcarjogsi.hu\/mosonmagyarovar\/wp-json\/wp\/v2\/pages"}],"about":[{"href":"https:\/\/netcarjogsi.hu\/mosonmagyarovar\/wp-json\/wp\/v2\/types\/page"}],"author":[{"embeddable":true,"href":"https:\/\/netcarjogsi.hu\/mosonmagyarovar\/wp-json\/wp\/v2\/users\/1"}],"replies":[{"embeddable":true,"href":"https:\/\/netcarjogsi.hu\/mosonmagyarovar\/wp-json\/wp\/v2\/comments?post=206"}],"version-history":[{"count":22,"href":"https:\/\/netcarjogsi.hu\/mosonmagyarovar\/wp-json\/wp\/v2\/pages\/206\/revisions"}],"predecessor-version":[{"id":928,"href":"https:\/\/netcarjogsi.hu\/mosonmagyarovar\/wp-json\/wp\/v2\/pages\/206\/revisions\/928"}],"wp:featuredmedia":[{"embeddable":true,"href":"https:\/\/netcarjogsi.hu\/mosonmagyarovar\/wp-json\/wp\/v2\/media\/207"}],"wp:attachment":[{"href":"https:\/\/netcarjogsi.hu\/mosonmagyarovar\/wp-json\/wp\/v2\/media?parent=206"}],"curies":[{"name":"wp","href":"https:\/\/api.w.org\/{rel}","templated":true}]}}