{"id":551,"date":"2025-03-20T15:33:31","date_gmt":"2025-03-20T14:33:31","guid":{"rendered":"https:\/\/netcarjogsi.hu\/sopron\/?post_type=product&#038;p=551"},"modified":"2025-08-15T11:29:49","modified_gmt":"2025-08-15T09:29:49","slug":"a1-kategoria-b-vel","status":"publish","type":"product","link":"https:\/\/netcarjogsi.hu\/sopron\/kepzesek\/a1-kategoria-b-vel\/","title":{"rendered":"A1 kateg\u00f3ria (B-vel)"},"content":{"rendered":"<div class=\"aux-institute-author-wrapper\">\n<div class=\"aux-institute-author-img\"><img decoding=\"async\" class=\"alignnone size-full wp-image-1136\" src=\"https:\/\/netcarjogsi.hu\/sopron\/wp-content\/uploads\/sites\/2\/2025\/03\/A2_kategoria.png\" alt=\"\" width=\"200\" height=\"200\" \/><\/div>\n<div class=\"aux-institute-author-info\">\n<h3>A1 motorker\u00e9kp\u00e1r vezet\u0151i tanfolyam<\/h3>\n<p>B kateg\u00f3ri\u00e1s jogos\u00edtv\u00e1nnyal 125 cm<sup>3<\/sup>, 11KW<\/p>\n<\/div>\n<\/div>\n<div class=\"aux-institute-author-desc\">\n<h4>A tanfolyamra t\u00f6rt\u00e9n\u0151 felv\u00e9tel felt\u00e9telei:<\/h4>\n<p>A k\u00fcl\u00f6n jogszab\u00e1lyban meghat\u00e1rozott eg\u00e9szs\u00e9g\u00fcgyi \u00e9s k\u00f6zleked\u00e9sbiztons\u00e1gi felt\u00e9telek teljes\u00edt\u00e9se,<br \/>\nalapfok\u00fa iskolai v\u00e9gzetts\u00e9g megl\u00e9te,<br \/>\n\u00e9rv\u00e9nyes \u201eB\u201d kateg\u00f3ri\u00e1s j\u00e1rm\u0171vezet\u0151i enged\u00e9ly megl\u00e9te,<br \/>\nmegfelel\u0151 okm\u00e1nyokkal ell\u00e1tott, hi\u00e1nytalanul kit\u00f6lt\u00f6tt Jelentkez\u00e9si \u00e9s vizsgalap,<br \/>\nk\u00e9pz\u00e9si szerz\u0151d\u00e9s megk\u00f6t\u00e9se.<br \/>\nA vizsg\u00e1ra bocs\u00e1t\u00e1s felt\u00e9telei:<\/p>\n<h4>Elm\u00e9leti vizsg\u00e1ra bocs\u00e1that\u00f3, aki:<\/h4>\n<p>sikeresen elv\u00e9gezte a tanfolyam elm\u00e9leti r\u00e9sz\u00e9t, vagy felment\u00e9st kapott az al\u00f3l.<\/p>\n<p>Forgalmi vizsg\u00e1ra bocs\u00e1that\u00f3 az, aki a k\u00e9pz\u00e9s gyakorlati r\u00e9sz\u00e9t igazoltan elv\u00e9gezte.<\/p>\n<\/div>\n","protected":false},"excerpt":{"rendered":"<p>A1 motorker\u00e9kp\u00e1r vezet\u0151i tanfolyam B kateg\u00f3ri\u00e1s jogos\u00edtv\u00e1nnyal 125 cm3, 11KW A tanfolyamra t\u00f6rt\u00e9n\u0151 felv\u00e9tel felt\u00e9telei: A k\u00fcl\u00f6n jogszab\u00e1lyban meghat\u00e1rozott eg\u00e9szs\u00e9g\u00fcgyi \u00e9s k\u00f6zleked\u00e9sbiztons\u00e1gi felt\u00e9telek teljes\u00edt\u00e9se, alapfok\u00fa iskolai v\u00e9gzetts\u00e9g megl\u00e9te, \u00e9rv\u00e9nyes \u201eB\u201d kateg\u00f3ri\u00e1s j\u00e1rm\u0171vezet\u0151i enged\u00e9ly megl\u00e9te, megfelel\u0151 okm\u00e1nyokkal ell\u00e1tott, hi\u00e1nytalanul kit\u00f6lt\u00f6tt Jelentkez\u00e9si \u00e9s vizsgalap, k\u00e9pz\u00e9si szerz\u0151d\u00e9s megk\u00f6t\u00e9se. A vizsg\u00e1ra bocs\u00e1t\u00e1s felt\u00e9telei: Elm\u00e9leti vizsg\u00e1ra bocs\u00e1that\u00f3, aki: sikeresen elv\u00e9gezte [&hellip;]<\/p>\n","protected":false},"featured_media":552,"template":"","meta":[],"product_brand":[],"product_cat":[70],"product_tag":[52],"class_list":{"0":"post-551","1":"product","2":"type-product","3":"status-publish","4":"has-post-thumbnail","6":"product_cat-a","7":"product_tag-motorkerekpar","9":"first","10":"instock","11":"shipping-taxable","12":"product-type-external"},"yoast_head":"<!-- This site is optimized with the Yoast SEO plugin v25.4 - https:\/\/yoast.com\/wordpress\/plugins\/seo\/ -->\n<title>A1 kateg\u00f3ria (B-vel) - NeTcar Aut\u00f3siskola Sopron<\/title>\n<meta name=\"description\" content=\"Szerezd meg A1 kateg\u00f3ri\u00e1s jogos\u00edtv\u00e1nyodat a Netcar Aut\u00f3siskol\u00e1ban Sopronban! Ha m\u00e1r rendelkezel B kateg\u00f3ri\u00e1s jogos\u00edtv\u00e1nnyal\" \/>\n<meta name=\"robots\" content=\"index, follow, max-snippet:-1, max-image-preview:large, max-video-preview:-1\" \/>\n<link rel=\"canonical\" href=\"https:\/\/netcarjogsi.hu\/sopron\/kepzesek\/a1-kategoria-b-vel\/\" \/>\n<meta property=\"og:locale\" content=\"hu_HU\" \/>\n<meta property=\"og:type\" content=\"article\" \/>\n<meta property=\"og:title\" content=\"A1 jogos\u00edtv\u00e1ny netcar Sopron\" \/>\n<meta property=\"og:description\" content=\"Szerezd meg A1 kateg\u00f3ri\u00e1s jogos\u00edtv\u00e1nyodat a Netcar Aut\u00f3siskol\u00e1ban Sopronban! Ha m\u00e1r rendelkezel B kateg\u00f3ri\u00e1s jogos\u00edtv\u00e1nnyal\" \/>\n<meta property=\"og:url\" content=\"https:\/\/netcarjogsi.hu\/sopron\/kepzesek\/a1-kategoria-b-vel\/\" \/>\n<meta property=\"og:site_name\" content=\"NeTcar Aut\u00f3siskola Sopron\" \/>\n<meta property=\"article:modified_time\" content=\"2025-08-15T09:29:49+00:00\" \/>\n<meta property=\"og:image\" content=\"https:\/\/netcarjogsi.hu\/sopron\/wp-content\/uploads\/sites\/2\/2025\/03\/A1B_kateg.png\" \/>\n\t<meta property=\"og:image:width\" content=\"1200\" \/>\n\t<meta property=\"og:image:height\" content=\"680\" \/>\n\t<meta property=\"og:image:type\" content=\"image\/png\" \/>\n<meta name=\"twitter:card\" content=\"summary_large_image\" \/>\n<meta name=\"twitter:label1\" content=\"Becs\u00fclt olvas\u00e1si id\u0151\" \/>\n\t<meta name=\"twitter:data1\" content=\"1 perc\" \/>\n<script type=\"application\/ld+json\" class=\"yoast-schema-graph\">{\"@context\":\"https:\/\/schema.org\",\"@graph\":[{\"@type\":\"WebPage\",\"@id\":\"https:\/\/netcarjogsi.hu\/sopron\/kepzesek\/a1-kategoria-b-vel\/\",\"url\":\"https:\/\/netcarjogsi.hu\/sopron\/kepzesek\/a1-kategoria-b-vel\/\",\"name\":\"A1 kateg\u00f3ria (B-vel) - NeTcar Aut\u00f3siskola Sopron\",\"isPartOf\":{\"@id\":\"https:\/\/netcarjogsi.hu\/sopron\/#website\"},\"primaryImageOfPage\":{\"@id\":\"https:\/\/netcarjogsi.hu\/sopron\/kepzesek\/a1-kategoria-b-vel\/#primaryimage\"},\"image\":{\"@id\":\"https:\/\/netcarjogsi.hu\/sopron\/kepzesek\/a1-kategoria-b-vel\/#primaryimage\"},\"thumbnailUrl\":\"https:\/\/netcarjogsi.hu\/sopron\/wp-content\/uploads\/sites\/2\/2025\/03\/A1B_kateg.png\",\"datePublished\":\"2025-03-20T14:33:31+00:00\",\"dateModified\":\"2025-08-15T09:29:49+00:00\",\"description\":\"Szerezd meg A1 kateg\u00f3ri\u00e1s jogos\u00edtv\u00e1nyodat a Netcar Aut\u00f3siskol\u00e1ban Sopronban! Ha m\u00e1r rendelkezel B kateg\u00f3ri\u00e1s jogos\u00edtv\u00e1nnyal\",\"breadcrumb\":{\"@id\":\"https:\/\/netcarjogsi.hu\/sopron\/kepzesek\/a1-kategoria-b-vel\/#breadcrumb\"},\"inLanguage\":\"hu\",\"potentialAction\":[{\"@type\":\"ReadAction\",\"target\":[\"https:\/\/netcarjogsi.hu\/sopron\/kepzesek\/a1-kategoria-b-vel\/\"]}]},{\"@type\":\"ImageObject\",\"inLanguage\":\"hu\",\"@id\":\"https:\/\/netcarjogsi.hu\/sopron\/kepzesek\/a1-kategoria-b-vel\/#primaryimage\",\"url\":\"https:\/\/netcarjogsi.hu\/sopron\/wp-content\/uploads\/sites\/2\/2025\/03\/A1B_kateg.png\",\"contentUrl\":\"https:\/\/netcarjogsi.hu\/sopron\/wp-content\/uploads\/sites\/2\/2025\/03\/A1B_kateg.png\",\"width\":1200,\"height\":680},{\"@type\":\"BreadcrumbList\",\"@id\":\"https:\/\/netcarjogsi.hu\/sopron\/kepzesek\/a1-kategoria-b-vel\/#breadcrumb\",\"itemListElement\":[{\"@type\":\"ListItem\",\"position\":1,\"name\":\"Kezd\u0151lap\",\"item\":\"https:\/\/netcarjogsi.hu\/sopron\/\"},{\"@type\":\"ListItem\",\"position\":2,\"name\":\"K\u00e9pz\u00e9sek\",\"item\":\"https:\/\/netcarjogsi.hu\/sopron\/kepzesek\/\"},{\"@type\":\"ListItem\",\"position\":3,\"name\":\"A1 kateg\u00f3ria (B-vel)\"}]},{\"@type\":\"WebSite\",\"@id\":\"https:\/\/netcarjogsi.hu\/sopron\/#website\",\"url\":\"https:\/\/netcarjogsi.hu\/sopron\/\",\"name\":\"NeTcar Aut\u00f3siskola Sopron\",\"description\":\"Jogos\u00edtv\u00e1nyszerz\u00e9s minden kateg\u00f3ri\u00e1ban Sopronban.\",\"publisher\":{\"@id\":\"https:\/\/netcarjogsi.hu\/sopron\/#organization\"},\"potentialAction\":[{\"@type\":\"SearchAction\",\"target\":{\"@type\":\"EntryPoint\",\"urlTemplate\":\"https:\/\/netcarjogsi.hu\/sopron\/?s={search_term_string}\"},\"query-input\":{\"@type\":\"PropertyValueSpecification\",\"valueRequired\":true,\"valueName\":\"search_term_string\"}}],\"inLanguage\":\"hu\"},{\"@type\":\"Organization\",\"@id\":\"https:\/\/netcarjogsi.hu\/sopron\/#organization\",\"name\":\"NeTcar Aut\u00f3siskola Sopron\",\"url\":\"https:\/\/netcarjogsi.hu\/sopron\/\",\"logo\":{\"@type\":\"ImageObject\",\"inLanguage\":\"hu\",\"@id\":\"https:\/\/netcarjogsi.hu\/sopron\/#\/schema\/logo\/image\/\",\"url\":\"https:\/\/netcarjogsi.hu\/sopron\/wp-content\/uploads\/sites\/2\/2025\/03\/logo_150px-1.png\",\"contentUrl\":\"https:\/\/netcarjogsi.hu\/sopron\/wp-content\/uploads\/sites\/2\/2025\/03\/logo_150px-1.png\",\"width\":150,\"height\":57,\"caption\":\"NeTcar Aut\u00f3siskola Sopron\"},\"image\":{\"@id\":\"https:\/\/netcarjogsi.hu\/sopron\/#\/schema\/logo\/image\/\"}}]}<\/script>\n<!-- \/ Yoast SEO plugin. -->","yoast_head_json":{"title":"A1 kateg\u00f3ria (B-vel) - NeTcar Aut\u00f3siskola Sopron","description":"Szerezd meg A1 kateg\u00f3ri\u00e1s jogos\u00edtv\u00e1nyodat a Netcar Aut\u00f3siskol\u00e1ban Sopronban! Ha m\u00e1r rendelkezel B kateg\u00f3ri\u00e1s jogos\u00edtv\u00e1nnyal","robots":{"index":"index","follow":"follow","max-snippet":"max-snippet:-1","max-image-preview":"max-image-preview:large","max-video-preview":"max-video-preview:-1"},"canonical":"https:\/\/netcarjogsi.hu\/sopron\/kepzesek\/a1-kategoria-b-vel\/","og_locale":"hu_HU","og_type":"article","og_title":"A1 jogos\u00edtv\u00e1ny netcar Sopron","og_description":"Szerezd meg A1 kateg\u00f3ri\u00e1s jogos\u00edtv\u00e1nyodat a Netcar Aut\u00f3siskol\u00e1ban Sopronban! Ha m\u00e1r rendelkezel B kateg\u00f3ri\u00e1s jogos\u00edtv\u00e1nnyal","og_url":"https:\/\/netcarjogsi.hu\/sopron\/kepzesek\/a1-kategoria-b-vel\/","og_site_name":"NeTcar Aut\u00f3siskola Sopron","article_modified_time":"2025-08-15T09:29:49+00:00","og_image":[{"width":1200,"height":680,"url":"https:\/\/netcarjogsi.hu\/sopron\/wp-content\/uploads\/sites\/2\/2025\/03\/A1B_kateg.png","type":"image\/png"}],"twitter_card":"summary_large_image","twitter_misc":{"Becs\u00fclt olvas\u00e1si id\u0151":"1 perc"},"schema":{"@context":"https:\/\/schema.org","@graph":[{"@type":"WebPage","@id":"https:\/\/netcarjogsi.hu\/sopron\/kepzesek\/a1-kategoria-b-vel\/","url":"https:\/\/netcarjogsi.hu\/sopron\/kepzesek\/a1-kategoria-b-vel\/","name":"A1 kateg\u00f3ria (B-vel) - NeTcar Aut\u00f3siskola Sopron","isPartOf":{"@id":"https:\/\/netcarjogsi.hu\/sopron\/#website"},"primaryImageOfPage":{"@id":"https:\/\/netcarjogsi.hu\/sopron\/kepzesek\/a1-kategoria-b-vel\/#primaryimage"},"image":{"@id":"https:\/\/netcarjogsi.hu\/sopron\/kepzesek\/a1-kategoria-b-vel\/#primaryimage"},"thumbnailUrl":"https:\/\/netcarjogsi.hu\/sopron\/wp-content\/uploads\/sites\/2\/2025\/03\/A1B_kateg.png","datePublished":"2025-03-20T14:33:31+00:00","dateModified":"2025-08-15T09:29:49+00:00","description":"Szerezd meg A1 kateg\u00f3ri\u00e1s jogos\u00edtv\u00e1nyodat a Netcar Aut\u00f3siskol\u00e1ban Sopronban! Ha m\u00e1r rendelkezel B kateg\u00f3ri\u00e1s jogos\u00edtv\u00e1nnyal","breadcrumb":{"@id":"https:\/\/netcarjogsi.hu\/sopron\/kepzesek\/a1-kategoria-b-vel\/#breadcrumb"},"inLanguage":"hu","potentialAction":[{"@type":"ReadAction","target":["https:\/\/netcarjogsi.hu\/sopron\/kepzesek\/a1-kategoria-b-vel\/"]}]},{"@type":"ImageObject","inLanguage":"hu","@id":"https:\/\/netcarjogsi.hu\/sopron\/kepzesek\/a1-kategoria-b-vel\/#primaryimage","url":"https:\/\/netcarjogsi.hu\/sopron\/wp-content\/uploads\/sites\/2\/2025\/03\/A1B_kateg.png","contentUrl":"https:\/\/netcarjogsi.hu\/sopron\/wp-content\/uploads\/sites\/2\/2025\/03\/A1B_kateg.png","width":1200,"height":680},{"@type":"BreadcrumbList","@id":"https:\/\/netcarjogsi.hu\/sopron\/kepzesek\/a1-kategoria-b-vel\/#breadcrumb","itemListElement":[{"@type":"ListItem","position":1,"name":"Kezd\u0151lap","item":"https:\/\/netcarjogsi.hu\/sopron\/"},{"@type":"ListItem","position":2,"name":"K\u00e9pz\u00e9sek","item":"https:\/\/netcarjogsi.hu\/sopron\/kepzesek\/"},{"@type":"ListItem","position":3,"name":"A1 kateg\u00f3ria (B-vel)"}]},{"@type":"WebSite","@id":"https:\/\/netcarjogsi.hu\/sopron\/#website","url":"https:\/\/netcarjogsi.hu\/sopron\/","name":"NeTcar Aut\u00f3siskola Sopron","description":"Jogos\u00edtv\u00e1nyszerz\u00e9s minden kateg\u00f3ri\u00e1ban Sopronban.","publisher":{"@id":"https:\/\/netcarjogsi.hu\/sopron\/#organization"},"potentialAction":[{"@type":"SearchAction","target":{"@type":"EntryPoint","urlTemplate":"https:\/\/netcarjogsi.hu\/sopron\/?s={search_term_string}"},"query-input":{"@type":"PropertyValueSpecification","valueRequired":true,"valueName":"search_term_string"}}],"inLanguage":"hu"},{"@type":"Organization","@id":"https:\/\/netcarjogsi.hu\/sopron\/#organization","name":"NeTcar Aut\u00f3siskola Sopron","url":"https:\/\/netcarjogsi.hu\/sopron\/","logo":{"@type":"ImageObject","inLanguage":"hu","@id":"https:\/\/netcarjogsi.hu\/sopron\/#\/schema\/logo\/image\/","url":"https:\/\/netcarjogsi.hu\/sopron\/wp-content\/uploads\/sites\/2\/2025\/03\/logo_150px-1.png","contentUrl":"https:\/\/netcarjogsi.hu\/sopron\/wp-content\/uploads\/sites\/2\/2025\/03\/logo_150px-1.png","width":150,"height":57,"caption":"NeTcar Aut\u00f3siskola Sopron"},"image":{"@id":"https:\/\/netcarjogsi.hu\/sopron\/#\/schema\/logo\/image\/"}}]}},"jetpack_sharing_enabled":true,"publishpress_future_workflow_manual_trigger":{"enabledWorkflows":[]},"_links":{"self":[{"href":"https:\/\/netcarjogsi.hu\/sopron\/wp-json\/wp\/v2\/product\/551","targetHints":{"allow":["GET"]}}],"collection":[{"href":"https:\/\/netcarjogsi.hu\/sopron\/wp-json\/wp\/v2\/product"}],"about":[{"href":"https:\/\/netcarjogsi.hu\/sopron\/wp-json\/wp\/v2\/types\/product"}],"version-history":[{"count":2,"href":"https:\/\/netcarjogsi.hu\/sopron\/wp-json\/wp\/v2\/product\/551\/revisions"}],"predecessor-version":[{"id":1496,"href":"https:\/\/netcarjogsi.hu\/sopron\/wp-json\/wp\/v2\/product\/551\/revisions\/1496"}],"wp:featuredmedia":[{"embeddable":true,"href":"https:\/\/netcarjogsi.hu\/sopron\/wp-json\/wp\/v2\/media\/552"}],"wp:attachment":[{"href":"https:\/\/netcarjogsi.hu\/sopron\/wp-json\/wp\/v2\/media?parent=551"}],"wp:term":[{"taxonomy":"product_brand","embeddable":true,"href":"https:\/\/netcarjogsi.hu\/sopron\/wp-json\/wp\/v2\/product_brand?post=551"},{"taxonomy":"product_cat","embeddable":true,"href":"https:\/\/netcarjogsi.hu\/sopron\/wp-json\/wp\/v2\/product_cat?post=551"},{"taxonomy":"product_tag","embeddable":true,"href":"https:\/\/netcarjogsi.hu\/sopron\/wp-json\/wp\/v2\/product_tag?post=551"}],"curies":[{"name":"wp","href":"https:\/\/api.w.org\/{rel}","templated":true}]}}