{"id":132,"date":"2025-03-28T11:57:17","date_gmt":"2025-03-28T10:57:17","guid":{"rendered":"https:\/\/netcarjogsi.hu\/tatabanya\/vizsgamentes-gki-kepzes\/"},"modified":"2025-05-26T15:51:57","modified_gmt":"2025-05-26T13:51:57","slug":"vizsgamentes-gki-kepzes","status":"publish","type":"page","link":"https:\/\/netcarjogsi.hu\/tatabanya\/vizsgamentes-gki-kepzes\/","title":{"rendered":"Vizsgamentes GKI k\u00e9pz\u00e9s"},"content":{"rendered":"\t\t<div data-elementor-type=\"wp-page\" data-elementor-id=\"132\" class=\"elementor elementor-132\">\n\t\t\t\t<div class=\"aux-parallax-section elementor-element elementor-element-05f4d8f e-flex e-con-boxed e-con e-parent\" data-id=\"05f4d8f\" data-element_type=\"container\">\n\t\t\t\t\t<div class=\"e-con-inner\">\n\t\t<div class=\"elementor-element elementor-element-63b2968 e-con-full e-flex e-con e-child\" data-id=\"63b2968\" data-element_type=\"container\">\n\t\t\t\t<div class=\"elementor-element elementor-element-a4e7db8 elementor-widget elementor-widget-text-editor\" data-id=\"a4e7db8\" data-element_type=\"widget\" data-widget_type=\"text-editor.default\">\n\t\t\t\t<div class=\"elementor-widget-container\">\n\t\t\t\t\t\t\t\t\t<p><strong>GKI k\u00e1rty\u00e1t vizsgamentesen csak az szerezhet, akinek az adott (megszerezni k\u00edv\u00e1nt) kateg\u00f3ri\u00e1ban m\u00e1r volt GKI k\u00e1rty\u00e1ja.<\/strong><\/p><p>A k\u00e1rty\u00e1t k\u00e9tf\u00e9lek\u00e9ppen lehet megszerezni:<\/p><p><strong>Tantermi k\u00e9pz\u00e9s<\/strong> keret\u00e9ben, ahol k\u00f6telez\u0151en 30 \u00f3r\u00e1t kell a k\u00e9pz\u00e9sben r\u00e9szt venni, err\u0151l hi\u00e1nyozni nem lehet. Ezt az \u00f3rasz\u00e1mot napi 10 \u00f3r\u00e1ban, (3 nap x 10 \u00f3ra) tudjuk megtartani.<\/p><p><strong>Online (e-learning)<\/strong> form\u00e1ban, mely a vil\u00e1g b\u00e1rmely pontj\u00e1n, internet el\u00e9rhet\u0151s\u00e9ggel elv\u00e9gezhet\u0151, melyhez az el\u00e9rhet\u0151s\u00e9get aut\u00f3siskol\u00e1nk megadja. A teljes \u00f3rasz\u00e1m: 5 \u00f3ra.<\/p><p><strong>K\u00e9pz\u00e9shez sz\u00fcks\u00e9ges:<\/strong><\/p><p>B\u00e1rmelyik telephely\u00fcnk\u00f6n lehet\u0151s\u00e9ge van a jelentkez\u00e9sre.<\/p><p>Jelentkez\u00e9skor k\u00e9rj\u00fck hozza mag\u00e1val:<\/p><p>&#8211; szem\u00e9ly azonos\u00edt\u00f3 igazolv\u00e1ny<br \/>&#8211; lakc\u00edmet igazol\u00f3 hat\u00f3s\u00e1gi igazolv\u00e1ny<br \/>&#8211; vezet\u0151i enged\u00e9ly<br \/>&#8211; GKI k\u00e1rtya<br \/>&#8211; 1 db szabv\u00e1ny (3 x 4 cm) igazolv\u00e1ny f\u00e9nyk\u00e9p.<\/p><p>A tanfolyam elv\u00e9gz\u00e9se ut\u00e1n (ak\u00e1r tantermi, ak\u00e1r online), k\u00f6vetkezik a tanul\u00f3 hat\u00f3s\u00e1gi iktat\u00e1sa &#8211; kb. 2-3 h\u00e9t &#8211; melyet k\u00f6vet\u0151en ker\u00fclhet sor a 5 \u00f3r\u00e1s szimul\u00e1toros oktat\u00e1sra. Erre jelenleg Gy\u0151rben,Tatab\u00e1ny\u00e1n van lehet\u0151s\u00e9g.<\/p>\t\t\t\t\t\t\t\t<\/div>\n\t\t\t\t<\/div>\n\t\t\t\t<\/div>\n\t\t<div class=\"elementor-element elementor-element-64cc234 e-con-full elementor-hidden-mobile e-flex e-con e-child\" data-id=\"64cc234\" data-element_type=\"container\">\n\t\t\t\t<div class=\"aux-scroll-anim elementor-element elementor-element-c432840 elementor-widget elementor-widget-aux_image\" data-move-in=\"moveVertical\" data-move-out=\"moveVertical\" data-axis-x=\"200\" data-axis-y=\"20\" data-rotate=\"90\" data-scale=\"1\" data-vp-top=\"0.5\" data-vp-bot=\"0.5\" data-el-top=\"0.2\" data-scroll-animation-off=\"1024\" data-id=\"c432840\" data-element_type=\"widget\" data-widget_type=\"aux_image.default\">\n\t\t\t\t<div class=\"elementor-widget-container\">\n\t\t\t\t\t<section class=\"widget-container aux-widget-image aux-alignnone aux-parent-aud898241a\">\n    <div class=\"aux-media-hint-frame \">\n        <div class=\"aux-media-image \" >\n        \n            \n\n            \n            <img fetchpriority=\"high\" decoding=\"async\" width=\"768\" height=\"768\" src=\"https:\/\/netcarjogsi.hu\/tatabanya\/wp-content\/uploads\/sites\/7\/2025\/05\/vizsgamentes_gki_kepzes-1-scaled-1-40x40.jpg\" class=\"aux-attachment aux-featured-image aux-attachment-id-432 aux-preload aux-has-preview\" alt=\"NeTcar Aut\u00f3siskola Tatab\u00e1nya vizsgamentes GKI k\u00e9pz\u00e9s\" data-ratio=\"1\" data-original-w=\"1435\" sizes=\"auto\" data-srcset=\"https:\/\/netcarjogsi.hu\/tatabanya\/wp-content\/uploads\/sites\/7\/2025\/05\/vizsgamentes_gki_kepzes-1-scaled-1-150x150.jpg 150w,https:\/\/netcarjogsi.hu\/tatabanya\/wp-content\/uploads\/sites\/7\/2025\/05\/vizsgamentes_gki_kepzes-1-scaled-1-300x300.jpg 300w,https:\/\/netcarjogsi.hu\/tatabanya\/wp-content\/uploads\/sites\/7\/2025\/05\/vizsgamentes_gki_kepzes-1-scaled-1-768x768.jpg 768w,https:\/\/netcarjogsi.hu\/tatabanya\/wp-content\/uploads\/sites\/7\/2025\/05\/vizsgamentes_gki_kepzes-1-scaled-1-1024x1024.jpg 1024w,https:\/\/netcarjogsi.hu\/tatabanya\/wp-content\/uploads\/sites\/7\/2025\/05\/vizsgamentes_gki_kepzes-1-scaled-1-768x768.jpg 768w\" data-src=\"https:\/\/netcarjogsi.hu\/tatabanya\/wp-content\/uploads\/sites\/7\/2025\/05\/vizsgamentes_gki_kepzes-1-scaled-1-768x768.jpg\" \/>            \n                <\/div>\n    <\/div>\n\n<\/section><!-- widget-container -->\t\t\t\t<\/div>\n\t\t\t\t<\/div>\n\t\t\t\t<\/div>\n\t\t\t\t\t<\/div>\n\t\t\t\t<\/div>\n\t\t<div class=\"aux-parallax-section elementor-element elementor-element-0ca81c0 e-flex e-con-boxed e-con e-parent\" data-id=\"0ca81c0\" data-element_type=\"container\">\n\t\t\t\t\t<div class=\"e-con-inner\">\n\t\t\t\t<div class=\"elementor-element elementor-element-c23ad40 aux-appear-watch-animation aux-fade-in-up elementor-widget elementor-widget-aux_modern_heading\" data-id=\"c23ad40\" data-element_type=\"widget\" data-widget_type=\"aux_modern_heading.default\">\n\t\t\t\t<div class=\"elementor-widget-container\">\n\t\t\t\t\t<section class=\"aux-widget-modern-heading\">\n            <div class=\"aux-widget-inner\"><div class=\"aux-modern-heading-divider\"><\/div><h4 class=\"aux-modern-heading-primary\">Vizsgamentes GKI k\u00e9pz\u00e9s d\u00edjak<\/h4><\/div>\n        <\/section>\t\t\t\t<\/div>\n\t\t\t\t<\/div>\n\t\t\t\t<div class=\"elementor-element elementor-element-b597dcf elementor-widget elementor-widget-shortcode\" data-id=\"b597dcf\" data-element_type=\"widget\" data-widget_type=\"shortcode.default\">\n\t\t\t\t<div class=\"elementor-widget-container\">\n\t\t\t\t\t\t\t<div class=\"elementor-shortcode\">\n<table id=\"tablepress-3\" class=\"tablepress tablepress-id-3\" aria-describedby=\"tablepress-3-description\">\n<thead>\n<tr class=\"row-1\">\n\t<th class=\"column-1\">Online vizsgamentes GKI k\u00e9pz\u00e9si d\u00edjak<\/th><th class=\"column-2\">Elm\u00e9let<\/th><th class=\"column-3\">K\u00f6zleked\u00e9si fel\u00fcgyeleti d\u00edj<\/th><th class=\"column-4\">3+2 \u00f3ra szimul\u00e1tor<\/th><th class=\"column-5\">\u00d6sszesen<\/th>\n<\/tr>\n<\/thead>\n<tbody class=\"row-striping row-hover\">\n<tr class=\"row-2\">\n\t<td class=\"column-1\">Teherg\u00e9pkocsi<\/td><td class=\"column-2\">50.000 Ft<\/td><td class=\"column-3\">34.200 Ft*<\/td><td class=\"column-4\">35.000 Ft<\/td><td class=\"column-5\">119.200 Ft<\/td>\n<\/tr>\n<tr class=\"row-3\">\n\t<td class=\"column-1\">Aut\u00f3busz<\/td><td class=\"column-2\">50.000 Ft<\/td><td class=\"column-3\">34.200 Ft*<\/td><td class=\"column-4\">35.000 Ft<\/td><td class=\"column-5\">119.200 Ft<\/td>\n<\/tr>\n<tr class=\"row-4\">\n\t<td class=\"column-1\">Aut\u00f3buszvezet\u0151i \u00e9s tehetg\u00e9pkocsi-vezet\u0151i \u00f6sszevont tov\u00e1bbk\u00e9pz\u00e9s<\/td><td class=\"column-2\">75.000 Ft<\/td><td class=\"column-3\">45.600 Ft*<\/td><td class=\"column-4\">35.000 Ft<\/td><td class=\"column-5\">155.600 Ft<\/td>\n<\/tr>\n<\/tbody>\n<\/table>\n<span id=\"tablepress-3-description\" class=\"tablepress-table-description tablepress-table-description-id-3\">2024. Febru\u00e1r 3-t\u00f3l<br \/>\n*GKI k\u00e1rtya d\u00edjat nem tartalmazza<br \/>\nGKI k\u00e1rtya d\u00edja:16.100 Ft<\/span>\n<!-- #tablepress-3 from cache --><\/div>\n\t\t\t\t\t\t<\/div>\n\t\t\t\t<\/div>\n\t\t\t\t<div class=\"elementor-element elementor-element-a641e7a elementor-widget elementor-widget-shortcode\" data-id=\"a641e7a\" data-element_type=\"widget\" data-widget_type=\"shortcode.default\">\n\t\t\t\t<div class=\"elementor-widget-container\">\n\t\t\t\t\t\t\t<div class=\"elementor-shortcode\">\n<table id=\"tablepress-4\" class=\"tablepress tablepress-id-4\" aria-describedby=\"tablepress-4-description\">\n<thead>\n<tr class=\"row-1\">\n\t<th class=\"column-1\">Tantermi vizsgamentes GKI k\u00e9pz\u00e9si d\u00edjak<\/th><th class=\"column-2\">Elm\u00e9let<\/th><th class=\"column-3\">K\u00f6zleked\u00e9si fel\u00fcgyeleti d\u00edj<\/th><th class=\"column-4\">3+2 \u00f3ra szimul\u00e1tor<\/th><th class=\"column-5\">\u00d6sszesen<\/th>\n<\/tr>\n<\/thead>\n<tbody class=\"row-striping row-hover\">\n<tr class=\"row-2\">\n\t<td class=\"column-1\">Teherg\u00e9pkocsi<\/td><td class=\"column-2\">65.000 Ft<\/td><td class=\"column-3\">34.200 Ft*<\/td><td class=\"column-4\">35.000 Ft<\/td><td class=\"column-5\">134.200 Ft<\/td>\n<\/tr>\n<tr class=\"row-3\">\n\t<td class=\"column-1\">Aut\u00f3busz<\/td><td class=\"column-2\">65.000 Ft<\/td><td class=\"column-3\">34.200 Ft*<\/td><td class=\"column-4\">35.000 Ft<\/td><td class=\"column-5\">134.200 Ft<\/td>\n<\/tr>\n<tr class=\"row-4\">\n\t<td class=\"column-1\">Aut\u00f3buszvezet\u0151i \u00e9s tehetg\u00e9pkocsi-vezet\u0151i \u00f6sszevont tov\u00e1bbk\u00e9pz\u00e9s<\/td><td class=\"column-2\">90.000 Ft<\/td><td class=\"column-3\">45.600 Ft*<\/td><td class=\"column-4\">35.000 Ft<\/td><td class=\"column-5\">170.600 Ft<\/td>\n<\/tr>\n<\/tbody>\n<\/table>\n<span id=\"tablepress-4-description\" class=\"tablepress-table-description tablepress-table-description-id-4\">2024. Febru\u00e1r 3-t\u00f3l<br \/>\n*GKI k\u00e1rtya d\u00edjat nem tartalmazza<br \/>\nGKI k\u00e1rtya d\u00edja:16.100 Ft<\/span>\n<!-- #tablepress-4 from cache --><\/div>\n\t\t\t\t\t\t<\/div>\n\t\t\t\t<\/div>\n\t\t\t\t\t<\/div>\n\t\t\t\t<\/div>\n\t\t\t\t<\/div>\n\t\t","protected":false},"excerpt":{"rendered":"<p>GKI k\u00e1rty\u00e1t vizsgamentesen csak az szerezhet, akinek az adott (megszerezni k\u00edv\u00e1nt) kateg\u00f3ri\u00e1ban m\u00e1r volt GKI k\u00e1rty\u00e1ja. A k\u00e1rty\u00e1t k\u00e9tf\u00e9lek\u00e9ppen lehet megszerezni: Tantermi k\u00e9pz\u00e9s keret\u00e9ben, ahol k\u00f6telez\u0151en 30 \u00f3r\u00e1t kell a k\u00e9pz\u00e9sben r\u00e9szt venni, err\u0151l hi\u00e1nyozni nem lehet. Ezt az \u00f3rasz\u00e1mot napi 10 \u00f3r\u00e1ban, (3 nap x 10 \u00f3ra) tudjuk megtartani. Online (e-learning) form\u00e1ban, mely a [&hellip;]<\/p>\n","protected":false},"author":1,"featured_media":133,"parent":0,"menu_order":0,"comment_status":"closed","ping_status":"closed","template":"","meta":{"footnotes":""},"class_list":["post-132","page","type-page","status-publish","has-post-thumbnail","hentry"],"yoast_head":"<!-- This site is optimized with the Yoast SEO plugin v25.4 - https:\/\/yoast.com\/wordpress\/plugins\/seo\/ -->\n<title>Vizsgamentes GKI k\u00e9pz\u00e9s - NeTcar Aut\u00f3siskola Tatab\u00e1nya<\/title>\n<meta name=\"description\" content=\"V\u00e1lassza a vizsgamentes GKI tov\u00e1bbk\u00e9pz\u00e9st a Netcar Aut\u00f3siskol\u00e1ban Tatab\u00e1ny\u00e1n! Hat\u00e9kony megold\u00e1s teherg\u00e9pkocsi- \u00e9s aut\u00f3busz-vezet\u0151k sz\u00e1m\u00e1ra\" \/>\n<meta name=\"robots\" content=\"index, follow, max-snippet:-1, max-image-preview:large, max-video-preview:-1\" \/>\n<link rel=\"canonical\" href=\"https:\/\/netcarjogsi.hu\/tatabanya\/vizsgamentes-gki-kepzes\/\" \/>\n<meta property=\"og:locale\" content=\"hu_HU\" \/>\n<meta property=\"og:type\" content=\"article\" \/>\n<meta property=\"og:title\" content=\"vizsgamentes GKI k\u00e9pz\u00e9s netcar tatab\u00e1nya\" \/>\n<meta property=\"og:description\" content=\"V\u00e1lassza a vizsgamentes GKI tov\u00e1bbk\u00e9pz\u00e9st a Netcar Aut\u00f3siskol\u00e1ban Tatab\u00e1nya! Hat\u00e9kony megold\u00e1s teherg\u00e9pkocsi- \u00e9s aut\u00f3busz-vezet\u0151k sz\u00e1m\u00e1ra\" \/>\n<meta property=\"og:url\" content=\"https:\/\/netcarjogsi.hu\/tatabanya\/vizsgamentes-gki-kepzes\/\" \/>\n<meta property=\"og:site_name\" content=\"NeTcar Aut\u00f3siskola Tatab\u00e1nya\" \/>\n<meta property=\"article:modified_time\" content=\"2025-05-26T13:51:57+00:00\" \/>\n<meta property=\"og:image\" content=\"https:\/\/netcarjogsi.hu\/tatabanya\/wp-content\/uploads\/sites\/7\/2025\/04\/D_kat.png\" \/>\n\t<meta property=\"og:image:width\" content=\"1200\" \/>\n\t<meta property=\"og:image:height\" content=\"680\" \/>\n\t<meta property=\"og:image:type\" content=\"image\/png\" \/>\n<meta name=\"twitter:card\" content=\"summary_large_image\" \/>\n<meta name=\"twitter:label1\" content=\"Becs\u00fclt olvas\u00e1si id\u0151\" \/>\n\t<meta name=\"twitter:data1\" content=\"1 perc\" \/>\n<script type=\"application\/ld+json\" class=\"yoast-schema-graph\">{\"@context\":\"https:\/\/schema.org\",\"@graph\":[{\"@type\":\"WebPage\",\"@id\":\"https:\/\/netcarjogsi.hu\/tatabanya\/vizsgamentes-gki-kepzes\/\",\"url\":\"https:\/\/netcarjogsi.hu\/tatabanya\/vizsgamentes-gki-kepzes\/\",\"name\":\"Vizsgamentes GKI k\u00e9pz\u00e9s - NeTcar Aut\u00f3siskola Tatab\u00e1nya\",\"isPartOf\":{\"@id\":\"https:\/\/netcarjogsi.hu\/tatabanya\/#website\"},\"primaryImageOfPage\":{\"@id\":\"https:\/\/netcarjogsi.hu\/tatabanya\/vizsgamentes-gki-kepzes\/#primaryimage\"},\"image\":{\"@id\":\"https:\/\/netcarjogsi.hu\/tatabanya\/vizsgamentes-gki-kepzes\/#primaryimage\"},\"thumbnailUrl\":\"https:\/\/netcarjogsi.hu\/tatabanya\/wp-content\/uploads\/sites\/7\/2025\/04\/D_kat.png\",\"datePublished\":\"2025-03-28T10:57:17+00:00\",\"dateModified\":\"2025-05-26T13:51:57+00:00\",\"description\":\"V\u00e1lassza a vizsgamentes GKI tov\u00e1bbk\u00e9pz\u00e9st a Netcar Aut\u00f3siskol\u00e1ban Tatab\u00e1ny\u00e1n! Hat\u00e9kony megold\u00e1s teherg\u00e9pkocsi- \u00e9s aut\u00f3busz-vezet\u0151k sz\u00e1m\u00e1ra\",\"breadcrumb\":{\"@id\":\"https:\/\/netcarjogsi.hu\/tatabanya\/vizsgamentes-gki-kepzes\/#breadcrumb\"},\"inLanguage\":\"hu\",\"potentialAction\":[{\"@type\":\"ReadAction\",\"target\":[\"https:\/\/netcarjogsi.hu\/tatabanya\/vizsgamentes-gki-kepzes\/\"]}]},{\"@type\":\"ImageObject\",\"inLanguage\":\"hu\",\"@id\":\"https:\/\/netcarjogsi.hu\/tatabanya\/vizsgamentes-gki-kepzes\/#primaryimage\",\"url\":\"https:\/\/netcarjogsi.hu\/tatabanya\/wp-content\/uploads\/sites\/7\/2025\/04\/D_kat.png\",\"contentUrl\":\"https:\/\/netcarjogsi.hu\/tatabanya\/wp-content\/uploads\/sites\/7\/2025\/04\/D_kat.png\",\"width\":1200,\"height\":680,\"caption\":\"D kateg\u00f3ri\u00e1s jogos\u00edtv\u00e1ny a Netcar Aut\u00f3siskol\u00e1ban Sopronban\"},{\"@type\":\"BreadcrumbList\",\"@id\":\"https:\/\/netcarjogsi.hu\/tatabanya\/vizsgamentes-gki-kepzes\/#breadcrumb\",\"itemListElement\":[{\"@type\":\"ListItem\",\"position\":1,\"name\":\"Kezd\u0151lap\",\"item\":\"https:\/\/netcarjogsi.hu\/tatabanya\/\"},{\"@type\":\"ListItem\",\"position\":2,\"name\":\"Vizsgamentes GKI k\u00e9pz\u00e9s\"}]},{\"@type\":\"WebSite\",\"@id\":\"https:\/\/netcarjogsi.hu\/tatabanya\/#website\",\"url\":\"https:\/\/netcarjogsi.hu\/tatabanya\/\",\"name\":\"NeTcar Aut\u00f3siskola Tatab\u00e1nya\",\"description\":\"Jogos\u00edtv\u00e1nyszerz\u00e9s minden kateg\u00f3ri\u00e1ban Tatab\u00e1ny\u00e1n.\",\"publisher\":{\"@id\":\"https:\/\/netcarjogsi.hu\/tatabanya\/#organization\"},\"potentialAction\":[{\"@type\":\"SearchAction\",\"target\":{\"@type\":\"EntryPoint\",\"urlTemplate\":\"https:\/\/netcarjogsi.hu\/tatabanya\/?s={search_term_string}\"},\"query-input\":{\"@type\":\"PropertyValueSpecification\",\"valueRequired\":true,\"valueName\":\"search_term_string\"}}],\"inLanguage\":\"hu\"},{\"@type\":\"Organization\",\"@id\":\"https:\/\/netcarjogsi.hu\/tatabanya\/#organization\",\"name\":\"NeTcar Aut\u00f3siskola Tatab\u00e1nya\",\"url\":\"https:\/\/netcarjogsi.hu\/tatabanya\/\",\"logo\":{\"@type\":\"ImageObject\",\"inLanguage\":\"hu\",\"@id\":\"https:\/\/netcarjogsi.hu\/tatabanya\/#\/schema\/logo\/image\/\",\"url\":\"https:\/\/netcarjogsi.hu\/tatabanya\/wp-content\/uploads\/sites\/7\/2025\/05\/logo_150px.png\",\"contentUrl\":\"https:\/\/netcarjogsi.hu\/tatabanya\/wp-content\/uploads\/sites\/7\/2025\/05\/logo_150px.png\",\"width\":150,\"height\":57,\"caption\":\"NeTcar Aut\u00f3siskola Tatab\u00e1nya\"},\"image\":{\"@id\":\"https:\/\/netcarjogsi.hu\/tatabanya\/#\/schema\/logo\/image\/\"}}]}<\/script>\n<!-- \/ Yoast SEO plugin. -->","yoast_head_json":{"title":"Vizsgamentes GKI k\u00e9pz\u00e9s - NeTcar Aut\u00f3siskola Tatab\u00e1nya","description":"V\u00e1lassza a vizsgamentes GKI tov\u00e1bbk\u00e9pz\u00e9st a Netcar Aut\u00f3siskol\u00e1ban Tatab\u00e1ny\u00e1n! Hat\u00e9kony megold\u00e1s teherg\u00e9pkocsi- \u00e9s aut\u00f3busz-vezet\u0151k sz\u00e1m\u00e1ra","robots":{"index":"index","follow":"follow","max-snippet":"max-snippet:-1","max-image-preview":"max-image-preview:large","max-video-preview":"max-video-preview:-1"},"canonical":"https:\/\/netcarjogsi.hu\/tatabanya\/vizsgamentes-gki-kepzes\/","og_locale":"hu_HU","og_type":"article","og_title":"vizsgamentes GKI k\u00e9pz\u00e9s netcar tatab\u00e1nya","og_description":"V\u00e1lassza a vizsgamentes GKI tov\u00e1bbk\u00e9pz\u00e9st a Netcar Aut\u00f3siskol\u00e1ban Tatab\u00e1nya! Hat\u00e9kony megold\u00e1s teherg\u00e9pkocsi- \u00e9s aut\u00f3busz-vezet\u0151k sz\u00e1m\u00e1ra","og_url":"https:\/\/netcarjogsi.hu\/tatabanya\/vizsgamentes-gki-kepzes\/","og_site_name":"NeTcar Aut\u00f3siskola Tatab\u00e1nya","article_modified_time":"2025-05-26T13:51:57+00:00","og_image":[{"width":1200,"height":680,"url":"https:\/\/netcarjogsi.hu\/tatabanya\/wp-content\/uploads\/sites\/7\/2025\/04\/D_kat.png","type":"image\/png"}],"twitter_card":"summary_large_image","twitter_misc":{"Becs\u00fclt olvas\u00e1si id\u0151":"1 perc"},"schema":{"@context":"https:\/\/schema.org","@graph":[{"@type":"WebPage","@id":"https:\/\/netcarjogsi.hu\/tatabanya\/vizsgamentes-gki-kepzes\/","url":"https:\/\/netcarjogsi.hu\/tatabanya\/vizsgamentes-gki-kepzes\/","name":"Vizsgamentes GKI k\u00e9pz\u00e9s - NeTcar Aut\u00f3siskola Tatab\u00e1nya","isPartOf":{"@id":"https:\/\/netcarjogsi.hu\/tatabanya\/#website"},"primaryImageOfPage":{"@id":"https:\/\/netcarjogsi.hu\/tatabanya\/vizsgamentes-gki-kepzes\/#primaryimage"},"image":{"@id":"https:\/\/netcarjogsi.hu\/tatabanya\/vizsgamentes-gki-kepzes\/#primaryimage"},"thumbnailUrl":"https:\/\/netcarjogsi.hu\/tatabanya\/wp-content\/uploads\/sites\/7\/2025\/04\/D_kat.png","datePublished":"2025-03-28T10:57:17+00:00","dateModified":"2025-05-26T13:51:57+00:00","description":"V\u00e1lassza a vizsgamentes GKI tov\u00e1bbk\u00e9pz\u00e9st a Netcar Aut\u00f3siskol\u00e1ban Tatab\u00e1ny\u00e1n! Hat\u00e9kony megold\u00e1s teherg\u00e9pkocsi- \u00e9s aut\u00f3busz-vezet\u0151k sz\u00e1m\u00e1ra","breadcrumb":{"@id":"https:\/\/netcarjogsi.hu\/tatabanya\/vizsgamentes-gki-kepzes\/#breadcrumb"},"inLanguage":"hu","potentialAction":[{"@type":"ReadAction","target":["https:\/\/netcarjogsi.hu\/tatabanya\/vizsgamentes-gki-kepzes\/"]}]},{"@type":"ImageObject","inLanguage":"hu","@id":"https:\/\/netcarjogsi.hu\/tatabanya\/vizsgamentes-gki-kepzes\/#primaryimage","url":"https:\/\/netcarjogsi.hu\/tatabanya\/wp-content\/uploads\/sites\/7\/2025\/04\/D_kat.png","contentUrl":"https:\/\/netcarjogsi.hu\/tatabanya\/wp-content\/uploads\/sites\/7\/2025\/04\/D_kat.png","width":1200,"height":680,"caption":"D kateg\u00f3ri\u00e1s jogos\u00edtv\u00e1ny a Netcar Aut\u00f3siskol\u00e1ban Sopronban"},{"@type":"BreadcrumbList","@id":"https:\/\/netcarjogsi.hu\/tatabanya\/vizsgamentes-gki-kepzes\/#breadcrumb","itemListElement":[{"@type":"ListItem","position":1,"name":"Kezd\u0151lap","item":"https:\/\/netcarjogsi.hu\/tatabanya\/"},{"@type":"ListItem","position":2,"name":"Vizsgamentes GKI k\u00e9pz\u00e9s"}]},{"@type":"WebSite","@id":"https:\/\/netcarjogsi.hu\/tatabanya\/#website","url":"https:\/\/netcarjogsi.hu\/tatabanya\/","name":"NeTcar Aut\u00f3siskola Tatab\u00e1nya","description":"Jogos\u00edtv\u00e1nyszerz\u00e9s minden kateg\u00f3ri\u00e1ban Tatab\u00e1ny\u00e1n.","publisher":{"@id":"https:\/\/netcarjogsi.hu\/tatabanya\/#organization"},"potentialAction":[{"@type":"SearchAction","target":{"@type":"EntryPoint","urlTemplate":"https:\/\/netcarjogsi.hu\/tatabanya\/?s={search_term_string}"},"query-input":{"@type":"PropertyValueSpecification","valueRequired":true,"valueName":"search_term_string"}}],"inLanguage":"hu"},{"@type":"Organization","@id":"https:\/\/netcarjogsi.hu\/tatabanya\/#organization","name":"NeTcar Aut\u00f3siskola Tatab\u00e1nya","url":"https:\/\/netcarjogsi.hu\/tatabanya\/","logo":{"@type":"ImageObject","inLanguage":"hu","@id":"https:\/\/netcarjogsi.hu\/tatabanya\/#\/schema\/logo\/image\/","url":"https:\/\/netcarjogsi.hu\/tatabanya\/wp-content\/uploads\/sites\/7\/2025\/05\/logo_150px.png","contentUrl":"https:\/\/netcarjogsi.hu\/tatabanya\/wp-content\/uploads\/sites\/7\/2025\/05\/logo_150px.png","width":150,"height":57,"caption":"NeTcar Aut\u00f3siskola Tatab\u00e1nya"},"image":{"@id":"https:\/\/netcarjogsi.hu\/tatabanya\/#\/schema\/logo\/image\/"}}]}},"publishpress_future_action":{"enabled":false,"date":"2026-04-26 14:23:02","action":"change-status","newStatus":"draft","terms":[],"taxonomy":""},"publishpress_future_workflow_manual_trigger":{"enabledWorkflows":[]},"_links":{"self":[{"href":"https:\/\/netcarjogsi.hu\/tatabanya\/wp-json\/wp\/v2\/pages\/132","targetHints":{"allow":["GET"]}}],"collection":[{"href":"https:\/\/netcarjogsi.hu\/tatabanya\/wp-json\/wp\/v2\/pages"}],"about":[{"href":"https:\/\/netcarjogsi.hu\/tatabanya\/wp-json\/wp\/v2\/types\/page"}],"author":[{"embeddable":true,"href":"https:\/\/netcarjogsi.hu\/tatabanya\/wp-json\/wp\/v2\/users\/1"}],"replies":[{"embeddable":true,"href":"https:\/\/netcarjogsi.hu\/tatabanya\/wp-json\/wp\/v2\/comments?post=132"}],"version-history":[{"count":4,"href":"https:\/\/netcarjogsi.hu\/tatabanya\/wp-json\/wp\/v2\/pages\/132\/revisions"}],"predecessor-version":[{"id":438,"href":"https:\/\/netcarjogsi.hu\/tatabanya\/wp-json\/wp\/v2\/pages\/132\/revisions\/438"}],"wp:featuredmedia":[{"embeddable":true,"href":"https:\/\/netcarjogsi.hu\/tatabanya\/wp-json\/wp\/v2\/media\/133"}],"wp:attachment":[{"href":"https:\/\/netcarjogsi.hu\/tatabanya\/wp-json\/wp\/v2\/media?parent=132"}],"curies":[{"name":"wp","href":"https:\/\/api.w.org\/{rel}","templated":true}]}}