{"id":213,"date":"2025-05-26T14:05:26","date_gmt":"2025-05-26T12:05:26","guid":{"rendered":"https:\/\/netcarjogsi.hu\/tatabanya\/?post_type=product&#038;p=213"},"modified":"2025-08-15T11:22:41","modified_gmt":"2025-08-15T09:22:41","slug":"am-kategoria","status":"publish","type":"product","link":"https:\/\/netcarjogsi.hu\/tatabanya\/kepzes\/am-kategoria\/","title":{"rendered":"AM kateg\u00f3ria"},"content":{"rendered":"<div class=\"aux-institute-author-wrapper\">\n<div class=\"aux-institute-author-img\"><img decoding=\"async\" class=\"alignnone size-full wp-image-1136\" src=\"https:\/\/netcarjogsi.hu\/sopron\/wp-content\/uploads\/sites\/2\/2025\/03\/AM_moped.png\" alt=\"\" width=\"200\" height=\"200\" \/><\/div>\n<div class=\"aux-institute-author-info\">\n<h3>Seg\u00e9dmotorker\u00e9kp\u00e1r-Vezet\u0151i (AM) tanfolyam<\/h3>\n<p>Szerezze meg AM kateg\u00f3ri\u00e1s jogos\u00edtv\u00e1ny\u00e1t a Netcar Aut\u00f3siskol\u00e1ban Tatab\u00e1ny\u00e1n! Kezdje el a robog\u00f3s k\u00f6zleked\u00e9st m\u00e1r 14 \u00e9ves kort\u00f3l profi oktat\u00f3kkal \u00e9s rugalmas tanfolyamokkal.<\/p>\n<\/div>\n<\/div>\n<div class=\"aux-institute-author-desc\">\n<h4>A tanfolyamon val\u00f3 r\u00e9szv\u00e9tel szem\u00e9lyi \u00e9s t\u00e1rgyi felt\u00e9telei:<\/h4>\n<p>&#8211; min13 \u00e9s f\u00e9l \u00e9ves \u00e9letkor<br \/>\n&#8211; a tanfolyamd\u00edj els\u0151 r\u00e9szlet\u00e9nek befizet\u00e9se,<br \/>\n&#8211; Szem\u00e9lyazonos\u00edt\u00f3 igazolv\u00e1ny \u00e9s Lakc\u00edmet igazol\u00f3 hat\u00f3s\u00e1gi igazolv\u00e1ny<\/p>\n<h4>Elm\u00e9leti vizsg\u00e1ra bocs\u00e1t\u00e1s felt\u00e9telei:<\/h4>\n<p>&#8211; bet\u00f6lt\u00f6tt 13 \u00e9s h\u00e1romnegyed \u00e9ves \u00e9letkor,<br \/>\n&#8211; az elm\u00e9leti tanfolyam elv\u00e9gz\u00e9se<br \/>\n&#8211; az elm\u00e9leti tanfolyam megkezd\u00e9se \u00f3ta eltelt id\u0151 kevesebb, mint 9 h\u00f3nap,<br \/>\n&#8211; elm\u00e9leti vizsgad\u00edj befizet\u00e9se (11.400,- Ft)<br \/>\n&#8211; al\u00e1\u00edrt jelentkez\u00e9si adatlap (fiatalkor\u00fa est\u00e9n sz\u00fcl\u0151i al\u00e1\u00edr\u00e1s is sz\u00fcks\u00e9ges)<\/p>\n<p>A tanfolyam megkezd\u00e9s\u00e9t\u0151l sz\u00e1m\u00edtott 9 h\u00f3napon bel\u00fcl elm\u00e9leti vizsg\u00e1ra kell mennie a tanul\u00f3nak, ami sikertelens\u00e9g eset\u00e9n \u00fajrapr\u00f3b\u00e1lhat\u00f3, de 12 h\u00f3napon bel\u00fcl sikeres elm\u00e9leti vizsg\u00e1t kell tennie. Ezeken a hat\u00e1rid\u0151k\u00f6n t\u00fal a tanul\u00f3 elm\u00e9leti vizsg\u00e1ra kiz\u00e1r\u00f3lag a tanfolyam megism\u00e9tl\u00e9s\u00e9t k\u00f6vet\u0151en jelenthet\u0151.<\/p>\n<p>Elm\u00e9leti vizsg\u00e1ra k\u00e9rj\u00fck, vigye mag\u00e1val:<\/p>\n<p>&#8211; \u00c9rv\u00e9nyes Szem\u00e9lyazonos\u00edt\u00f3 igazolv\u00e1ny \u00e9s Lakc\u00edmet igazol\u00f3 hat\u00f3s\u00e1gi igazolv\u00e1nyt<br \/>\n&#8211; Eredeti 8 \u00e1ltal\u00e1nos vagy legmagasabb iskolai bizony\u00edtv\u00e1ny<\/p>\n<p>A sikeres k\u00f6zleked\u00e9si alapismeretek vizsga 2 \u00e9vig \u00e9rv\u00e9nyes. Amennyiben a vizsg\u00e1z\u00f3 ez id\u0151 alatt a vizsg\u00e1kat sikeresen nem fejezi be, minden sikeres vizsg\u00e1ja \u00e9rv\u00e9ny\u00e9t veszti.<\/p>\n<p>A gyakorlati oktat\u00e1s a sikeres elm\u00e9leti vizsg\u00e1t k\u00f6vet\u0151en kezdhet\u0151 meg. A gyakorlati \u00f3r\u00e1k id\u0151pontj\u00e1t a szakoktat\u00f3val lehet egyeztetni.<\/p>\n<p>A gyakorlati \u00f3r\u00e1k id\u0151tartama 50 perc. Az alapoktat\u00e1sban egy nap max. 2 \u00f3ra vezet\u00e9s lehets\u00e9ges, f\u0151oktat\u00e1sban egy nap max. 2&#215;2 \u00f3ra, k\u00f6zte min. 1 \u00f3ra sz\u00fcnettel.<\/p>\n<p>Az 100 km el\u00e9r\u00e9se \u00e9s a k\u00f6telez\u0151 11 \u00f3ra gyakorlati oktat\u00e1s teljes\u00edt\u00e9s\u00e9t k\u00f6vet\u0151en, valamint sikertelen forgalmi vizsga eset\u00e9n a gyakorlati oktat\u00f3 tehet javaslatot tov\u00e1bbi sz\u00fcks\u00e9ges gyakorlati \u00f3r\u00e1kra.<\/p>\n<h4>Gyakorlati vizsg\u00e1ra bocs\u00e1t\u00e1s felt\u00e9telei:<\/h4>\n<p>&#8211; bet\u00f6lt\u00f6tt 14 \u00e9ves \u00e9letkor,<br \/>\n&#8211; a k\u00f6telez\u0151 \u00f3rasz\u00e1m (11 \u00f3ra) levezet\u00e9se \u00e9s az el\u0151\u00edrt menett\u00e1vols\u00e1g (100 km) teljes\u00edt\u00e9se,<br \/>\n&#8211; gyakorlati vizsgad\u00edj befizet\u00e9se (J\u00e1rm\u0171kezel\u00e9s: 7.800-, Forgalom:7.800,- Ft)<\/p>\n<p>A forgalmi vizsga id\u0151tartama 30 perc, ebb\u0151l 20 perc folyamatos vezet\u00e9s. A megadott id\u0151tartam mag\u00e1ban foglalja a vizsgabiztosoknak a vizsga menet\u00e9r\u0151l, valamint a vizsga \u00e9rt\u00e9kel\u00e9s\u00e9r\u0151l sz\u00f3l\u00f3 t\u00e1j\u00e9koztat\u00e1s\u00e1t.<\/p>\n<p>Az \u00f6t\u00f6dik sikertelen forgalmi vizsga ut\u00e1n P\u00c1V vizsg\u00e1lat k\u00f6telez\u0151.<\/p>\n<\/div>\n","protected":false},"excerpt":{"rendered":"<p>Moped vezet\u0151i k\u00e9pz\u00e9s a NeTcar Aut\u00f3siskol\u00e1ban!<\/p>\n","protected":false},"featured_media":233,"template":"","meta":[],"product_brand":[],"product_cat":[87],"product_tag":[79,82],"class_list":{"0":"post-213","1":"product","2":"type-product","3":"status-publish","4":"has-post-thumbnail","6":"product_cat-am","7":"product_tag-motorkerekpar","8":"product_tag-segedmotorkerekpar","10":"first","11":"instock","12":"shipping-taxable","13":"product-type-external"},"yoast_head":"<!-- This site is optimized with the Yoast SEO plugin v25.4 - https:\/\/yoast.com\/wordpress\/plugins\/seo\/ -->\n<title>AM kateg\u00f3ria - NeTcar Aut\u00f3siskola Tatab\u00e1nya<\/title>\n<meta name=\"description\" content=\"Szerezd meg AM kateg\u00f3ri\u00e1s jogos\u00edtv\u00e1nyodat a Netcar Aut\u00f3siskol\u00e1ban Tatab\u00e1ny\u00e1n! Kezdd el a robog\u00f3s k\u00f6zleked\u00e9st m\u00e1r 14 \u00e9ves kort\u00f3l.\" \/>\n<meta name=\"robots\" content=\"index, follow, max-snippet:-1, max-image-preview:large, max-video-preview:-1\" \/>\n<link rel=\"canonical\" href=\"https:\/\/netcarjogsi.hu\/tatabanya\/kepzes\/am-kategoria\/\" \/>\n<meta property=\"og:locale\" content=\"hu_HU\" \/>\n<meta property=\"og:type\" content=\"article\" \/>\n<meta property=\"og:title\" content=\"Seg\u00e9dmotorker\u00e9p\u00e1r-Vezet\u0151i (AM) tanfolyam NeTcar Tatab\u00e1nya\" \/>\n<meta property=\"og:description\" content=\"Szerezd meg AM kateg\u00f3ri\u00e1s jogos\u00edtv\u00e1nyodat a Netcar Aut\u00f3siskol\u00e1ban Tatab\u00e1ny\u00e1n! Kezdd el a robog\u00f3s k\u00f6zleked\u00e9st m\u00e1r 14 \u00e9ves kort\u00f3l.\" \/>\n<meta property=\"og:url\" content=\"https:\/\/netcarjogsi.hu\/tatabanya\/kepzes\/am-kategoria\/\" \/>\n<meta property=\"og:site_name\" content=\"NeTcar Aut\u00f3siskola Tatab\u00e1nya\" \/>\n<meta property=\"article:modified_time\" content=\"2025-08-15T09:22:41+00:00\" \/>\n<meta name=\"twitter:card\" content=\"summary_large_image\" \/>\n<meta name=\"twitter:image\" content=\"https:\/\/netcarjogsi.hu\/tatabanya\/wp-content\/uploads\/sites\/7\/2025\/05\/AM_kateg.png\" \/>\n<meta name=\"twitter:label1\" content=\"Becs\u00fclt olvas\u00e1si id\u0151\" \/>\n\t<meta name=\"twitter:data1\" content=\"3 perc\" \/>\n<script type=\"application\/ld+json\" class=\"yoast-schema-graph\">{\"@context\":\"https:\/\/schema.org\",\"@graph\":[{\"@type\":\"WebPage\",\"@id\":\"https:\/\/netcarjogsi.hu\/tatabanya\/kepzes\/am-kategoria\/\",\"url\":\"https:\/\/netcarjogsi.hu\/tatabanya\/kepzes\/am-kategoria\/\",\"name\":\"AM kateg\u00f3ria - NeTcar Aut\u00f3siskola Tatab\u00e1nya\",\"isPartOf\":{\"@id\":\"https:\/\/netcarjogsi.hu\/tatabanya\/#website\"},\"primaryImageOfPage\":{\"@id\":\"https:\/\/netcarjogsi.hu\/tatabanya\/kepzes\/am-kategoria\/#primaryimage\"},\"image\":{\"@id\":\"https:\/\/netcarjogsi.hu\/tatabanya\/kepzes\/am-kategoria\/#primaryimage\"},\"thumbnailUrl\":\"https:\/\/netcarjogsi.hu\/tatabanya\/wp-content\/uploads\/sites\/7\/2025\/05\/AM_kateg.png\",\"datePublished\":\"2025-05-26T12:05:26+00:00\",\"dateModified\":\"2025-08-15T09:22:41+00:00\",\"description\":\"Szerezd meg AM kateg\u00f3ri\u00e1s jogos\u00edtv\u00e1nyodat a Netcar Aut\u00f3siskol\u00e1ban Tatab\u00e1ny\u00e1n! Kezdd el a robog\u00f3s k\u00f6zleked\u00e9st m\u00e1r 14 \u00e9ves kort\u00f3l.\",\"breadcrumb\":{\"@id\":\"https:\/\/netcarjogsi.hu\/tatabanya\/kepzes\/am-kategoria\/#breadcrumb\"},\"inLanguage\":\"hu\",\"potentialAction\":[{\"@type\":\"ReadAction\",\"target\":[\"https:\/\/netcarjogsi.hu\/tatabanya\/kepzes\/am-kategoria\/\"]}]},{\"@type\":\"ImageObject\",\"inLanguage\":\"hu\",\"@id\":\"https:\/\/netcarjogsi.hu\/tatabanya\/kepzes\/am-kategoria\/#primaryimage\",\"url\":\"https:\/\/netcarjogsi.hu\/tatabanya\/wp-content\/uploads\/sites\/7\/2025\/05\/AM_kateg.png\",\"contentUrl\":\"https:\/\/netcarjogsi.hu\/tatabanya\/wp-content\/uploads\/sites\/7\/2025\/05\/AM_kateg.png\",\"width\":1200,\"height\":680,\"caption\":\"NeTcar Aut\u00f3siskola Tatab\u00e1nya AM jogos\u00edtv\u00e1ny\"},{\"@type\":\"BreadcrumbList\",\"@id\":\"https:\/\/netcarjogsi.hu\/tatabanya\/kepzes\/am-kategoria\/#breadcrumb\",\"itemListElement\":[{\"@type\":\"ListItem\",\"position\":1,\"name\":\"Kezd\u0151lap\",\"item\":\"https:\/\/netcarjogsi.hu\/tatabanya\/\"},{\"@type\":\"ListItem\",\"position\":2,\"name\":\"K\u00e9pz\u00e9sek\",\"item\":\"https:\/\/netcarjogsi.hu\/tatabanya\/kepzesek\/\"},{\"@type\":\"ListItem\",\"position\":3,\"name\":\"AM kateg\u00f3ria\"}]},{\"@type\":\"WebSite\",\"@id\":\"https:\/\/netcarjogsi.hu\/tatabanya\/#website\",\"url\":\"https:\/\/netcarjogsi.hu\/tatabanya\/\",\"name\":\"NeTcar Aut\u00f3siskola Tatab\u00e1nya\",\"description\":\"Jogos\u00edtv\u00e1nyszerz\u00e9s minden kateg\u00f3ri\u00e1ban Tatab\u00e1ny\u00e1n.\",\"publisher\":{\"@id\":\"https:\/\/netcarjogsi.hu\/tatabanya\/#organization\"},\"potentialAction\":[{\"@type\":\"SearchAction\",\"target\":{\"@type\":\"EntryPoint\",\"urlTemplate\":\"https:\/\/netcarjogsi.hu\/tatabanya\/?s={search_term_string}\"},\"query-input\":{\"@type\":\"PropertyValueSpecification\",\"valueRequired\":true,\"valueName\":\"search_term_string\"}}],\"inLanguage\":\"hu\"},{\"@type\":\"Organization\",\"@id\":\"https:\/\/netcarjogsi.hu\/tatabanya\/#organization\",\"name\":\"NeTcar Aut\u00f3siskola Tatab\u00e1nya\",\"url\":\"https:\/\/netcarjogsi.hu\/tatabanya\/\",\"logo\":{\"@type\":\"ImageObject\",\"inLanguage\":\"hu\",\"@id\":\"https:\/\/netcarjogsi.hu\/tatabanya\/#\/schema\/logo\/image\/\",\"url\":\"https:\/\/netcarjogsi.hu\/tatabanya\/wp-content\/uploads\/sites\/7\/2025\/05\/logo_150px.png\",\"contentUrl\":\"https:\/\/netcarjogsi.hu\/tatabanya\/wp-content\/uploads\/sites\/7\/2025\/05\/logo_150px.png\",\"width\":150,\"height\":57,\"caption\":\"NeTcar Aut\u00f3siskola Tatab\u00e1nya\"},\"image\":{\"@id\":\"https:\/\/netcarjogsi.hu\/tatabanya\/#\/schema\/logo\/image\/\"}}]}<\/script>\n<!-- \/ Yoast SEO plugin. -->","yoast_head_json":{"title":"AM kateg\u00f3ria - NeTcar Aut\u00f3siskola Tatab\u00e1nya","description":"Szerezd meg AM kateg\u00f3ri\u00e1s jogos\u00edtv\u00e1nyodat a Netcar Aut\u00f3siskol\u00e1ban Tatab\u00e1ny\u00e1n! Kezdd el a robog\u00f3s k\u00f6zleked\u00e9st m\u00e1r 14 \u00e9ves kort\u00f3l.","robots":{"index":"index","follow":"follow","max-snippet":"max-snippet:-1","max-image-preview":"max-image-preview:large","max-video-preview":"max-video-preview:-1"},"canonical":"https:\/\/netcarjogsi.hu\/tatabanya\/kepzes\/am-kategoria\/","og_locale":"hu_HU","og_type":"article","og_title":"Seg\u00e9dmotorker\u00e9p\u00e1r-Vezet\u0151i (AM) tanfolyam NeTcar Tatab\u00e1nya","og_description":"Szerezd meg AM kateg\u00f3ri\u00e1s jogos\u00edtv\u00e1nyodat a Netcar Aut\u00f3siskol\u00e1ban Tatab\u00e1ny\u00e1n! Kezdd el a robog\u00f3s k\u00f6zleked\u00e9st m\u00e1r 14 \u00e9ves kort\u00f3l.","og_url":"https:\/\/netcarjogsi.hu\/tatabanya\/kepzes\/am-kategoria\/","og_site_name":"NeTcar Aut\u00f3siskola Tatab\u00e1nya","article_modified_time":"2025-08-15T09:22:41+00:00","twitter_card":"summary_large_image","twitter_image":"https:\/\/netcarjogsi.hu\/tatabanya\/wp-content\/uploads\/sites\/7\/2025\/05\/AM_kateg.png","twitter_misc":{"Becs\u00fclt olvas\u00e1si id\u0151":"3 perc"},"schema":{"@context":"https:\/\/schema.org","@graph":[{"@type":"WebPage","@id":"https:\/\/netcarjogsi.hu\/tatabanya\/kepzes\/am-kategoria\/","url":"https:\/\/netcarjogsi.hu\/tatabanya\/kepzes\/am-kategoria\/","name":"AM kateg\u00f3ria - NeTcar Aut\u00f3siskola Tatab\u00e1nya","isPartOf":{"@id":"https:\/\/netcarjogsi.hu\/tatabanya\/#website"},"primaryImageOfPage":{"@id":"https:\/\/netcarjogsi.hu\/tatabanya\/kepzes\/am-kategoria\/#primaryimage"},"image":{"@id":"https:\/\/netcarjogsi.hu\/tatabanya\/kepzes\/am-kategoria\/#primaryimage"},"thumbnailUrl":"https:\/\/netcarjogsi.hu\/tatabanya\/wp-content\/uploads\/sites\/7\/2025\/05\/AM_kateg.png","datePublished":"2025-05-26T12:05:26+00:00","dateModified":"2025-08-15T09:22:41+00:00","description":"Szerezd meg AM kateg\u00f3ri\u00e1s jogos\u00edtv\u00e1nyodat a Netcar Aut\u00f3siskol\u00e1ban Tatab\u00e1ny\u00e1n! Kezdd el a robog\u00f3s k\u00f6zleked\u00e9st m\u00e1r 14 \u00e9ves kort\u00f3l.","breadcrumb":{"@id":"https:\/\/netcarjogsi.hu\/tatabanya\/kepzes\/am-kategoria\/#breadcrumb"},"inLanguage":"hu","potentialAction":[{"@type":"ReadAction","target":["https:\/\/netcarjogsi.hu\/tatabanya\/kepzes\/am-kategoria\/"]}]},{"@type":"ImageObject","inLanguage":"hu","@id":"https:\/\/netcarjogsi.hu\/tatabanya\/kepzes\/am-kategoria\/#primaryimage","url":"https:\/\/netcarjogsi.hu\/tatabanya\/wp-content\/uploads\/sites\/7\/2025\/05\/AM_kateg.png","contentUrl":"https:\/\/netcarjogsi.hu\/tatabanya\/wp-content\/uploads\/sites\/7\/2025\/05\/AM_kateg.png","width":1200,"height":680,"caption":"NeTcar Aut\u00f3siskola Tatab\u00e1nya AM jogos\u00edtv\u00e1ny"},{"@type":"BreadcrumbList","@id":"https:\/\/netcarjogsi.hu\/tatabanya\/kepzes\/am-kategoria\/#breadcrumb","itemListElement":[{"@type":"ListItem","position":1,"name":"Kezd\u0151lap","item":"https:\/\/netcarjogsi.hu\/tatabanya\/"},{"@type":"ListItem","position":2,"name":"K\u00e9pz\u00e9sek","item":"https:\/\/netcarjogsi.hu\/tatabanya\/kepzesek\/"},{"@type":"ListItem","position":3,"name":"AM kateg\u00f3ria"}]},{"@type":"WebSite","@id":"https:\/\/netcarjogsi.hu\/tatabanya\/#website","url":"https:\/\/netcarjogsi.hu\/tatabanya\/","name":"NeTcar Aut\u00f3siskola Tatab\u00e1nya","description":"Jogos\u00edtv\u00e1nyszerz\u00e9s minden kateg\u00f3ri\u00e1ban Tatab\u00e1ny\u00e1n.","publisher":{"@id":"https:\/\/netcarjogsi.hu\/tatabanya\/#organization"},"potentialAction":[{"@type":"SearchAction","target":{"@type":"EntryPoint","urlTemplate":"https:\/\/netcarjogsi.hu\/tatabanya\/?s={search_term_string}"},"query-input":{"@type":"PropertyValueSpecification","valueRequired":true,"valueName":"search_term_string"}}],"inLanguage":"hu"},{"@type":"Organization","@id":"https:\/\/netcarjogsi.hu\/tatabanya\/#organization","name":"NeTcar Aut\u00f3siskola Tatab\u00e1nya","url":"https:\/\/netcarjogsi.hu\/tatabanya\/","logo":{"@type":"ImageObject","inLanguage":"hu","@id":"https:\/\/netcarjogsi.hu\/tatabanya\/#\/schema\/logo\/image\/","url":"https:\/\/netcarjogsi.hu\/tatabanya\/wp-content\/uploads\/sites\/7\/2025\/05\/logo_150px.png","contentUrl":"https:\/\/netcarjogsi.hu\/tatabanya\/wp-content\/uploads\/sites\/7\/2025\/05\/logo_150px.png","width":150,"height":57,"caption":"NeTcar Aut\u00f3siskola Tatab\u00e1nya"},"image":{"@id":"https:\/\/netcarjogsi.hu\/tatabanya\/#\/schema\/logo\/image\/"}}]}},"publishpress_future_workflow_manual_trigger":{"enabledWorkflows":[]},"_links":{"self":[{"href":"https:\/\/netcarjogsi.hu\/tatabanya\/wp-json\/wp\/v2\/product\/213","targetHints":{"allow":["GET"]}}],"collection":[{"href":"https:\/\/netcarjogsi.hu\/tatabanya\/wp-json\/wp\/v2\/product"}],"about":[{"href":"https:\/\/netcarjogsi.hu\/tatabanya\/wp-json\/wp\/v2\/types\/product"}],"wp:featuredmedia":[{"embeddable":true,"href":"https:\/\/netcarjogsi.hu\/tatabanya\/wp-json\/wp\/v2\/media\/233"}],"wp:attachment":[{"href":"https:\/\/netcarjogsi.hu\/tatabanya\/wp-json\/wp\/v2\/media?parent=213"}],"wp:term":[{"taxonomy":"product_brand","embeddable":true,"href":"https:\/\/netcarjogsi.hu\/tatabanya\/wp-json\/wp\/v2\/product_brand?post=213"},{"taxonomy":"product_cat","embeddable":true,"href":"https:\/\/netcarjogsi.hu\/tatabanya\/wp-json\/wp\/v2\/product_cat?post=213"},{"taxonomy":"product_tag","embeddable":true,"href":"https:\/\/netcarjogsi.hu\/tatabanya\/wp-json\/wp\/v2\/product_tag?post=213"}],"curies":[{"name":"wp","href":"https:\/\/api.w.org\/{rel}","templated":true}]}}