{"id":219,"date":"2025-05-26T14:05:27","date_gmt":"2025-05-26T12:05:27","guid":{"rendered":"https:\/\/netcarjogsi.hu\/tatabanya\/?post_type=product&#038;p=219"},"modified":"2025-05-27T10:33:36","modified_gmt":"2025-05-27T08:33:36","slug":"ce-kategoria","status":"publish","type":"product","link":"https:\/\/netcarjogsi.hu\/tatabanya\/kepzes\/ce-kategoria\/","title":{"rendered":"C+E kateg\u00f3ria"},"content":{"rendered":"<div class=\"aux-institute-author-wrapper\">\n<div class=\"aux-institute-author-img\"><img decoding=\"async\" class=\"alignnone size-full wp-image-1136\" src=\"https:\/\/netcarjogsi.hu\/sopron\/wp-content\/uploads\/sites\/2\/2025\/03\/CE_kategoria.png\" alt=\"\" width=\"200\" height=\"200\" \/><\/div>\n<div class=\"aux-institute-author-info\">\n<h3>Teherg\u00e9pkocsi-vezet\u0151i tanfolyam neh\u00e9z p\u00f3tkocsival<\/h3>\n<\/div>\n<\/div>\n<div class=\"aux-institute-author-desc\">\n<h4>A tanfolyam megkezd\u00e9s\u00e9re jogosult, aki:<\/h4>\n<p>kit\u00f6lt\u00f6tte \u00e9s megfelel\u0151 okm\u00e1nyokkal ell\u00e1tta a Jelentkez\u00e9si \u00e9s vizsgalapot<br \/>\nmegk\u00f6t\u00f6tte aut\u00f3siskol\u00e1nkkal a k\u00e9pz\u00e9si szerz\u0151d\u00e9st,<br \/>\nrendelkezik legal\u00e1bb alapfok\u00fa iskolai v\u00e9gzetts\u00e9ggel,<br \/>\nrendelkezik C kateg\u00f3ri\u00e1s, nem kezd\u0151 vezet\u0151i enged\u00e9llyel,<br \/>\nlegal\u00e1bb 20,5 \u00e9ves.<br \/>\nA vizsg\u00e1ra bocs\u00e1t\u00e1s felt\u00e9telei:<\/p>\n<h4>Elm\u00e9leti vizsg\u00e1ra mehet az, aki:<\/h4>\n<p>maximum 3 h\u00f3nappal fiatalabb, mint a 18. \u00e9let\u00e9ve<br \/>\na tanfolyam elm\u00e9leti r\u00e9sz\u00e9t elv\u00e9gezte<br \/>\nfelment\u00e9st kapott vagy a Bel\u00fcgyminiszt\u00e9rium rendelete alapj\u00e1n iskolai v\u00e9gzetts\u00e9g\u00e9t igazolja.<br \/>\nRutin vizsg\u00e1t az tehet, aki sikeresen vizsg\u00e1zott az elm\u00e9leti t\u00e1rgyakb\u00f3l \u00e9s bet\u00f6lt\u00f6tte a k\u00f6telez\u0151 (18 \u00e9ves) \u00e9letkori hat\u00e1rt.<\/p>\n<p>Forgalmi vizsg\u00e1ra a k\u00e9pz\u00e9s gyakorlati r\u00e9sz\u00e9t sikeresen teljes\u00edt\u0151k, \u00e9s a vizsgak\u00f6vetelm\u00e9nyeknek megfelel\u0151 emberek mehetnek.<\/p>\n<\/div>\n","protected":false},"excerpt":{"rendered":"<p>Teherg\u00e9pkocsi-vezet\u0151i tanfolyam neh\u00e9z p\u00f3tkocsival A tanfolyam megkezd\u00e9s\u00e9re jogosult, aki: kit\u00f6lt\u00f6tte \u00e9s megfelel\u0151 okm\u00e1nyokkal ell\u00e1tta a Jelentkez\u00e9si \u00e9s vizsgalapot megk\u00f6t\u00f6tte aut\u00f3siskol\u00e1nkkal a k\u00e9pz\u00e9si szerz\u0151d\u00e9st, rendelkezik legal\u00e1bb alapfok\u00fa iskolai v\u00e9gzetts\u00e9ggel, rendelkezik C kateg\u00f3ri\u00e1s, nem kezd\u0151 vezet\u0151i enged\u00e9llyel, legal\u00e1bb 20,5 \u00e9ves. A vizsg\u00e1ra bocs\u00e1t\u00e1s felt\u00e9telei: Elm\u00e9leti vizsg\u00e1ra mehet az, aki: maximum 3 h\u00f3nappal fiatalabb, mint a 18. \u00e9let\u00e9ve [&hellip;]<\/p>\n","protected":false},"featured_media":239,"template":"","meta":[],"product_brand":[],"product_cat":[89,91],"product_tag":[80,85],"class_list":{"0":"post-219","1":"product","2":"type-product","3":"status-publish","4":"has-post-thumbnail","6":"product_cat-c","7":"product_cat-e","8":"product_tag-nehezpotkocsi","9":"product_tag-tehergepkocsi","11":"first","12":"instock","13":"shipping-taxable","14":"product-type-external"},"yoast_head":"<!-- This site is optimized with the Yoast SEO plugin v25.4 - https:\/\/yoast.com\/wordpress\/plugins\/seo\/ -->\n<title>C+E kateg\u00f3ria - NeTcar Aut\u00f3siskola Tatab\u00e1nya<\/title>\n<meta name=\"description\" content=\"Szerezd meg C+E kateg\u00f3ri\u00e1s jogos\u00edtv\u00e1nyodat a Netcar Aut\u00f3siskol\u00e1ban Tatab\u00e1ny\u00e1n! Vezess neh\u00e9z p\u00f3tkocsis szerelv\u00e9nyeket C kateg\u00f3ri\u00e1s jogos\u00edtv\u00e1nnyal.\" \/>\n<meta name=\"robots\" content=\"index, follow, max-snippet:-1, max-image-preview:large, max-video-preview:-1\" \/>\n<link rel=\"canonical\" href=\"https:\/\/netcarjogsi.hu\/tatabanya\/kepzes\/ce-kategoria\/\" \/>\n<meta property=\"og:locale\" content=\"hu_HU\" \/>\n<meta property=\"og:type\" content=\"article\" \/>\n<meta property=\"og:title\" content=\"C+E kateg\u00f3ri\u00e1s jogos\u00edtv\u00e1ny a Netcar Aut\u00f3siskola Tatab\u00e1nya\" \/>\n<meta property=\"og:description\" content=\"Szerezd meg C+E kateg\u00f3ri\u00e1s jogos\u00edtv\u00e1nyodat a Netcar Aut\u00f3siskol\u00e1ban Tatab\u00e1ny\u00e1n! Vezess neh\u00e9z p\u00f3tkocsis szerelv\u00e9nyeket C kateg\u00f3ri\u00e1s jogos\u00edtv\u00e1nnyal.\" \/>\n<meta property=\"og:url\" content=\"https:\/\/netcarjogsi.hu\/tatabanya\/kepzes\/ce-kategoria\/\" \/>\n<meta property=\"og:site_name\" content=\"NeTcar Aut\u00f3siskola Tatab\u00e1nya\" \/>\n<meta property=\"article:modified_time\" content=\"2025-05-27T08:33:36+00:00\" \/>\n<meta property=\"og:image\" content=\"https:\/\/netcarjogsi.hu\/tatabanya\/wp-content\/uploads\/sites\/7\/2025\/05\/CE_kateg.png\" \/>\n\t<meta property=\"og:image:width\" content=\"1200\" \/>\n\t<meta property=\"og:image:height\" content=\"680\" \/>\n\t<meta property=\"og:image:type\" content=\"image\/png\" \/>\n<meta name=\"twitter:card\" content=\"summary_large_image\" \/>\n<meta name=\"twitter:label1\" content=\"Becs\u00fclt olvas\u00e1si id\u0151\" \/>\n\t<meta name=\"twitter:data1\" content=\"1 perc\" \/>\n<script type=\"application\/ld+json\" class=\"yoast-schema-graph\">{\"@context\":\"https:\/\/schema.org\",\"@graph\":[{\"@type\":\"WebPage\",\"@id\":\"https:\/\/netcarjogsi.hu\/tatabanya\/kepzes\/ce-kategoria\/\",\"url\":\"https:\/\/netcarjogsi.hu\/tatabanya\/kepzes\/ce-kategoria\/\",\"name\":\"C+E kateg\u00f3ria - NeTcar Aut\u00f3siskola Tatab\u00e1nya\",\"isPartOf\":{\"@id\":\"https:\/\/netcarjogsi.hu\/tatabanya\/#website\"},\"primaryImageOfPage\":{\"@id\":\"https:\/\/netcarjogsi.hu\/tatabanya\/kepzes\/ce-kategoria\/#primaryimage\"},\"image\":{\"@id\":\"https:\/\/netcarjogsi.hu\/tatabanya\/kepzes\/ce-kategoria\/#primaryimage\"},\"thumbnailUrl\":\"https:\/\/netcarjogsi.hu\/tatabanya\/wp-content\/uploads\/sites\/7\/2025\/05\/CE_kateg.png\",\"datePublished\":\"2025-05-26T12:05:27+00:00\",\"dateModified\":\"2025-05-27T08:33:36+00:00\",\"description\":\"Szerezd meg C+E kateg\u00f3ri\u00e1s jogos\u00edtv\u00e1nyodat a Netcar Aut\u00f3siskol\u00e1ban Tatab\u00e1ny\u00e1n! Vezess neh\u00e9z p\u00f3tkocsis szerelv\u00e9nyeket C kateg\u00f3ri\u00e1s jogos\u00edtv\u00e1nnyal.\",\"breadcrumb\":{\"@id\":\"https:\/\/netcarjogsi.hu\/tatabanya\/kepzes\/ce-kategoria\/#breadcrumb\"},\"inLanguage\":\"hu\",\"potentialAction\":[{\"@type\":\"ReadAction\",\"target\":[\"https:\/\/netcarjogsi.hu\/tatabanya\/kepzes\/ce-kategoria\/\"]}]},{\"@type\":\"ImageObject\",\"inLanguage\":\"hu\",\"@id\":\"https:\/\/netcarjogsi.hu\/tatabanya\/kepzes\/ce-kategoria\/#primaryimage\",\"url\":\"https:\/\/netcarjogsi.hu\/tatabanya\/wp-content\/uploads\/sites\/7\/2025\/05\/CE_kateg.png\",\"contentUrl\":\"https:\/\/netcarjogsi.hu\/tatabanya\/wp-content\/uploads\/sites\/7\/2025\/05\/CE_kateg.png\",\"width\":1200,\"height\":680,\"caption\":\"NeTcar Aut\u00f3siskola Tatab\u00e1nya teheraut\u00f3 sof\u0151r k\u00e9pz\u00e9s\"},{\"@type\":\"BreadcrumbList\",\"@id\":\"https:\/\/netcarjogsi.hu\/tatabanya\/kepzes\/ce-kategoria\/#breadcrumb\",\"itemListElement\":[{\"@type\":\"ListItem\",\"position\":1,\"name\":\"Kezd\u0151lap\",\"item\":\"https:\/\/netcarjogsi.hu\/tatabanya\/\"},{\"@type\":\"ListItem\",\"position\":2,\"name\":\"K\u00e9pz\u00e9sek\",\"item\":\"https:\/\/netcarjogsi.hu\/tatabanya\/kepzesek\/\"},{\"@type\":\"ListItem\",\"position\":3,\"name\":\"C+E kateg\u00f3ria\"}]},{\"@type\":\"WebSite\",\"@id\":\"https:\/\/netcarjogsi.hu\/tatabanya\/#website\",\"url\":\"https:\/\/netcarjogsi.hu\/tatabanya\/\",\"name\":\"NeTcar Aut\u00f3siskola Tatab\u00e1nya\",\"description\":\"Jogos\u00edtv\u00e1nyszerz\u00e9s minden kateg\u00f3ri\u00e1ban Tatab\u00e1ny\u00e1n.\",\"publisher\":{\"@id\":\"https:\/\/netcarjogsi.hu\/tatabanya\/#organization\"},\"potentialAction\":[{\"@type\":\"SearchAction\",\"target\":{\"@type\":\"EntryPoint\",\"urlTemplate\":\"https:\/\/netcarjogsi.hu\/tatabanya\/?s={search_term_string}\"},\"query-input\":{\"@type\":\"PropertyValueSpecification\",\"valueRequired\":true,\"valueName\":\"search_term_string\"}}],\"inLanguage\":\"hu\"},{\"@type\":\"Organization\",\"@id\":\"https:\/\/netcarjogsi.hu\/tatabanya\/#organization\",\"name\":\"NeTcar Aut\u00f3siskola Tatab\u00e1nya\",\"url\":\"https:\/\/netcarjogsi.hu\/tatabanya\/\",\"logo\":{\"@type\":\"ImageObject\",\"inLanguage\":\"hu\",\"@id\":\"https:\/\/netcarjogsi.hu\/tatabanya\/#\/schema\/logo\/image\/\",\"url\":\"https:\/\/netcarjogsi.hu\/tatabanya\/wp-content\/uploads\/sites\/7\/2025\/05\/logo_150px.png\",\"contentUrl\":\"https:\/\/netcarjogsi.hu\/tatabanya\/wp-content\/uploads\/sites\/7\/2025\/05\/logo_150px.png\",\"width\":150,\"height\":57,\"caption\":\"NeTcar Aut\u00f3siskola Tatab\u00e1nya\"},\"image\":{\"@id\":\"https:\/\/netcarjogsi.hu\/tatabanya\/#\/schema\/logo\/image\/\"}}]}<\/script>\n<!-- \/ Yoast SEO plugin. -->","yoast_head_json":{"title":"C+E kateg\u00f3ria - NeTcar Aut\u00f3siskola Tatab\u00e1nya","description":"Szerezd meg C+E kateg\u00f3ri\u00e1s jogos\u00edtv\u00e1nyodat a Netcar Aut\u00f3siskol\u00e1ban Tatab\u00e1ny\u00e1n! Vezess neh\u00e9z p\u00f3tkocsis szerelv\u00e9nyeket C kateg\u00f3ri\u00e1s jogos\u00edtv\u00e1nnyal.","robots":{"index":"index","follow":"follow","max-snippet":"max-snippet:-1","max-image-preview":"max-image-preview:large","max-video-preview":"max-video-preview:-1"},"canonical":"https:\/\/netcarjogsi.hu\/tatabanya\/kepzes\/ce-kategoria\/","og_locale":"hu_HU","og_type":"article","og_title":"C+E kateg\u00f3ri\u00e1s jogos\u00edtv\u00e1ny a Netcar Aut\u00f3siskola Tatab\u00e1nya","og_description":"Szerezd meg C+E kateg\u00f3ri\u00e1s jogos\u00edtv\u00e1nyodat a Netcar Aut\u00f3siskol\u00e1ban Tatab\u00e1ny\u00e1n! Vezess neh\u00e9z p\u00f3tkocsis szerelv\u00e9nyeket C kateg\u00f3ri\u00e1s jogos\u00edtv\u00e1nnyal.","og_url":"https:\/\/netcarjogsi.hu\/tatabanya\/kepzes\/ce-kategoria\/","og_site_name":"NeTcar Aut\u00f3siskola Tatab\u00e1nya","article_modified_time":"2025-05-27T08:33:36+00:00","og_image":[{"width":1200,"height":680,"url":"https:\/\/netcarjogsi.hu\/tatabanya\/wp-content\/uploads\/sites\/7\/2025\/05\/CE_kateg.png","type":"image\/png"}],"twitter_card":"summary_large_image","twitter_misc":{"Becs\u00fclt olvas\u00e1si id\u0151":"1 perc"},"schema":{"@context":"https:\/\/schema.org","@graph":[{"@type":"WebPage","@id":"https:\/\/netcarjogsi.hu\/tatabanya\/kepzes\/ce-kategoria\/","url":"https:\/\/netcarjogsi.hu\/tatabanya\/kepzes\/ce-kategoria\/","name":"C+E kateg\u00f3ria - NeTcar Aut\u00f3siskola Tatab\u00e1nya","isPartOf":{"@id":"https:\/\/netcarjogsi.hu\/tatabanya\/#website"},"primaryImageOfPage":{"@id":"https:\/\/netcarjogsi.hu\/tatabanya\/kepzes\/ce-kategoria\/#primaryimage"},"image":{"@id":"https:\/\/netcarjogsi.hu\/tatabanya\/kepzes\/ce-kategoria\/#primaryimage"},"thumbnailUrl":"https:\/\/netcarjogsi.hu\/tatabanya\/wp-content\/uploads\/sites\/7\/2025\/05\/CE_kateg.png","datePublished":"2025-05-26T12:05:27+00:00","dateModified":"2025-05-27T08:33:36+00:00","description":"Szerezd meg C+E kateg\u00f3ri\u00e1s jogos\u00edtv\u00e1nyodat a Netcar Aut\u00f3siskol\u00e1ban Tatab\u00e1ny\u00e1n! Vezess neh\u00e9z p\u00f3tkocsis szerelv\u00e9nyeket C kateg\u00f3ri\u00e1s jogos\u00edtv\u00e1nnyal.","breadcrumb":{"@id":"https:\/\/netcarjogsi.hu\/tatabanya\/kepzes\/ce-kategoria\/#breadcrumb"},"inLanguage":"hu","potentialAction":[{"@type":"ReadAction","target":["https:\/\/netcarjogsi.hu\/tatabanya\/kepzes\/ce-kategoria\/"]}]},{"@type":"ImageObject","inLanguage":"hu","@id":"https:\/\/netcarjogsi.hu\/tatabanya\/kepzes\/ce-kategoria\/#primaryimage","url":"https:\/\/netcarjogsi.hu\/tatabanya\/wp-content\/uploads\/sites\/7\/2025\/05\/CE_kateg.png","contentUrl":"https:\/\/netcarjogsi.hu\/tatabanya\/wp-content\/uploads\/sites\/7\/2025\/05\/CE_kateg.png","width":1200,"height":680,"caption":"NeTcar Aut\u00f3siskola Tatab\u00e1nya teheraut\u00f3 sof\u0151r k\u00e9pz\u00e9s"},{"@type":"BreadcrumbList","@id":"https:\/\/netcarjogsi.hu\/tatabanya\/kepzes\/ce-kategoria\/#breadcrumb","itemListElement":[{"@type":"ListItem","position":1,"name":"Kezd\u0151lap","item":"https:\/\/netcarjogsi.hu\/tatabanya\/"},{"@type":"ListItem","position":2,"name":"K\u00e9pz\u00e9sek","item":"https:\/\/netcarjogsi.hu\/tatabanya\/kepzesek\/"},{"@type":"ListItem","position":3,"name":"C+E kateg\u00f3ria"}]},{"@type":"WebSite","@id":"https:\/\/netcarjogsi.hu\/tatabanya\/#website","url":"https:\/\/netcarjogsi.hu\/tatabanya\/","name":"NeTcar Aut\u00f3siskola Tatab\u00e1nya","description":"Jogos\u00edtv\u00e1nyszerz\u00e9s minden kateg\u00f3ri\u00e1ban Tatab\u00e1ny\u00e1n.","publisher":{"@id":"https:\/\/netcarjogsi.hu\/tatabanya\/#organization"},"potentialAction":[{"@type":"SearchAction","target":{"@type":"EntryPoint","urlTemplate":"https:\/\/netcarjogsi.hu\/tatabanya\/?s={search_term_string}"},"query-input":{"@type":"PropertyValueSpecification","valueRequired":true,"valueName":"search_term_string"}}],"inLanguage":"hu"},{"@type":"Organization","@id":"https:\/\/netcarjogsi.hu\/tatabanya\/#organization","name":"NeTcar Aut\u00f3siskola Tatab\u00e1nya","url":"https:\/\/netcarjogsi.hu\/tatabanya\/","logo":{"@type":"ImageObject","inLanguage":"hu","@id":"https:\/\/netcarjogsi.hu\/tatabanya\/#\/schema\/logo\/image\/","url":"https:\/\/netcarjogsi.hu\/tatabanya\/wp-content\/uploads\/sites\/7\/2025\/05\/logo_150px.png","contentUrl":"https:\/\/netcarjogsi.hu\/tatabanya\/wp-content\/uploads\/sites\/7\/2025\/05\/logo_150px.png","width":150,"height":57,"caption":"NeTcar Aut\u00f3siskola Tatab\u00e1nya"},"image":{"@id":"https:\/\/netcarjogsi.hu\/tatabanya\/#\/schema\/logo\/image\/"}}]}},"publishpress_future_workflow_manual_trigger":{"enabledWorkflows":[]},"_links":{"self":[{"href":"https:\/\/netcarjogsi.hu\/tatabanya\/wp-json\/wp\/v2\/product\/219","targetHints":{"allow":["GET"]}}],"collection":[{"href":"https:\/\/netcarjogsi.hu\/tatabanya\/wp-json\/wp\/v2\/product"}],"about":[{"href":"https:\/\/netcarjogsi.hu\/tatabanya\/wp-json\/wp\/v2\/types\/product"}],"wp:featuredmedia":[{"embeddable":true,"href":"https:\/\/netcarjogsi.hu\/tatabanya\/wp-json\/wp\/v2\/media\/239"}],"wp:attachment":[{"href":"https:\/\/netcarjogsi.hu\/tatabanya\/wp-json\/wp\/v2\/media?parent=219"}],"wp:term":[{"taxonomy":"product_brand","embeddable":true,"href":"https:\/\/netcarjogsi.hu\/tatabanya\/wp-json\/wp\/v2\/product_brand?post=219"},{"taxonomy":"product_cat","embeddable":true,"href":"https:\/\/netcarjogsi.hu\/tatabanya\/wp-json\/wp\/v2\/product_cat?post=219"},{"taxonomy":"product_tag","embeddable":true,"href":"https:\/\/netcarjogsi.hu\/tatabanya\/wp-json\/wp\/v2\/product_tag?post=219"}],"curies":[{"name":"wp","href":"https:\/\/api.w.org\/{rel}","templated":true}]}}