{"id":222,"date":"2025-05-26T14:05:28","date_gmt":"2025-05-26T12:05:28","guid":{"rendered":"https:\/\/netcarjogsi.hu\/tatabanya\/?post_type=product&#038;p=222"},"modified":"2025-08-15T11:15:44","modified_gmt":"2025-08-15T09:15:44","slug":"a1-kategoria-b-vel","status":"publish","type":"product","link":"https:\/\/netcarjogsi.hu\/tatabanya\/kepzes\/a1-kategoria-b-vel\/","title":{"rendered":"A1 kateg\u00f3ria (B-vel)"},"content":{"rendered":"<div class=\"aux-institute-author-wrapper\">\n<div class=\"aux-institute-author-img\"><img decoding=\"async\" class=\"alignnone size-full wp-image-1136\" src=\"https:\/\/netcarjogsi.hu\/sopron\/wp-content\/uploads\/sites\/2\/2025\/03\/A2_kategoria.png\" alt=\"\" width=\"200\" height=\"200\" \/><\/div>\n<div class=\"aux-institute-author-info\">\n<h3>A1 motorker\u00e9kp\u00e1r vezet\u0151i tanfolyam<\/h3>\n<p>&#8222;B&#8221; kateg\u00f3ri\u00e1s jogos\u00edtv\u00e1nnyal \u201eA1\u201d alkateg\u00f3ri\u00e1val olyan motorker\u00e9kp\u00e1rt, amelynek henger\u0171rtartalma a 125 cm3-t, teljes\u00edtm\u00e9nye a 11 kW-ot teljes\u00edtm\u00e9ny\/t\u00f6meg ar\u00e1nya pedig a 0,1 kW\/kg-ot nem haladja meg, tov\u00e1bb\u00e1 olyan motoros triciklit, amelynek teljes\u00edtm\u00e9nye a 15 kW-ot nem haladja meg.<\/p>\n<\/div>\n<\/div>\n<div class=\"aux-institute-author-desc\">\n<h4>A tanfolyamra t\u00f6rt\u00e9n\u0151 felv\u00e9tel felt\u00e9telei:<\/h4>\n<p>A k\u00fcl\u00f6n jogszab\u00e1lyban meghat\u00e1rozott eg\u00e9szs\u00e9g\u00fcgyi \u00e9s k\u00f6zleked\u00e9sbiztons\u00e1gi felt\u00e9telek teljes\u00edt\u00e9se,<br \/>\nalapfok\u00fa iskolai v\u00e9gzetts\u00e9g megl\u00e9te,<br \/>\n\u00e9rv\u00e9nyes \u201eB\u201d kateg\u00f3ri\u00e1s j\u00e1rm\u0171vezet\u0151i enged\u00e9ly megl\u00e9te,<br \/>\nmegfelel\u0151 okm\u00e1nyokkal ell\u00e1tott, hi\u00e1nytalanul kit\u00f6lt\u00f6tt Jelentkez\u00e9si \u00e9s vizsgalap,<br \/>\nk\u00e9pz\u00e9si szerz\u0151d\u00e9s megk\u00f6t\u00e9se.<\/p>\n<h4>Elm\u00e9leti vizsg\u00e1ra bocs\u00e1that\u00f3, aki:<\/h4>\n<p>sikeresen elv\u00e9gezte a tanfolyam elm\u00e9leti r\u00e9sz\u00e9t, vagy felment\u00e9st kapott az al\u00f3l.<\/p>\n<p>Forgalmi vizsg\u00e1ra bocs\u00e1that\u00f3 az, aki a k\u00e9pz\u00e9s gyakorlati r\u00e9sz\u00e9t igazoltan elv\u00e9gezte.<\/p>\n<\/div>\n","protected":false},"excerpt":{"rendered":"<p>\u201eA1\u201d alkateg\u00f3ri\u00e1val olyan motorker\u00e9kp\u00e1rt, amelynek henger\u0171rtartalma a 125 cm3-t, teljes\u00edtm\u00e9nye a 11 kW-ot teljes\u00edtm\u00e9ny\/t\u00f6meg ar\u00e1nya pedig a 0,1 kW\/kg-ot nem haladja meg, tov\u00e1bb\u00e1 olyan motoros triciklit, amelynek teljes\u00edtm\u00e9nye a 15 kW-ot nem haladja meg.<\/p>\n<div class=\"jogsiar\">\n<h4>A tanfolyamra t\u00f6rt\u00e9n\u0151 felv\u00e9tel felt\u00e9telei:<\/h4>\n<p>A k\u00fcl\u00f6n jogszab\u00e1lyban meghat\u00e1rozott eg\u00e9szs\u00e9g\u00fcgyi \u00e9s k\u00f6zleked\u00e9sbiztons\u00e1gi felt\u00e9telek teljes\u00edt\u00e9se,<br \/>\nalapfok\u00fa iskolai v\u00e9gzetts\u00e9g megl\u00e9te,<br \/>\n\u00e9rv\u00e9nyes \u201eB\u201d kateg\u00f3ri\u00e1s j\u00e1rm\u0171vezet\u0151i enged\u00e9ly megl\u00e9te,<br \/>\nmegfelel\u0151 okm\u00e1nyokkal ell\u00e1tott, hi\u00e1nytalanuk kit\u00f6lt\u00f6tt Jelentkez\u00e9si \u00e9s vizsgalap,<br \/>\nk\u00e9pz\u00e9si szerz\u0151d\u00e9s megk\u00f6t\u00e9se.<\/p>\n<h4>Elm\u00e9leti vizsg\u00e1ra bocs\u00e1that\u00f3, aki:<\/h4>\n<p>Sikeresen elv\u00e9gezte a tanfolyam elm\u00e9leti r\u00e9sz\u00e9t, vagy felment\u00e9st kapott az al\u00f3l (elm\u00e9leti vizsga d\u00edja 11.400,-Ft).<\/p>\n<p>Forgalmi vizsg\u00e1ra bocs\u00e1that\u00f3 az, aki a k\u00e9pz\u00e9s gyakorlati r\u00e9sz\u00e9t igazoltan elv\u00e9gezte (forgalmi vizsga d\u00edja 26.200,-Ft).<\/p>\n<\/div>\n","protected":false},"featured_media":242,"template":"","meta":[],"product_brand":[],"product_cat":[86],"product_tag":[79],"class_list":{"0":"post-222","1":"product","2":"type-product","3":"status-publish","4":"has-post-thumbnail","6":"product_cat-a","7":"product_tag-motorkerekpar","9":"first","10":"instock","11":"shipping-taxable","12":"product-type-external"},"yoast_head":"<!-- This site is optimized with the Yoast SEO plugin v25.4 - https:\/\/yoast.com\/wordpress\/plugins\/seo\/ -->\n<title>A1 kateg\u00f3ria (B-vel) - NeTcar Aut\u00f3siskola Tatab\u00e1nya<\/title>\n<meta name=\"description\" content=\"Szerezd meg A1 kateg\u00f3ri\u00e1s jogos\u00edtv\u00e1nyodat a Netcar Aut\u00f3siskol\u00e1ban Tatab\u00e1ny\u00e1n! Ha m\u00e1r rendelkezel B kateg\u00f3ri\u00e1s jogos\u00edtv\u00e1nnyal\" \/>\n<meta name=\"robots\" content=\"index, follow, max-snippet:-1, max-image-preview:large, max-video-preview:-1\" \/>\n<link rel=\"canonical\" href=\"https:\/\/netcarjogsi.hu\/tatabanya\/kepzes\/a1-kategoria-b-vel\/\" \/>\n<meta property=\"og:locale\" content=\"hu_HU\" \/>\n<meta property=\"og:type\" content=\"article\" \/>\n<meta property=\"og:title\" content=\"A1 jogos\u00edtv\u00e1ny netcar Tatab\u00e1nya\" \/>\n<meta property=\"og:description\" content=\"Szerezd meg A1 kateg\u00f3ri\u00e1s jogos\u00edtv\u00e1nyodat a Netcar Aut\u00f3siskol\u00e1ban Tatab\u00e1ny\u00e1n! Ha m\u00e1r rendelkezel B kateg\u00f3ri\u00e1s jogos\u00edtv\u00e1nnyal\" \/>\n<meta property=\"og:url\" content=\"https:\/\/netcarjogsi.hu\/tatabanya\/kepzes\/a1-kategoria-b-vel\/\" \/>\n<meta property=\"og:site_name\" content=\"NeTcar Aut\u00f3siskola Tatab\u00e1nya\" \/>\n<meta property=\"article:modified_time\" content=\"2025-08-15T09:15:44+00:00\" \/>\n<meta property=\"og:image\" content=\"https:\/\/netcarjogsi.hu\/tatabanya\/wp-content\/uploads\/sites\/7\/2025\/05\/A1B_kateg.png\" \/>\n\t<meta property=\"og:image:width\" content=\"1200\" \/>\n\t<meta property=\"og:image:height\" content=\"680\" \/>\n\t<meta property=\"og:image:type\" content=\"image\/png\" \/>\n<meta name=\"twitter:card\" content=\"summary_large_image\" \/>\n<meta name=\"twitter:label1\" content=\"Becs\u00fclt olvas\u00e1si id\u0151\" \/>\n\t<meta name=\"twitter:data1\" content=\"1 perc\" \/>\n<script type=\"application\/ld+json\" class=\"yoast-schema-graph\">{\"@context\":\"https:\/\/schema.org\",\"@graph\":[{\"@type\":\"WebPage\",\"@id\":\"https:\/\/netcarjogsi.hu\/tatabanya\/kepzes\/a1-kategoria-b-vel\/\",\"url\":\"https:\/\/netcarjogsi.hu\/tatabanya\/kepzes\/a1-kategoria-b-vel\/\",\"name\":\"A1 kateg\u00f3ria (B-vel) - NeTcar Aut\u00f3siskola Tatab\u00e1nya\",\"isPartOf\":{\"@id\":\"https:\/\/netcarjogsi.hu\/tatabanya\/#website\"},\"primaryImageOfPage\":{\"@id\":\"https:\/\/netcarjogsi.hu\/tatabanya\/kepzes\/a1-kategoria-b-vel\/#primaryimage\"},\"image\":{\"@id\":\"https:\/\/netcarjogsi.hu\/tatabanya\/kepzes\/a1-kategoria-b-vel\/#primaryimage\"},\"thumbnailUrl\":\"https:\/\/netcarjogsi.hu\/tatabanya\/wp-content\/uploads\/sites\/7\/2025\/05\/A1B_kateg.png\",\"datePublished\":\"2025-05-26T12:05:28+00:00\",\"dateModified\":\"2025-08-15T09:15:44+00:00\",\"description\":\"Szerezd meg A1 kateg\u00f3ri\u00e1s jogos\u00edtv\u00e1nyodat a Netcar Aut\u00f3siskol\u00e1ban Tatab\u00e1ny\u00e1n! Ha m\u00e1r rendelkezel B kateg\u00f3ri\u00e1s jogos\u00edtv\u00e1nnyal\",\"breadcrumb\":{\"@id\":\"https:\/\/netcarjogsi.hu\/tatabanya\/kepzes\/a1-kategoria-b-vel\/#breadcrumb\"},\"inLanguage\":\"hu\",\"potentialAction\":[{\"@type\":\"ReadAction\",\"target\":[\"https:\/\/netcarjogsi.hu\/tatabanya\/kepzes\/a1-kategoria-b-vel\/\"]}]},{\"@type\":\"ImageObject\",\"inLanguage\":\"hu\",\"@id\":\"https:\/\/netcarjogsi.hu\/tatabanya\/kepzes\/a1-kategoria-b-vel\/#primaryimage\",\"url\":\"https:\/\/netcarjogsi.hu\/tatabanya\/wp-content\/uploads\/sites\/7\/2025\/05\/A1B_kateg.png\",\"contentUrl\":\"https:\/\/netcarjogsi.hu\/tatabanya\/wp-content\/uploads\/sites\/7\/2025\/05\/A1B_kateg.png\",\"width\":1200,\"height\":680,\"caption\":\"NeTcar Aut\u00f3siskola Tatab\u00e1nya A1 k\u00e9pz\u00e9s\"},{\"@type\":\"BreadcrumbList\",\"@id\":\"https:\/\/netcarjogsi.hu\/tatabanya\/kepzes\/a1-kategoria-b-vel\/#breadcrumb\",\"itemListElement\":[{\"@type\":\"ListItem\",\"position\":1,\"name\":\"Kezd\u0151lap\",\"item\":\"https:\/\/netcarjogsi.hu\/tatabanya\/\"},{\"@type\":\"ListItem\",\"position\":2,\"name\":\"K\u00e9pz\u00e9sek\",\"item\":\"https:\/\/netcarjogsi.hu\/tatabanya\/kepzesek\/\"},{\"@type\":\"ListItem\",\"position\":3,\"name\":\"A1 kateg\u00f3ria (B-vel)\"}]},{\"@type\":\"WebSite\",\"@id\":\"https:\/\/netcarjogsi.hu\/tatabanya\/#website\",\"url\":\"https:\/\/netcarjogsi.hu\/tatabanya\/\",\"name\":\"NeTcar Aut\u00f3siskola Tatab\u00e1nya\",\"description\":\"Jogos\u00edtv\u00e1nyszerz\u00e9s minden kateg\u00f3ri\u00e1ban Tatab\u00e1ny\u00e1n.\",\"publisher\":{\"@id\":\"https:\/\/netcarjogsi.hu\/tatabanya\/#organization\"},\"potentialAction\":[{\"@type\":\"SearchAction\",\"target\":{\"@type\":\"EntryPoint\",\"urlTemplate\":\"https:\/\/netcarjogsi.hu\/tatabanya\/?s={search_term_string}\"},\"query-input\":{\"@type\":\"PropertyValueSpecification\",\"valueRequired\":true,\"valueName\":\"search_term_string\"}}],\"inLanguage\":\"hu\"},{\"@type\":\"Organization\",\"@id\":\"https:\/\/netcarjogsi.hu\/tatabanya\/#organization\",\"name\":\"NeTcar Aut\u00f3siskola Tatab\u00e1nya\",\"url\":\"https:\/\/netcarjogsi.hu\/tatabanya\/\",\"logo\":{\"@type\":\"ImageObject\",\"inLanguage\":\"hu\",\"@id\":\"https:\/\/netcarjogsi.hu\/tatabanya\/#\/schema\/logo\/image\/\",\"url\":\"https:\/\/netcarjogsi.hu\/tatabanya\/wp-content\/uploads\/sites\/7\/2025\/05\/logo_150px.png\",\"contentUrl\":\"https:\/\/netcarjogsi.hu\/tatabanya\/wp-content\/uploads\/sites\/7\/2025\/05\/logo_150px.png\",\"width\":150,\"height\":57,\"caption\":\"NeTcar Aut\u00f3siskola Tatab\u00e1nya\"},\"image\":{\"@id\":\"https:\/\/netcarjogsi.hu\/tatabanya\/#\/schema\/logo\/image\/\"}}]}<\/script>\n<!-- \/ Yoast SEO plugin. -->","yoast_head_json":{"title":"A1 kateg\u00f3ria (B-vel) - NeTcar Aut\u00f3siskola Tatab\u00e1nya","description":"Szerezd meg A1 kateg\u00f3ri\u00e1s jogos\u00edtv\u00e1nyodat a Netcar Aut\u00f3siskol\u00e1ban Tatab\u00e1ny\u00e1n! Ha m\u00e1r rendelkezel B kateg\u00f3ri\u00e1s jogos\u00edtv\u00e1nnyal","robots":{"index":"index","follow":"follow","max-snippet":"max-snippet:-1","max-image-preview":"max-image-preview:large","max-video-preview":"max-video-preview:-1"},"canonical":"https:\/\/netcarjogsi.hu\/tatabanya\/kepzes\/a1-kategoria-b-vel\/","og_locale":"hu_HU","og_type":"article","og_title":"A1 jogos\u00edtv\u00e1ny netcar Tatab\u00e1nya","og_description":"Szerezd meg A1 kateg\u00f3ri\u00e1s jogos\u00edtv\u00e1nyodat a Netcar Aut\u00f3siskol\u00e1ban Tatab\u00e1ny\u00e1n! Ha m\u00e1r rendelkezel B kateg\u00f3ri\u00e1s jogos\u00edtv\u00e1nnyal","og_url":"https:\/\/netcarjogsi.hu\/tatabanya\/kepzes\/a1-kategoria-b-vel\/","og_site_name":"NeTcar Aut\u00f3siskola Tatab\u00e1nya","article_modified_time":"2025-08-15T09:15:44+00:00","og_image":[{"width":1200,"height":680,"url":"https:\/\/netcarjogsi.hu\/tatabanya\/wp-content\/uploads\/sites\/7\/2025\/05\/A1B_kateg.png","type":"image\/png"}],"twitter_card":"summary_large_image","twitter_misc":{"Becs\u00fclt olvas\u00e1si id\u0151":"1 perc"},"schema":{"@context":"https:\/\/schema.org","@graph":[{"@type":"WebPage","@id":"https:\/\/netcarjogsi.hu\/tatabanya\/kepzes\/a1-kategoria-b-vel\/","url":"https:\/\/netcarjogsi.hu\/tatabanya\/kepzes\/a1-kategoria-b-vel\/","name":"A1 kateg\u00f3ria (B-vel) - NeTcar Aut\u00f3siskola Tatab\u00e1nya","isPartOf":{"@id":"https:\/\/netcarjogsi.hu\/tatabanya\/#website"},"primaryImageOfPage":{"@id":"https:\/\/netcarjogsi.hu\/tatabanya\/kepzes\/a1-kategoria-b-vel\/#primaryimage"},"image":{"@id":"https:\/\/netcarjogsi.hu\/tatabanya\/kepzes\/a1-kategoria-b-vel\/#primaryimage"},"thumbnailUrl":"https:\/\/netcarjogsi.hu\/tatabanya\/wp-content\/uploads\/sites\/7\/2025\/05\/A1B_kateg.png","datePublished":"2025-05-26T12:05:28+00:00","dateModified":"2025-08-15T09:15:44+00:00","description":"Szerezd meg A1 kateg\u00f3ri\u00e1s jogos\u00edtv\u00e1nyodat a Netcar Aut\u00f3siskol\u00e1ban Tatab\u00e1ny\u00e1n! Ha m\u00e1r rendelkezel B kateg\u00f3ri\u00e1s jogos\u00edtv\u00e1nnyal","breadcrumb":{"@id":"https:\/\/netcarjogsi.hu\/tatabanya\/kepzes\/a1-kategoria-b-vel\/#breadcrumb"},"inLanguage":"hu","potentialAction":[{"@type":"ReadAction","target":["https:\/\/netcarjogsi.hu\/tatabanya\/kepzes\/a1-kategoria-b-vel\/"]}]},{"@type":"ImageObject","inLanguage":"hu","@id":"https:\/\/netcarjogsi.hu\/tatabanya\/kepzes\/a1-kategoria-b-vel\/#primaryimage","url":"https:\/\/netcarjogsi.hu\/tatabanya\/wp-content\/uploads\/sites\/7\/2025\/05\/A1B_kateg.png","contentUrl":"https:\/\/netcarjogsi.hu\/tatabanya\/wp-content\/uploads\/sites\/7\/2025\/05\/A1B_kateg.png","width":1200,"height":680,"caption":"NeTcar Aut\u00f3siskola Tatab\u00e1nya A1 k\u00e9pz\u00e9s"},{"@type":"BreadcrumbList","@id":"https:\/\/netcarjogsi.hu\/tatabanya\/kepzes\/a1-kategoria-b-vel\/#breadcrumb","itemListElement":[{"@type":"ListItem","position":1,"name":"Kezd\u0151lap","item":"https:\/\/netcarjogsi.hu\/tatabanya\/"},{"@type":"ListItem","position":2,"name":"K\u00e9pz\u00e9sek","item":"https:\/\/netcarjogsi.hu\/tatabanya\/kepzesek\/"},{"@type":"ListItem","position":3,"name":"A1 kateg\u00f3ria (B-vel)"}]},{"@type":"WebSite","@id":"https:\/\/netcarjogsi.hu\/tatabanya\/#website","url":"https:\/\/netcarjogsi.hu\/tatabanya\/","name":"NeTcar Aut\u00f3siskola Tatab\u00e1nya","description":"Jogos\u00edtv\u00e1nyszerz\u00e9s minden kateg\u00f3ri\u00e1ban Tatab\u00e1ny\u00e1n.","publisher":{"@id":"https:\/\/netcarjogsi.hu\/tatabanya\/#organization"},"potentialAction":[{"@type":"SearchAction","target":{"@type":"EntryPoint","urlTemplate":"https:\/\/netcarjogsi.hu\/tatabanya\/?s={search_term_string}"},"query-input":{"@type":"PropertyValueSpecification","valueRequired":true,"valueName":"search_term_string"}}],"inLanguage":"hu"},{"@type":"Organization","@id":"https:\/\/netcarjogsi.hu\/tatabanya\/#organization","name":"NeTcar Aut\u00f3siskola Tatab\u00e1nya","url":"https:\/\/netcarjogsi.hu\/tatabanya\/","logo":{"@type":"ImageObject","inLanguage":"hu","@id":"https:\/\/netcarjogsi.hu\/tatabanya\/#\/schema\/logo\/image\/","url":"https:\/\/netcarjogsi.hu\/tatabanya\/wp-content\/uploads\/sites\/7\/2025\/05\/logo_150px.png","contentUrl":"https:\/\/netcarjogsi.hu\/tatabanya\/wp-content\/uploads\/sites\/7\/2025\/05\/logo_150px.png","width":150,"height":57,"caption":"NeTcar Aut\u00f3siskola Tatab\u00e1nya"},"image":{"@id":"https:\/\/netcarjogsi.hu\/tatabanya\/#\/schema\/logo\/image\/"}}]}},"publishpress_future_workflow_manual_trigger":{"enabledWorkflows":[]},"_links":{"self":[{"href":"https:\/\/netcarjogsi.hu\/tatabanya\/wp-json\/wp\/v2\/product\/222","targetHints":{"allow":["GET"]}}],"collection":[{"href":"https:\/\/netcarjogsi.hu\/tatabanya\/wp-json\/wp\/v2\/product"}],"about":[{"href":"https:\/\/netcarjogsi.hu\/tatabanya\/wp-json\/wp\/v2\/types\/product"}],"wp:featuredmedia":[{"embeddable":true,"href":"https:\/\/netcarjogsi.hu\/tatabanya\/wp-json\/wp\/v2\/media\/242"}],"wp:attachment":[{"href":"https:\/\/netcarjogsi.hu\/tatabanya\/wp-json\/wp\/v2\/media?parent=222"}],"wp:term":[{"taxonomy":"product_brand","embeddable":true,"href":"https:\/\/netcarjogsi.hu\/tatabanya\/wp-json\/wp\/v2\/product_brand?post=222"},{"taxonomy":"product_cat","embeddable":true,"href":"https:\/\/netcarjogsi.hu\/tatabanya\/wp-json\/wp\/v2\/product_cat?post=222"},{"taxonomy":"product_tag","embeddable":true,"href":"https:\/\/netcarjogsi.hu\/tatabanya\/wp-json\/wp\/v2\/product_tag?post=222"}],"curies":[{"name":"wp","href":"https:\/\/api.w.org\/{rel}","templated":true}]}}