{"id":226,"date":"2025-05-26T14:05:29","date_gmt":"2025-05-26T12:05:29","guid":{"rendered":"https:\/\/netcarjogsi.hu\/tatabanya\/?post_type=product&#038;p=226"},"modified":"2025-06-05T14:43:38","modified_gmt":"2025-06-05T12:43:38","slug":"gki-c-alapkepzes","status":"publish","type":"product","link":"https:\/\/netcarjogsi.hu\/tatabanya\/kepzes\/gki-c-alapkepzes\/","title":{"rendered":"GKI C alapk\u00e9pz\u00e9s"},"content":{"rendered":"<div class=\"aux-institute-author-wrapper\">\n<div class=\"aux-institute-author-img\"><img decoding=\"async\" class=\"alignnone size-full wp-image-1136\" src=\"https:\/\/netcarjogsi.hu\/sopron\/wp-content\/uploads\/sites\/2\/2025\/03\/C_kategoria.png\" alt=\"\" width=\"200\" height=\"200\" \/><\/div>\n<div class=\"aux-institute-author-info\">\n<h3>Teherg\u00e9pkocsivezet\u0151i alapk\u00e9pes\u00edt\u00e9s<\/h3>\n<p>Teherg\u00e9pkocsi-vezet\u0151i alapk\u00e9pes\u00edt\u00e9st a d\u00edj ellen\u00e9ben v\u00e9gzett k\u00f6z\u00fati \u00e1rutov\u00e1bb\u00edt\u00e1si, a saj\u00e1t sz\u00e1ml\u00e1s \u00e1rusz\u00e1ll\u00edt\u00e1si tev\u00e9kenys\u00e9gr\u0151l sz\u00f3l\u00f3 korm\u00e1nyrendeletben meghat\u00e1rozott azon szem\u00e9lyeknek kell megszereznie, aki C1; C1+E; C; C+E; kateg\u00f3ri\u00e1j\u00fa vezet\u0151i enged\u00e9ly\u00e9t 2009. 09. 09-e ut\u00e1n szerezte meg.<\/p>\n<p>A fentiekben nem eml\u00edtett g\u00e9pkocsivezet\u0151 r\u00e9sz\u00e9re az alapk\u00e9pes\u00edt\u00e9s megszerz\u00e9se nem k\u00f6telez\u0151.<\/p>\n<\/div>\n<\/div>\n<div class=\"aux-institute-author-desc\">\n<h4>Alapk\u00e9pes\u00edt\u00e9st szerezhet:<\/h4>\n<p>EGT-\u00e1llam \u00e1llampolg\u00e1ra \u00e9s szok\u00e1sos lak\u00f3helye Magyarorsz\u00e1gon van<br \/>\nNem EGT-\u00e1llam \u00e1llampolg\u00e1ra \u00e9s munkav\u00e1llal\u00e1si jogosults\u00e1ga van, vagy Magyarorsz\u00e1gon bejegyzett v\u00e1llalkoz\u00e1s foglalkoztatja.<br \/>\nA szakmai alap- \u00e9s tov\u00e1bbk\u00e9pz\u00e9sre NEM k\u00f6telezett g\u00e9pj\u00e1rm\u0171vezet\u0151k k\u00f6re:<br \/>\nAki olyan j\u00e1rm\u0171vet vezet:<\/p>\n<p>amelynek max. enged\u00e9lyezett sebess\u00e9ge 45km\/h-t nem haladja meg<br \/>\namelyet a Magyar Honv\u00e9ds\u00e9g, rendv\u00e9delmi szerv, t\u0171zolt\u00f3s\u00e1g tart \u00fczemben<br \/>\namely forgalombiztons\u00e1gi vizsg\u00e1lat alatt \u00e1ll, vagy m\u00e9g nem helyeztek forgalomba<br \/>\namelyet v\u00e9delmi helyzetben vagy katasztr\u00f3fa-elh\u00e1r\u00edt\u00e1s c\u00e9lj\u00e1b\u00f3l haszn\u00e1lnak<br \/>\namelyet oktat\u00e1s vagy vizsg\u00e1ztat\u00e1s c\u00e9lj\u00e1b\u00f3l haszn\u00e1lnak<br \/>\namely szem\u00e9lyes haszn\u00e1latban van, \u00e9s amellyel k\u00f6z\u00fati k\u00f6zleked\u00e9si szolg\u00e1ltat\u00e1st nem v\u00e9geznek<br \/>\namellyel csak a j\u00e1rm\u0171vet vezet\u0151 munk\u00e1ja sor\u00e1n haszn\u00e1land\u00f3 anyagot vagy felszerel\u00e9st sz\u00e1ll\u00edtanak \u00e9s a j\u00e1rm\u0171 vezet\u00e9se nem tartozik a g\u00e9pkocsivezet\u0151 els\u0151dleges feladat\u00e1hoz.<br \/>\nSzakmai alapk\u00e9pz\u00e9sre k\u00f6telezettek vizsg\u00e1inak \u00e9s a GKI kiad\u00e1s\u00e1nak kezd\u0151 id\u0151pontja:<br \/>\nC1; C1+E; C; C+E; kateg\u00f3ri\u00e1j\u00fa vezet\u0151i enged\u00e9ly eset\u00e9n 2009. 09. 10.<\/p>\n<p>Felment\u00e9sek:<br \/>\nAz \u201cEl\u0151\u00edr\u00e1sok alkalmaz\u00e1sa\u201d elm\u00e9leti vizsgat\u00e1rgyb\u00f3l nem kell alapk\u00e9pes\u00edt\u00e9si vizsg\u00e1t tennie annak a g\u00e9pkocsivezet\u0151nek, aki rendelkezik a k\u00fcl\u00f6n jogszab\u00e1lyban meghat\u00e1rozott k\u00e9pes\u00edt\u00e9ssel (\u00e1rufuvaroz\u00f3-v\u00e1llalkoz\u00f3, illetve aut\u00f3buszos szem\u00e9lysz\u00e1ll\u00edt\u00f3-v\u00e1llalkoz\u00f3).<\/p>\n<p>Tanfolyam \u00f3rasz\u00e1mai:<br \/>\nElm\u00e9leti tantermi k\u00e9pz\u00e9s 30 \u00f3ra alatt vagy e-learning alap\u00fa k\u00e9pz\u00e9s \u00f6n\u00e1ll\u00f3 id\u0151beoszt\u00e1s szerinti halad\u00e1si sebess\u00e9ggel.<\/p>\n<p>Gyakorlati 13 \u00f3ra:<\/p>\n<p>Tanfolyam d\u00edja: 269.000Ft<br \/>\nVizsgad\u00edj:83 000 Ft<br \/>\n\u00d6sszesen: 368.100Ft<br \/>\nG\u00e9pj\u00e1rm\u0171vezet\u0151i K\u00e9pes\u00edt\u00e9si Igazolv\u00e1ny kiad\u00e1s\u00e1nak, cser\u00e9j\u00e9nek p\u00f3tl\u00e1s\u00e1nak a d\u00edja: 16.100 Ft.<\/p>\n<p>\u00c1raink az itt megjelentekt\u0151l v\u00e1rosonk\u00e9nt \u00e9s a beiskol\u00e1zottak l\u00e9tsz\u00e1m\u00e1t\u00f3l elt\u00e9r\u0151ek lehetnek.<\/p>\n<h4>Az alapk\u00e9pes\u00edt\u00e9s megszerz\u00e9s\u00e9re vonatkoz\u00f3 el\u0151\u00edr\u00e1sok:<br \/>\nVizsgat\u00e1rgyak \u00e9s id\u0151k:<\/h4>\n<p>I. Elm\u00e9leti vizsgat\u00e1rgyak:<\/p>\n<p>A biztons\u00e1gi szab\u00e1lyokon alapul\u00f3 \u00e9sszer\u0171 vezet\u00e9s (feleletv\u00e1laszt\u00f3s tesztk\u00e9rd\u00e9sek sz\u00e1m\u00edt\u00f3g\u00e9pen vagy indokolt esetben tesztlapon)<br \/>\nEl\u0151\u00edr\u00e1sok alkalmaz\u00e1sa (feleletv\u00e1laszt\u00f3s tesztk\u00e9rd\u00e9sek sz\u00e1m\u00edt\u00f3g\u00e9pen vagy indokolt esetben tesztlapon)<br \/>\nEg\u00e9szs\u00e9g\u00fcgyi, k\u00f6z\u00fati k\u00f6zleked\u00e9si \u00e9s k\u00f6rnyezeti biztons\u00e1g, szerviz, logisztika (feleletv\u00e1laszt\u00f3s tesztk\u00e9rd\u00e9sek sz\u00e1m\u00edt\u00f3g\u00e9pen vagy indokolt esetben tesztlapon)<br \/>\nEstetanulm\u00e1ny k\u00e9sz\u00edt\u00e9se (az adott t\u00e9mak\u00f6rben az ismeretek \u00edr\u00e1sban t\u00f6rt\u00e9n\u0151 kifejt\u00e9se)<br \/>\nII. Gyakorlati vizsgat\u00e1rgyak:<\/p>\n<p>J\u00e1rm\u0171vezet\u00e9s a k\u00f6z\u00fati forgalomban (aut\u00f3p\u00e1ly\u00e1n, aut\u00f3\u00faton, v\u00e1rosi f\u0151\u00fatvonalon a rendeletben meghat\u00e1rozott j\u00e1rm\u0171v\u00f6n, szakoktat\u00f3 \u00e9s vizsgabiztos jelenl\u00e9t\u00e9ben)<br \/>\nA j\u00e1rm\u0171vezet\u00e9shez kapcsol\u00f3d\u00f3 g\u00e9pkocsivezet\u0151i ismeretek (t\u00e9tel h\u00faz\u00e1sa ut\u00e1n sz\u00f3ban illetve gyakorlatban vizsgabiztos illetve technikai rendez\u0151 jelenl\u00e9t\u00e9ben)<br \/>\nJ\u00e1rm\u0171vezet\u00e9s vesz\u00e9lyhelyzetek l\u00e9trehoz\u00e1s\u00e1ra alkalmas tanp\u00e1ly\u00e1n vagy korszer\u0171 szimul\u00e1tor berendez\u00e9sen (alkalmas tanp\u00e1ly\u00e1n illetve enged\u00e9lyezett szimul\u00e1tor berendez\u00e9sen vizsgabiztos illetve szakoktat\u00f3 jelenl\u00e9t\u00e9ben)<br \/>\nA tanfolyamd\u00edj \u00e9s vizsgad\u00edj befizet\u00e9s\u00e9nek m\u00f3dja:<\/p>\n<p>\u00e1tutal\u00e1si postautalv\u00e1nnyal,<br \/>\nKft. p\u00e9nzt\u00e1r\u00e1ba k\u00f6zvetlen\u00fcl, sz\u00e1mla ellen\u00e9ben.<br \/>\nEsed\u00e9kess\u00e9ge a tanfolyam ind\u00edt\u00e1sakor.<\/p>\n<\/div>\n","protected":false},"excerpt":{"rendered":"<p>Teherg\u00e9pkocsivezet\u0151i alapk\u00e9pes\u00edt\u00e9s Teherg\u00e9pkocsi-vezet\u0151i alapk\u00e9pes\u00edt\u00e9st a d\u00edj ellen\u00e9ben v\u00e9gzett k\u00f6z\u00fati \u00e1rutov\u00e1bb\u00edt\u00e1si, a saj\u00e1t sz\u00e1ml\u00e1s \u00e1rusz\u00e1ll\u00edt\u00e1si tev\u00e9kenys\u00e9gr\u0151l sz\u00f3l\u00f3 korm\u00e1nyrendeletben meghat\u00e1rozott azon szem\u00e9lyeknek kell megszereznie, aki C1; C1+E; C; C+E; kateg\u00f3ri\u00e1j\u00fa vezet\u0151i enged\u00e9ly\u00e9t 2009. 09. 09-e ut\u00e1n szerezte meg. A fentiekben nem eml\u00edtett g\u00e9pkocsivezet\u0151 r\u00e9sz\u00e9re az alapk\u00e9pes\u00edt\u00e9s megszerz\u00e9se nem k\u00f6telez\u0151. Alapk\u00e9pes\u00edt\u00e9st szerezhet: EGT-\u00e1llam \u00e1llampolg\u00e1ra \u00e9s szok\u00e1sos lak\u00f3helye Magyarorsz\u00e1gon [&hellip;]<\/p>\n","protected":false},"featured_media":246,"template":"","meta":[],"product_brand":[],"product_cat":[89,92],"product_tag":[83,85],"class_list":{"0":"post-226","1":"product","2":"type-product","3":"status-publish","4":"has-post-thumbnail","6":"product_cat-c","7":"product_cat-gki","8":"product_tag-szaktanfolyam","9":"product_tag-tehergepkocsi","11":"first","12":"instock","13":"shipping-taxable","14":"product-type-external"},"yoast_head":"<!-- This site is optimized with the Yoast SEO plugin v25.4 - https:\/\/yoast.com\/wordpress\/plugins\/seo\/ -->\n<title>GKI C alapk\u00e9pz\u00e9s - NeTcar Aut\u00f3siskola Tatab\u00e1nya<\/title>\n<meta name=\"description\" content=\"V\u00e1laszd a Netcar Aut\u00f3siskola GKI C kateg\u00f3ri\u00e1s alapk\u00e9pz\u00e9s\u00e9t Tatab\u00e1ny\u00e1n! Teherg\u00e9pkocsi-vezet\u0151knek k\u00f6telez\u0151 alapk\u00e9pz\u00e9s, tapasztalt oktat\u00f3kkal.\" \/>\n<meta name=\"robots\" content=\"index, follow, max-snippet:-1, max-image-preview:large, max-video-preview:-1\" \/>\n<link rel=\"canonical\" href=\"https:\/\/netcarjogsi.hu\/tatabanya\/kepzes\/gki-c-alapkepzes\/\" \/>\n<meta property=\"og:locale\" content=\"hu_HU\" \/>\n<meta property=\"og:type\" content=\"article\" \/>\n<meta property=\"og:title\" content=\"GKI C alapk\u00e9pz\u00e9s netcar Tatab\u00e1nya\" \/>\n<meta property=\"og:description\" content=\"V\u00e1laszd a Netcar Aut\u00f3siskola GKI C kateg\u00f3ri\u00e1s alapk\u00e9pz\u00e9s\u00e9t Tatab\u00e1ny\u00e1n! Teherg\u00e9pkocsi-vezet\u0151knek k\u00f6telez\u0151 alapk\u00e9pz\u00e9s, tapasztalt oktat\u00f3kkal \u00e9s gyakorlatorient\u00e1lt oktat\u00e1ssal.\" \/>\n<meta property=\"og:url\" content=\"https:\/\/netcarjogsi.hu\/tatabanya\/kepzes\/gki-c-alapkepzes\/\" \/>\n<meta property=\"og:site_name\" content=\"NeTcar Aut\u00f3siskola Tatab\u00e1nya\" \/>\n<meta property=\"article:modified_time\" content=\"2025-06-05T12:43:38+00:00\" \/>\n<meta property=\"og:image\" content=\"https:\/\/netcarjogsi.hu\/tatabanya\/wp-content\/uploads\/sites\/7\/2025\/05\/GKI_CA_kat.png\" \/>\n\t<meta property=\"og:image:width\" content=\"1200\" \/>\n\t<meta property=\"og:image:height\" content=\"680\" \/>\n\t<meta property=\"og:image:type\" content=\"image\/png\" \/>\n<meta name=\"twitter:card\" content=\"summary_large_image\" \/>\n<meta name=\"twitter:label1\" content=\"Becs\u00fclt olvas\u00e1si id\u0151\" \/>\n\t<meta name=\"twitter:data1\" content=\"3 perc\" \/>\n<script type=\"application\/ld+json\" class=\"yoast-schema-graph\">{\"@context\":\"https:\/\/schema.org\",\"@graph\":[{\"@type\":\"WebPage\",\"@id\":\"https:\/\/netcarjogsi.hu\/tatabanya\/kepzes\/gki-c-alapkepzes\/\",\"url\":\"https:\/\/netcarjogsi.hu\/tatabanya\/kepzes\/gki-c-alapkepzes\/\",\"name\":\"GKI C alapk\u00e9pz\u00e9s - NeTcar Aut\u00f3siskola Tatab\u00e1nya\",\"isPartOf\":{\"@id\":\"https:\/\/netcarjogsi.hu\/tatabanya\/#website\"},\"primaryImageOfPage\":{\"@id\":\"https:\/\/netcarjogsi.hu\/tatabanya\/kepzes\/gki-c-alapkepzes\/#primaryimage\"},\"image\":{\"@id\":\"https:\/\/netcarjogsi.hu\/tatabanya\/kepzes\/gki-c-alapkepzes\/#primaryimage\"},\"thumbnailUrl\":\"https:\/\/netcarjogsi.hu\/tatabanya\/wp-content\/uploads\/sites\/7\/2025\/05\/GKI_CA_kat.png\",\"datePublished\":\"2025-05-26T12:05:29+00:00\",\"dateModified\":\"2025-06-05T12:43:38+00:00\",\"description\":\"V\u00e1laszd a Netcar Aut\u00f3siskola GKI C kateg\u00f3ri\u00e1s alapk\u00e9pz\u00e9s\u00e9t Tatab\u00e1ny\u00e1n! Teherg\u00e9pkocsi-vezet\u0151knek k\u00f6telez\u0151 alapk\u00e9pz\u00e9s, tapasztalt oktat\u00f3kkal.\",\"breadcrumb\":{\"@id\":\"https:\/\/netcarjogsi.hu\/tatabanya\/kepzes\/gki-c-alapkepzes\/#breadcrumb\"},\"inLanguage\":\"hu\",\"potentialAction\":[{\"@type\":\"ReadAction\",\"target\":[\"https:\/\/netcarjogsi.hu\/tatabanya\/kepzes\/gki-c-alapkepzes\/\"]}]},{\"@type\":\"ImageObject\",\"inLanguage\":\"hu\",\"@id\":\"https:\/\/netcarjogsi.hu\/tatabanya\/kepzes\/gki-c-alapkepzes\/#primaryimage\",\"url\":\"https:\/\/netcarjogsi.hu\/tatabanya\/wp-content\/uploads\/sites\/7\/2025\/05\/GKI_CA_kat.png\",\"contentUrl\":\"https:\/\/netcarjogsi.hu\/tatabanya\/wp-content\/uploads\/sites\/7\/2025\/05\/GKI_CA_kat.png\",\"width\":1200,\"height\":680,\"caption\":\"NeTcar Aut\u00f3siskola Tatab\u00e1nya GKI k\u00e9pz\u00e9s\"},{\"@type\":\"BreadcrumbList\",\"@id\":\"https:\/\/netcarjogsi.hu\/tatabanya\/kepzes\/gki-c-alapkepzes\/#breadcrumb\",\"itemListElement\":[{\"@type\":\"ListItem\",\"position\":1,\"name\":\"Kezd\u0151lap\",\"item\":\"https:\/\/netcarjogsi.hu\/tatabanya\/\"},{\"@type\":\"ListItem\",\"position\":2,\"name\":\"K\u00e9pz\u00e9sek\",\"item\":\"https:\/\/netcarjogsi.hu\/tatabanya\/kepzesek\/\"},{\"@type\":\"ListItem\",\"position\":3,\"name\":\"GKI C alapk\u00e9pz\u00e9s\"}]},{\"@type\":\"WebSite\",\"@id\":\"https:\/\/netcarjogsi.hu\/tatabanya\/#website\",\"url\":\"https:\/\/netcarjogsi.hu\/tatabanya\/\",\"name\":\"NeTcar Aut\u00f3siskola Tatab\u00e1nya\",\"description\":\"Jogos\u00edtv\u00e1nyszerz\u00e9s minden kateg\u00f3ri\u00e1ban Tatab\u00e1ny\u00e1n.\",\"publisher\":{\"@id\":\"https:\/\/netcarjogsi.hu\/tatabanya\/#organization\"},\"potentialAction\":[{\"@type\":\"SearchAction\",\"target\":{\"@type\":\"EntryPoint\",\"urlTemplate\":\"https:\/\/netcarjogsi.hu\/tatabanya\/?s={search_term_string}\"},\"query-input\":{\"@type\":\"PropertyValueSpecification\",\"valueRequired\":true,\"valueName\":\"search_term_string\"}}],\"inLanguage\":\"hu\"},{\"@type\":\"Organization\",\"@id\":\"https:\/\/netcarjogsi.hu\/tatabanya\/#organization\",\"name\":\"NeTcar Aut\u00f3siskola Tatab\u00e1nya\",\"url\":\"https:\/\/netcarjogsi.hu\/tatabanya\/\",\"logo\":{\"@type\":\"ImageObject\",\"inLanguage\":\"hu\",\"@id\":\"https:\/\/netcarjogsi.hu\/tatabanya\/#\/schema\/logo\/image\/\",\"url\":\"https:\/\/netcarjogsi.hu\/tatabanya\/wp-content\/uploads\/sites\/7\/2025\/05\/logo_150px.png\",\"contentUrl\":\"https:\/\/netcarjogsi.hu\/tatabanya\/wp-content\/uploads\/sites\/7\/2025\/05\/logo_150px.png\",\"width\":150,\"height\":57,\"caption\":\"NeTcar Aut\u00f3siskola Tatab\u00e1nya\"},\"image\":{\"@id\":\"https:\/\/netcarjogsi.hu\/tatabanya\/#\/schema\/logo\/image\/\"}}]}<\/script>\n<!-- \/ Yoast SEO plugin. -->","yoast_head_json":{"title":"GKI C alapk\u00e9pz\u00e9s - NeTcar Aut\u00f3siskola Tatab\u00e1nya","description":"V\u00e1laszd a Netcar Aut\u00f3siskola GKI C kateg\u00f3ri\u00e1s alapk\u00e9pz\u00e9s\u00e9t Tatab\u00e1ny\u00e1n! Teherg\u00e9pkocsi-vezet\u0151knek k\u00f6telez\u0151 alapk\u00e9pz\u00e9s, tapasztalt oktat\u00f3kkal.","robots":{"index":"index","follow":"follow","max-snippet":"max-snippet:-1","max-image-preview":"max-image-preview:large","max-video-preview":"max-video-preview:-1"},"canonical":"https:\/\/netcarjogsi.hu\/tatabanya\/kepzes\/gki-c-alapkepzes\/","og_locale":"hu_HU","og_type":"article","og_title":"GKI C alapk\u00e9pz\u00e9s netcar Tatab\u00e1nya","og_description":"V\u00e1laszd a Netcar Aut\u00f3siskola GKI C kateg\u00f3ri\u00e1s alapk\u00e9pz\u00e9s\u00e9t Tatab\u00e1ny\u00e1n! Teherg\u00e9pkocsi-vezet\u0151knek k\u00f6telez\u0151 alapk\u00e9pz\u00e9s, tapasztalt oktat\u00f3kkal \u00e9s gyakorlatorient\u00e1lt oktat\u00e1ssal.","og_url":"https:\/\/netcarjogsi.hu\/tatabanya\/kepzes\/gki-c-alapkepzes\/","og_site_name":"NeTcar Aut\u00f3siskola Tatab\u00e1nya","article_modified_time":"2025-06-05T12:43:38+00:00","og_image":[{"width":1200,"height":680,"url":"https:\/\/netcarjogsi.hu\/tatabanya\/wp-content\/uploads\/sites\/7\/2025\/05\/GKI_CA_kat.png","type":"image\/png"}],"twitter_card":"summary_large_image","twitter_misc":{"Becs\u00fclt olvas\u00e1si id\u0151":"3 perc"},"schema":{"@context":"https:\/\/schema.org","@graph":[{"@type":"WebPage","@id":"https:\/\/netcarjogsi.hu\/tatabanya\/kepzes\/gki-c-alapkepzes\/","url":"https:\/\/netcarjogsi.hu\/tatabanya\/kepzes\/gki-c-alapkepzes\/","name":"GKI C alapk\u00e9pz\u00e9s - NeTcar Aut\u00f3siskola Tatab\u00e1nya","isPartOf":{"@id":"https:\/\/netcarjogsi.hu\/tatabanya\/#website"},"primaryImageOfPage":{"@id":"https:\/\/netcarjogsi.hu\/tatabanya\/kepzes\/gki-c-alapkepzes\/#primaryimage"},"image":{"@id":"https:\/\/netcarjogsi.hu\/tatabanya\/kepzes\/gki-c-alapkepzes\/#primaryimage"},"thumbnailUrl":"https:\/\/netcarjogsi.hu\/tatabanya\/wp-content\/uploads\/sites\/7\/2025\/05\/GKI_CA_kat.png","datePublished":"2025-05-26T12:05:29+00:00","dateModified":"2025-06-05T12:43:38+00:00","description":"V\u00e1laszd a Netcar Aut\u00f3siskola GKI C kateg\u00f3ri\u00e1s alapk\u00e9pz\u00e9s\u00e9t Tatab\u00e1ny\u00e1n! Teherg\u00e9pkocsi-vezet\u0151knek k\u00f6telez\u0151 alapk\u00e9pz\u00e9s, tapasztalt oktat\u00f3kkal.","breadcrumb":{"@id":"https:\/\/netcarjogsi.hu\/tatabanya\/kepzes\/gki-c-alapkepzes\/#breadcrumb"},"inLanguage":"hu","potentialAction":[{"@type":"ReadAction","target":["https:\/\/netcarjogsi.hu\/tatabanya\/kepzes\/gki-c-alapkepzes\/"]}]},{"@type":"ImageObject","inLanguage":"hu","@id":"https:\/\/netcarjogsi.hu\/tatabanya\/kepzes\/gki-c-alapkepzes\/#primaryimage","url":"https:\/\/netcarjogsi.hu\/tatabanya\/wp-content\/uploads\/sites\/7\/2025\/05\/GKI_CA_kat.png","contentUrl":"https:\/\/netcarjogsi.hu\/tatabanya\/wp-content\/uploads\/sites\/7\/2025\/05\/GKI_CA_kat.png","width":1200,"height":680,"caption":"NeTcar Aut\u00f3siskola Tatab\u00e1nya GKI k\u00e9pz\u00e9s"},{"@type":"BreadcrumbList","@id":"https:\/\/netcarjogsi.hu\/tatabanya\/kepzes\/gki-c-alapkepzes\/#breadcrumb","itemListElement":[{"@type":"ListItem","position":1,"name":"Kezd\u0151lap","item":"https:\/\/netcarjogsi.hu\/tatabanya\/"},{"@type":"ListItem","position":2,"name":"K\u00e9pz\u00e9sek","item":"https:\/\/netcarjogsi.hu\/tatabanya\/kepzesek\/"},{"@type":"ListItem","position":3,"name":"GKI C alapk\u00e9pz\u00e9s"}]},{"@type":"WebSite","@id":"https:\/\/netcarjogsi.hu\/tatabanya\/#website","url":"https:\/\/netcarjogsi.hu\/tatabanya\/","name":"NeTcar Aut\u00f3siskola Tatab\u00e1nya","description":"Jogos\u00edtv\u00e1nyszerz\u00e9s minden kateg\u00f3ri\u00e1ban Tatab\u00e1ny\u00e1n.","publisher":{"@id":"https:\/\/netcarjogsi.hu\/tatabanya\/#organization"},"potentialAction":[{"@type":"SearchAction","target":{"@type":"EntryPoint","urlTemplate":"https:\/\/netcarjogsi.hu\/tatabanya\/?s={search_term_string}"},"query-input":{"@type":"PropertyValueSpecification","valueRequired":true,"valueName":"search_term_string"}}],"inLanguage":"hu"},{"@type":"Organization","@id":"https:\/\/netcarjogsi.hu\/tatabanya\/#organization","name":"NeTcar Aut\u00f3siskola Tatab\u00e1nya","url":"https:\/\/netcarjogsi.hu\/tatabanya\/","logo":{"@type":"ImageObject","inLanguage":"hu","@id":"https:\/\/netcarjogsi.hu\/tatabanya\/#\/schema\/logo\/image\/","url":"https:\/\/netcarjogsi.hu\/tatabanya\/wp-content\/uploads\/sites\/7\/2025\/05\/logo_150px.png","contentUrl":"https:\/\/netcarjogsi.hu\/tatabanya\/wp-content\/uploads\/sites\/7\/2025\/05\/logo_150px.png","width":150,"height":57,"caption":"NeTcar Aut\u00f3siskola Tatab\u00e1nya"},"image":{"@id":"https:\/\/netcarjogsi.hu\/tatabanya\/#\/schema\/logo\/image\/"}}]}},"publishpress_future_workflow_manual_trigger":{"enabledWorkflows":[]},"_links":{"self":[{"href":"https:\/\/netcarjogsi.hu\/tatabanya\/wp-json\/wp\/v2\/product\/226","targetHints":{"allow":["GET"]}}],"collection":[{"href":"https:\/\/netcarjogsi.hu\/tatabanya\/wp-json\/wp\/v2\/product"}],"about":[{"href":"https:\/\/netcarjogsi.hu\/tatabanya\/wp-json\/wp\/v2\/types\/product"}],"wp:featuredmedia":[{"embeddable":true,"href":"https:\/\/netcarjogsi.hu\/tatabanya\/wp-json\/wp\/v2\/media\/246"}],"wp:attachment":[{"href":"https:\/\/netcarjogsi.hu\/tatabanya\/wp-json\/wp\/v2\/media?parent=226"}],"wp:term":[{"taxonomy":"product_brand","embeddable":true,"href":"https:\/\/netcarjogsi.hu\/tatabanya\/wp-json\/wp\/v2\/product_brand?post=226"},{"taxonomy":"product_cat","embeddable":true,"href":"https:\/\/netcarjogsi.hu\/tatabanya\/wp-json\/wp\/v2\/product_cat?post=226"},{"taxonomy":"product_tag","embeddable":true,"href":"https:\/\/netcarjogsi.hu\/tatabanya\/wp-json\/wp\/v2\/product_tag?post=226"}],"curies":[{"name":"wp","href":"https:\/\/api.w.org\/{rel}","templated":true}]}}