{"id":228,"date":"2025-05-26T14:05:29","date_gmt":"2025-05-26T12:05:29","guid":{"rendered":"https:\/\/netcarjogsi.hu\/tatabanya\/?post_type=product&#038;p=228"},"modified":"2025-05-27T10:12:42","modified_gmt":"2025-05-27T08:12:42","slug":"gki-c-tovabbkepzes","status":"publish","type":"product","link":"https:\/\/netcarjogsi.hu\/tatabanya\/kepzes\/gki-c-tovabbkepzes\/","title":{"rendered":"GKI C tov\u00e1bbk\u00e9pz\u00e9s"},"content":{"rendered":"<div class=\"aux-institute-author-wrapper\">\n<div class=\"aux-institute-author-img\"><img decoding=\"async\" class=\"alignnone size-full wp-image-1136\" src=\"https:\/\/netcarjogsi.hu\/sopron\/wp-content\/uploads\/sites\/2\/2025\/03\/CE_kategoria.png\" alt=\"\" width=\"200\" height=\"200\" \/><\/div>\n<div class=\"aux-institute-author-info\">\n<h3>Teherg\u00e9pkocsivezet\u0151i tov\u00e1bbk\u00e9pz\u00e9si k\u00e9pes\u00edt\u00e9s<\/h3>\n<p>Teherg\u00e9pkocsi-vezet\u0151i tov\u00e1bbk\u00e9pz\u00e9si k\u00e9pes\u00edt\u00e9st a d\u00edj ellen\u00e9ben v\u00e9gzett k\u00f6z\u00fati \u00e1rutov\u00e1bb\u00edt\u00e1si, a saj\u00e1t sz\u00e1ml\u00e1s \u00e1rusz\u00e1ll\u00edt\u00e1si tev\u00e9kenys\u00e9gr\u0151l sz\u00f3l\u00f3 korm\u00e1nyrendeletben meghat\u00e1rozott azon szem\u00e9lyeknek kell megszereznie, aki:<\/p>\n<ul>\n<li>Az a g\u00e9pkocsivezet\u0151, akik alapk\u00e9pes\u00edt\u00e9s megszerz\u00e9s\u00e9re k\u00f6telezett, az alapk\u00e9pes\u00edt\u00e9s megszerz\u00e9s\u00e9t k\u00f6vet\u0151 \u00f6t \u00e9ven bel\u00fcl.<\/li>\n<li>Az a g\u00e9pkocsivezet\u0151, akik alapk\u00e9pes\u00edt\u00e9s megszerz\u00e9s\u00e9re nem k\u00f6telezett:<\/li>\n<li>a C1; C1+E; C; C+E kateg\u00f3ri\u00e1j\u00fa j\u00e1rm\u0171 eset\u00e9ben a \u201cr\u00e9gi\u201d igazolv\u00e1ny \u00e9rv\u00e9nyess\u00e9g\u00e9ig, de legfeljebb 2014. 09. 10-ig k\u00f6z\u00faton t\u00f6rt\u00e9n\u0151 j\u00e1rm\u0171vezet\u00e9shez.<\/li>\n<\/ul>\n<\/div>\n<\/div>\n<div class=\"aux-institute-author-desc\">\n<h4>Tov\u00e1bbk\u00e9pz\u00e9si k\u00e9pes\u00edt\u00e9st szerezhet:<\/h4>\n<p>EGT-\u00e1llam \u00e1llampolg\u00e1ra \u00e9s szok\u00e1sos lak\u00f3helye Magyarorsz\u00e1gon van,<br \/>\nNem EGT-\u00e1llam \u00e1llampolg\u00e1ra \u00e9s munkav\u00e1llal\u00e1si jogosults\u00e1ga van, vagy Magyarorsz\u00e1gon bejegyzett v\u00e1llalkoz\u00e1s foglalkoztatja,<br \/>\nA fent felsorolt kateg\u00f3ri\u00e1kra \u00e9rv\u00e9nyes vezet\u0151i enged\u00e9llyel rendelkezik,<br \/>\nEGT-\u00e1llamban szerzett alapk\u00e9pes\u00edt\u00e9ssel rendelkezik vagy ennek megszerz\u00e9s\u00e9re nem k\u00f6telezett.<br \/>\nA szakmai alap- \u00e9s tov\u00e1bbk\u00e9pz\u00e9sre NEM k\u00f6telezett g\u00e9pj\u00e1rm\u0171vezet\u0151k k\u00f6re:<br \/>\nAki olyan j\u00e1rm\u0171vet vezet:<\/p>\n<ul>\n<li>amelynek max. enged\u00e9lyezett sebess\u00e9ge 45km\/h-t nem haladja meg<\/li>\n<li>amelyet a Magyar Honv\u00e9ds\u00e9g, rendv\u00e9delmi szerv, t\u0171zolt\u00f3s\u00e1g tart \u00fczemben<\/li>\n<li>amely forgalombiztons\u00e1gi vizsg\u00e1lat alatt \u00e1ll, vagy m\u00e9g nem helyeztek forgalomba<\/li>\n<li>amelyet v\u00e9delmi helyzetben vagy katasztr\u00f3fa-elh\u00e1r\u00edt\u00e1s c\u00e9lj\u00e1b\u00f3l haszn\u00e1lnak<\/li>\n<li>amelyet oktat\u00e1s vagy vizsg\u00e1ztat\u00e1s c\u00e9lj\u00e1b\u00f3l haszn\u00e1lnak<\/li>\n<li>amely szem\u00e9lyes haszn\u00e1latban van, \u00e9s amellyel k\u00f6z\u00fati k\u00f6zleked\u00e9si szolg\u00e1ltat\u00e1st nem v\u00e9geznek<\/li>\n<li>amellyel csak a j\u00e1rm\u0171vet vezet\u0151 munk\u00e1ja sor\u00e1n haszn\u00e1land\u00f3 anyagot vagy felszerel\u00e9st sz\u00e1ll\u00edtanak \u00e9s a j\u00e1rm\u0171 vezet\u00e9se nem tartozik a g\u00e9pkocsivezet\u0151 els\u0151dleges feladat\u00e1hoz.<\/li>\n<\/ul>\n<p>&nbsp;<\/p>\n<p>Tanfolyam \u00f3rasz\u00e1mai:<br \/>\nElm\u00e9leti tantermi k\u00e9pz\u00e9s 30 \u00f3ra alatt vagy e-learning alap\u00fa k\u00e9pz\u00e9s \u00f6n\u00e1ll\u00f3 id\u0151beoszt\u00e1s szerinti halad\u00e1si sebess\u00e9ggel.<\/p>\n<p>Gyakorlati 5 \u00f3ra:<\/p>\n<p>Tanfolyam d\u00edja: 85 000 Ft<br \/>\nVizsgad\u00edj: 34 200 Ft<br \/>\n\u00d6sszesen: 135 300 Ft<br \/>\nG\u00e9pj\u00e1rm\u0171vezet\u0151i K\u00e9pes\u00edt\u00e9si Igazolv\u00e1ny kiad\u00e1s\u00e1nak, cser\u00e9j\u00e9nek p\u00f3tl\u00e1s\u00e1nak a d\u00edja: 16 100 Ft.<\/p>\n<p>\u00c1raink az itt megjelentekt\u0151l v\u00e1rosonk\u00e9nt \u00e9s a beiskol\u00e1zottak l\u00e9tsz\u00e1m\u00e1t\u00f3l elt\u00e9r\u0151ek lehetnek.<\/p>\n<p>A tov\u00e1bbk\u00e9pz\u00e9si k\u00e9pes\u00edt\u00e9s megszerz\u00e9s\u00e9re vonatkoz\u00f3 el\u0151\u00edr\u00e1sok<br \/>\nA g\u00e9pkocsivezet\u0151nek az alapk\u00e9pes\u00edt\u00e9s\u00e9hez igazod\u00f3 szakmai tov\u00e1bbk\u00e9pz\u00e9si tanfolyamon kell r\u00e9szt vennie. A tanfolyam id\u0151tartama 35 \u00f3ra, amely \u00e9venk\u00e9nt legal\u00e1bb 7 \u00f3r\u00e1s tanfolyami r\u00e9szekre is felbonthat\u00f3. A tanfolyam elv\u00e9gz\u00e9se ut\u00e1n vizsg\u00e1t kell tenni.<\/p>\n<h4>A szaktanfolyami oktat\u00e1s elm\u00e9leti tant\u00e1rgyai \u00e9s oktat\u00e1si \u00f3rasz\u00e1mok:<\/h4>\n<ul>\n<li>A biztons\u00e1gi szab\u00e1lyokon alapul\u00f3 \u00e9sszer\u0171 vezet\u00e9s (10 \u00f3ra)<\/li>\n<li>El\u0151\u00edr\u00e1sok alkalmaz\u00e1sa (10 \u00f3ra)<\/li>\n<li>Eg\u00e9szs\u00e9g\u00fcgyi, k\u00f6z\u00fati k\u00f6zleked\u00e9si \u00e9s k\u00f6rnyezeti biztons\u00e1g, szerviz, logisztika (10 \u00f3ra)<\/li>\n<li>A tanfolyam 30. \u00f3r\u00e1j\u00e1t k\u00f6vet\u0151 konzult\u00e1ci\u00f3 (3 \u00f3ra)<\/li>\n<\/ul>\n<p>A Biztons\u00e1gi szab\u00e1lyokon alapul\u00f3 \u00e9sszer\u0171 vezet\u00e9s \u00e9s az Eg\u00e9szs\u00e9g\u00fcgyi, k\u00f6z\u00fati k\u00f6zleked\u00e9si \u00e9s k\u00f6rnyezeti biztons\u00e1g, szerviz, logisztika tant\u00e1rgyak szaktanfolyami k\u00f6telez\u0151 \u00f3rasz\u00e1mainak 50%-a, valamint az e tant\u00e1rgyakhoz kapcsol\u00f3d\u00f3 vizsga al\u00f3l 2012. szeptember 9-\u00e9ig mentes\u00fcl az a g\u00e9pj\u00e1rm\u0171vezet\u0151, aki a vezet\u0151i enged\u00e9ly\u00e9t, vagy a k\u00f6z\u00fati k\u00f6zleked\u00e9si szolg\u00e1ltat\u00e1sokr\u00f3l \u00e9s a k\u00f6z\u00fati j\u00e1rm\u0171vek \u00fczemben tart\u00e1s\u00e1r\u00f3l sz\u00f3l\u00f3 89\/1988. (XII. 20.) MT rendelet 1. sz\u00e1m\u00fa mell\u00e9klete A. r\u00e9sz\u00e9nek I. fejezet\u00e9ben meghat\u00e1rozott k\u00e9pes\u00edt\u00e9s\u00e9t \u00f6t \u00e9ven bel\u00fcl szerezte (Belf\u00f6ldi k\u00f6z\u00fati szolg\u00e1ltat\u00f3i v\u00e9gzetts\u00e9g).<\/p>\n<p>A szaktanfolyami oktat\u00e1s gyakorlat tant\u00e1rgya \u00e9s oktat\u00e1si \u00f3rasz\u00e1ma:<\/p>\n<ul>\n<li>J\u00e1rm\u0171vezet\u00e9si gyakorlat tanp\u00e1ly\u00e1n vagy erre alkalmas szimul\u00e1tor berendez\u00e9sen (5 \u00f3ra)<br \/>\nV\u00e9grehajt\u00e1s m\u00f3dja:<\/li>\n<\/ul>\n<p>A j\u00e1rm\u0171 k\u00fcl\u00f6nb\u00f6z\u0151 \u00fatviszonyok k\u00f6z\u00f6tti kezel\u00e9se, megv\u00e1ltozott l\u00e9gk\u00f6ri felt\u00e9telek \u00e9s napszakokt\u00f3l vagy \u00e9jszakai id\u0151szakt\u00f3l f\u00fcgg\u0151 vezet\u0151i magatart\u00e1sok gyakorl\u00e1sa sz\u00e1raz \u00faton j\u00f3 l\u00e1t\u00e1si viszonyok mellett, korl\u00e1tozott l\u00e1t\u00e1si viszonyok mellett, nedves \u00e9s k\u00fcl\u00f6n\u00f6sen s\u00edkos \u00fatfel\u00fcleten:<\/p>\n<ul>\n<li>v\u00e9szf\u00e9kez\u00e9ssel t\u00f6rt\u00e9n\u0151 meg\u00e1ll\u00e1s,<\/li>\n<li>halad\u00e1s k\u00f6zbeni megp\u00f6rd\u00fcl\u00e9s, sodr\u00f3d\u00e1s eset\u00e9n a g\u00e9pkocsi megtart\u00e1sa az \u00faton,<\/li>\n<li>f\u00e9kez\u00e9s k\u00f6zbeni megp\u00f6rd\u00fcl\u00e9s, sodr\u00f3d\u00e1s eset\u00e9n a g\u00e9pkocsi megtart\u00e1sa az \u00faton,<\/li>\n<li>megp\u00f6rd\u00fclt g\u00e9pkocsival meg\u00e1ll\u00e1s akad\u00e1ly el\u0151tt,<\/li>\n<li>akad\u00e1ly kiker\u00fcl\u00e9se f\u00e9kez\u00e9ssel \u00e9s f\u00e9kez\u00e9s n\u00e9lk\u00fcl.<\/li>\n<\/ul>\n<p>A gyakorlati oktat\u00e1st erre a c\u00e9lra speci\u00e1lisan kialak\u00edtott tanp\u00e1ly\u00e1n vagy erre alkalmas szimul\u00e1tor berendez\u00e9sen kell lebonyol\u00edtani. (vizsgabiztos illetve szakoktat\u00f3 jelenl\u00e9t\u00e9ben)<\/p>\n<p>A tanfolyamd\u00edj \u00e9s vizsgad\u00edj befizet\u00e9s\u00e9nek m\u00f3dja:<\/p>\n<ul>\n<li>\u00e1tutal\u00e1si postautalv\u00e1nnyal,<\/li>\n<li>Kft. p\u00e9nzt\u00e1r\u00e1ba k\u00f6zvetlen\u00fcl, sz\u00e1mla ellen\u00e9ben.<br \/>\nEsed\u00e9kess\u00e9ge a tanfolyam ind\u00edt\u00e1sakor.<br \/>\nA vizsga n\u00e9lk\u00fcli GKI d\u00edjai <a href=\"https:\/\/netcarjogsi.hu\/tatabanya\/vizsgamentes-gki-kepzes\/\">itt tal\u00e1lhat\u00f3ak.\u00a0<\/a><\/li>\n<\/ul>\n<\/div>\n","protected":false},"excerpt":{"rendered":"<p>Teherg\u00e9pkocsivezet\u0151i tov\u00e1bbk\u00e9pz\u00e9si k\u00e9pes\u00edt\u00e9s Teherg\u00e9pkocsi-vezet\u0151i tov\u00e1bbk\u00e9pz\u00e9si k\u00e9pes\u00edt\u00e9st a d\u00edj ellen\u00e9ben v\u00e9gzett k\u00f6z\u00fati \u00e1rutov\u00e1bb\u00edt\u00e1si, a saj\u00e1t sz\u00e1ml\u00e1s \u00e1rusz\u00e1ll\u00edt\u00e1si tev\u00e9kenys\u00e9gr\u0151l sz\u00f3l\u00f3 korm\u00e1nyrendeletben meghat\u00e1rozott azon szem\u00e9lyeknek kell megszereznie, aki: Az a g\u00e9pkocsivezet\u0151, akik alapk\u00e9pes\u00edt\u00e9s megszerz\u00e9s\u00e9re k\u00f6telezett, az alapk\u00e9pes\u00edt\u00e9s megszerz\u00e9s\u00e9t k\u00f6vet\u0151 \u00f6t \u00e9ven bel\u00fcl. Az a g\u00e9pkocsivezet\u0151, akik alapk\u00e9pes\u00edt\u00e9s megszerz\u00e9s\u00e9re nem k\u00f6telezett: a C1; C1+E; C; C+E kateg\u00f3ri\u00e1j\u00fa j\u00e1rm\u0171 eset\u00e9ben [&hellip;]<\/p>\n","protected":false},"featured_media":248,"template":"","meta":[],"product_brand":[],"product_cat":[89,92],"product_tag":[83,85],"class_list":{"0":"post-228","1":"product","2":"type-product","3":"status-publish","4":"has-post-thumbnail","6":"product_cat-c","7":"product_cat-gki","8":"product_tag-szaktanfolyam","9":"product_tag-tehergepkocsi","11":"first","12":"instock","13":"shipping-taxable","14":"product-type-external"},"yoast_head":"<!-- This site is optimized with the Yoast SEO plugin v25.4 - https:\/\/yoast.com\/wordpress\/plugins\/seo\/ -->\n<title>GKI C tov\u00e1bbk\u00e9pz\u00e9s - NeTcar Aut\u00f3siskola Tatab\u00e1nya<\/title>\n<meta name=\"description\" content=\"Friss\u00edtsd GKI C kateg\u00f3ri\u00e1s igazolv\u00e1nyodat a Netcar Aut\u00f3siskol\u00e1ban Tatab\u00e1ny\u00e1n! K\u00f6telez\u0151 tov\u00e1bbk\u00e9pz\u00e9s teherg\u00e9pkocsi-vezet\u0151knek\" \/>\n<meta name=\"robots\" content=\"index, follow, max-snippet:-1, max-image-preview:large, max-video-preview:-1\" \/>\n<link rel=\"canonical\" href=\"https:\/\/netcarjogsi.hu\/tatabanya\/kepzes\/gki-c-tovabbkepzes\/\" \/>\n<meta property=\"og:locale\" content=\"hu_HU\" \/>\n<meta property=\"og:type\" content=\"article\" \/>\n<meta property=\"og:title\" content=\"GKI C tov\u00e1bbk\u00e9pz\u00e9s netcar Tatab\u00e1nya\" \/>\n<meta property=\"og:description\" content=\"Friss\u00edtsd GKI C kateg\u00f3ri\u00e1s igazolv\u00e1nyodat a Netcar Aut\u00f3siskol\u00e1ban Tatab\u00e1ny\u00e1n! K\u00f6telez\u0151 tov\u00e1bbk\u00e9pz\u00e9s teherg\u00e9pkocsi-vezet\u0151knek\" \/>\n<meta property=\"og:url\" content=\"https:\/\/netcarjogsi.hu\/tatabanya\/kepzes\/gki-c-tovabbkepzes\/\" \/>\n<meta property=\"og:site_name\" content=\"NeTcar Aut\u00f3siskola Tatab\u00e1nya\" \/>\n<meta property=\"article:modified_time\" content=\"2025-05-27T08:12:42+00:00\" \/>\n<meta property=\"og:image\" content=\"https:\/\/netcarjogsi.hu\/tatabanya\/wp-content\/uploads\/sites\/7\/2025\/05\/GKIC_tovabb.png\" \/>\n\t<meta property=\"og:image:width\" content=\"1200\" \/>\n\t<meta property=\"og:image:height\" content=\"680\" \/>\n\t<meta property=\"og:image:type\" content=\"image\/png\" \/>\n<meta name=\"twitter:card\" content=\"summary_large_image\" \/>\n<meta name=\"twitter:label1\" content=\"Becs\u00fclt olvas\u00e1si id\u0151\" \/>\n\t<meta name=\"twitter:data1\" content=\"4 perc\" \/>\n<script type=\"application\/ld+json\" class=\"yoast-schema-graph\">{\"@context\":\"https:\/\/schema.org\",\"@graph\":[{\"@type\":\"WebPage\",\"@id\":\"https:\/\/netcarjogsi.hu\/tatabanya\/kepzes\/gki-c-tovabbkepzes\/\",\"url\":\"https:\/\/netcarjogsi.hu\/tatabanya\/kepzes\/gki-c-tovabbkepzes\/\",\"name\":\"GKI C tov\u00e1bbk\u00e9pz\u00e9s - NeTcar Aut\u00f3siskola Tatab\u00e1nya\",\"isPartOf\":{\"@id\":\"https:\/\/netcarjogsi.hu\/tatabanya\/#website\"},\"primaryImageOfPage\":{\"@id\":\"https:\/\/netcarjogsi.hu\/tatabanya\/kepzes\/gki-c-tovabbkepzes\/#primaryimage\"},\"image\":{\"@id\":\"https:\/\/netcarjogsi.hu\/tatabanya\/kepzes\/gki-c-tovabbkepzes\/#primaryimage\"},\"thumbnailUrl\":\"https:\/\/netcarjogsi.hu\/tatabanya\/wp-content\/uploads\/sites\/7\/2025\/05\/GKIC_tovabb.png\",\"datePublished\":\"2025-05-26T12:05:29+00:00\",\"dateModified\":\"2025-05-27T08:12:42+00:00\",\"description\":\"Friss\u00edtsd GKI C kateg\u00f3ri\u00e1s igazolv\u00e1nyodat a Netcar Aut\u00f3siskol\u00e1ban Tatab\u00e1ny\u00e1n! K\u00f6telez\u0151 tov\u00e1bbk\u00e9pz\u00e9s teherg\u00e9pkocsi-vezet\u0151knek\",\"breadcrumb\":{\"@id\":\"https:\/\/netcarjogsi.hu\/tatabanya\/kepzes\/gki-c-tovabbkepzes\/#breadcrumb\"},\"inLanguage\":\"hu\",\"potentialAction\":[{\"@type\":\"ReadAction\",\"target\":[\"https:\/\/netcarjogsi.hu\/tatabanya\/kepzes\/gki-c-tovabbkepzes\/\"]}]},{\"@type\":\"ImageObject\",\"inLanguage\":\"hu\",\"@id\":\"https:\/\/netcarjogsi.hu\/tatabanya\/kepzes\/gki-c-tovabbkepzes\/#primaryimage\",\"url\":\"https:\/\/netcarjogsi.hu\/tatabanya\/wp-content\/uploads\/sites\/7\/2025\/05\/GKIC_tovabb.png\",\"contentUrl\":\"https:\/\/netcarjogsi.hu\/tatabanya\/wp-content\/uploads\/sites\/7\/2025\/05\/GKIC_tovabb.png\",\"width\":1200,\"height\":680,\"caption\":\"NeTcar Aut\u00f3siskola Tatab\u00e1nya GKI C tov\u00e1bbk\u00e9pz\u00e9s\"},{\"@type\":\"BreadcrumbList\",\"@id\":\"https:\/\/netcarjogsi.hu\/tatabanya\/kepzes\/gki-c-tovabbkepzes\/#breadcrumb\",\"itemListElement\":[{\"@type\":\"ListItem\",\"position\":1,\"name\":\"Kezd\u0151lap\",\"item\":\"https:\/\/netcarjogsi.hu\/tatabanya\/\"},{\"@type\":\"ListItem\",\"position\":2,\"name\":\"K\u00e9pz\u00e9sek\",\"item\":\"https:\/\/netcarjogsi.hu\/tatabanya\/kepzesek\/\"},{\"@type\":\"ListItem\",\"position\":3,\"name\":\"GKI C tov\u00e1bbk\u00e9pz\u00e9s\"}]},{\"@type\":\"WebSite\",\"@id\":\"https:\/\/netcarjogsi.hu\/tatabanya\/#website\",\"url\":\"https:\/\/netcarjogsi.hu\/tatabanya\/\",\"name\":\"NeTcar Aut\u00f3siskola Tatab\u00e1nya\",\"description\":\"Jogos\u00edtv\u00e1nyszerz\u00e9s minden kateg\u00f3ri\u00e1ban Tatab\u00e1ny\u00e1n.\",\"publisher\":{\"@id\":\"https:\/\/netcarjogsi.hu\/tatabanya\/#organization\"},\"potentialAction\":[{\"@type\":\"SearchAction\",\"target\":{\"@type\":\"EntryPoint\",\"urlTemplate\":\"https:\/\/netcarjogsi.hu\/tatabanya\/?s={search_term_string}\"},\"query-input\":{\"@type\":\"PropertyValueSpecification\",\"valueRequired\":true,\"valueName\":\"search_term_string\"}}],\"inLanguage\":\"hu\"},{\"@type\":\"Organization\",\"@id\":\"https:\/\/netcarjogsi.hu\/tatabanya\/#organization\",\"name\":\"NeTcar Aut\u00f3siskola Tatab\u00e1nya\",\"url\":\"https:\/\/netcarjogsi.hu\/tatabanya\/\",\"logo\":{\"@type\":\"ImageObject\",\"inLanguage\":\"hu\",\"@id\":\"https:\/\/netcarjogsi.hu\/tatabanya\/#\/schema\/logo\/image\/\",\"url\":\"https:\/\/netcarjogsi.hu\/tatabanya\/wp-content\/uploads\/sites\/7\/2025\/05\/logo_150px.png\",\"contentUrl\":\"https:\/\/netcarjogsi.hu\/tatabanya\/wp-content\/uploads\/sites\/7\/2025\/05\/logo_150px.png\",\"width\":150,\"height\":57,\"caption\":\"NeTcar Aut\u00f3siskola Tatab\u00e1nya\"},\"image\":{\"@id\":\"https:\/\/netcarjogsi.hu\/tatabanya\/#\/schema\/logo\/image\/\"}}]}<\/script>\n<!-- \/ Yoast SEO plugin. -->","yoast_head_json":{"title":"GKI C tov\u00e1bbk\u00e9pz\u00e9s - NeTcar Aut\u00f3siskola Tatab\u00e1nya","description":"Friss\u00edtsd GKI C kateg\u00f3ri\u00e1s igazolv\u00e1nyodat a Netcar Aut\u00f3siskol\u00e1ban Tatab\u00e1ny\u00e1n! K\u00f6telez\u0151 tov\u00e1bbk\u00e9pz\u00e9s teherg\u00e9pkocsi-vezet\u0151knek","robots":{"index":"index","follow":"follow","max-snippet":"max-snippet:-1","max-image-preview":"max-image-preview:large","max-video-preview":"max-video-preview:-1"},"canonical":"https:\/\/netcarjogsi.hu\/tatabanya\/kepzes\/gki-c-tovabbkepzes\/","og_locale":"hu_HU","og_type":"article","og_title":"GKI C tov\u00e1bbk\u00e9pz\u00e9s netcar Tatab\u00e1nya","og_description":"Friss\u00edtsd GKI C kateg\u00f3ri\u00e1s igazolv\u00e1nyodat a Netcar Aut\u00f3siskol\u00e1ban Tatab\u00e1ny\u00e1n! K\u00f6telez\u0151 tov\u00e1bbk\u00e9pz\u00e9s teherg\u00e9pkocsi-vezet\u0151knek","og_url":"https:\/\/netcarjogsi.hu\/tatabanya\/kepzes\/gki-c-tovabbkepzes\/","og_site_name":"NeTcar Aut\u00f3siskola Tatab\u00e1nya","article_modified_time":"2025-05-27T08:12:42+00:00","og_image":[{"width":1200,"height":680,"url":"https:\/\/netcarjogsi.hu\/tatabanya\/wp-content\/uploads\/sites\/7\/2025\/05\/GKIC_tovabb.png","type":"image\/png"}],"twitter_card":"summary_large_image","twitter_misc":{"Becs\u00fclt olvas\u00e1si id\u0151":"4 perc"},"schema":{"@context":"https:\/\/schema.org","@graph":[{"@type":"WebPage","@id":"https:\/\/netcarjogsi.hu\/tatabanya\/kepzes\/gki-c-tovabbkepzes\/","url":"https:\/\/netcarjogsi.hu\/tatabanya\/kepzes\/gki-c-tovabbkepzes\/","name":"GKI C tov\u00e1bbk\u00e9pz\u00e9s - NeTcar Aut\u00f3siskola Tatab\u00e1nya","isPartOf":{"@id":"https:\/\/netcarjogsi.hu\/tatabanya\/#website"},"primaryImageOfPage":{"@id":"https:\/\/netcarjogsi.hu\/tatabanya\/kepzes\/gki-c-tovabbkepzes\/#primaryimage"},"image":{"@id":"https:\/\/netcarjogsi.hu\/tatabanya\/kepzes\/gki-c-tovabbkepzes\/#primaryimage"},"thumbnailUrl":"https:\/\/netcarjogsi.hu\/tatabanya\/wp-content\/uploads\/sites\/7\/2025\/05\/GKIC_tovabb.png","datePublished":"2025-05-26T12:05:29+00:00","dateModified":"2025-05-27T08:12:42+00:00","description":"Friss\u00edtsd GKI C kateg\u00f3ri\u00e1s igazolv\u00e1nyodat a Netcar Aut\u00f3siskol\u00e1ban Tatab\u00e1ny\u00e1n! K\u00f6telez\u0151 tov\u00e1bbk\u00e9pz\u00e9s teherg\u00e9pkocsi-vezet\u0151knek","breadcrumb":{"@id":"https:\/\/netcarjogsi.hu\/tatabanya\/kepzes\/gki-c-tovabbkepzes\/#breadcrumb"},"inLanguage":"hu","potentialAction":[{"@type":"ReadAction","target":["https:\/\/netcarjogsi.hu\/tatabanya\/kepzes\/gki-c-tovabbkepzes\/"]}]},{"@type":"ImageObject","inLanguage":"hu","@id":"https:\/\/netcarjogsi.hu\/tatabanya\/kepzes\/gki-c-tovabbkepzes\/#primaryimage","url":"https:\/\/netcarjogsi.hu\/tatabanya\/wp-content\/uploads\/sites\/7\/2025\/05\/GKIC_tovabb.png","contentUrl":"https:\/\/netcarjogsi.hu\/tatabanya\/wp-content\/uploads\/sites\/7\/2025\/05\/GKIC_tovabb.png","width":1200,"height":680,"caption":"NeTcar Aut\u00f3siskola Tatab\u00e1nya GKI C tov\u00e1bbk\u00e9pz\u00e9s"},{"@type":"BreadcrumbList","@id":"https:\/\/netcarjogsi.hu\/tatabanya\/kepzes\/gki-c-tovabbkepzes\/#breadcrumb","itemListElement":[{"@type":"ListItem","position":1,"name":"Kezd\u0151lap","item":"https:\/\/netcarjogsi.hu\/tatabanya\/"},{"@type":"ListItem","position":2,"name":"K\u00e9pz\u00e9sek","item":"https:\/\/netcarjogsi.hu\/tatabanya\/kepzesek\/"},{"@type":"ListItem","position":3,"name":"GKI C tov\u00e1bbk\u00e9pz\u00e9s"}]},{"@type":"WebSite","@id":"https:\/\/netcarjogsi.hu\/tatabanya\/#website","url":"https:\/\/netcarjogsi.hu\/tatabanya\/","name":"NeTcar Aut\u00f3siskola Tatab\u00e1nya","description":"Jogos\u00edtv\u00e1nyszerz\u00e9s minden kateg\u00f3ri\u00e1ban Tatab\u00e1ny\u00e1n.","publisher":{"@id":"https:\/\/netcarjogsi.hu\/tatabanya\/#organization"},"potentialAction":[{"@type":"SearchAction","target":{"@type":"EntryPoint","urlTemplate":"https:\/\/netcarjogsi.hu\/tatabanya\/?s={search_term_string}"},"query-input":{"@type":"PropertyValueSpecification","valueRequired":true,"valueName":"search_term_string"}}],"inLanguage":"hu"},{"@type":"Organization","@id":"https:\/\/netcarjogsi.hu\/tatabanya\/#organization","name":"NeTcar Aut\u00f3siskola Tatab\u00e1nya","url":"https:\/\/netcarjogsi.hu\/tatabanya\/","logo":{"@type":"ImageObject","inLanguage":"hu","@id":"https:\/\/netcarjogsi.hu\/tatabanya\/#\/schema\/logo\/image\/","url":"https:\/\/netcarjogsi.hu\/tatabanya\/wp-content\/uploads\/sites\/7\/2025\/05\/logo_150px.png","contentUrl":"https:\/\/netcarjogsi.hu\/tatabanya\/wp-content\/uploads\/sites\/7\/2025\/05\/logo_150px.png","width":150,"height":57,"caption":"NeTcar Aut\u00f3siskola Tatab\u00e1nya"},"image":{"@id":"https:\/\/netcarjogsi.hu\/tatabanya\/#\/schema\/logo\/image\/"}}]}},"publishpress_future_workflow_manual_trigger":{"enabledWorkflows":[]},"_links":{"self":[{"href":"https:\/\/netcarjogsi.hu\/tatabanya\/wp-json\/wp\/v2\/product\/228","targetHints":{"allow":["GET"]}}],"collection":[{"href":"https:\/\/netcarjogsi.hu\/tatabanya\/wp-json\/wp\/v2\/product"}],"about":[{"href":"https:\/\/netcarjogsi.hu\/tatabanya\/wp-json\/wp\/v2\/types\/product"}],"wp:featuredmedia":[{"embeddable":true,"href":"https:\/\/netcarjogsi.hu\/tatabanya\/wp-json\/wp\/v2\/media\/248"}],"wp:attachment":[{"href":"https:\/\/netcarjogsi.hu\/tatabanya\/wp-json\/wp\/v2\/media?parent=228"}],"wp:term":[{"taxonomy":"product_brand","embeddable":true,"href":"https:\/\/netcarjogsi.hu\/tatabanya\/wp-json\/wp\/v2\/product_brand?post=228"},{"taxonomy":"product_cat","embeddable":true,"href":"https:\/\/netcarjogsi.hu\/tatabanya\/wp-json\/wp\/v2\/product_cat?post=228"},{"taxonomy":"product_tag","embeddable":true,"href":"https:\/\/netcarjogsi.hu\/tatabanya\/wp-json\/wp\/v2\/product_tag?post=228"}],"curies":[{"name":"wp","href":"https:\/\/api.w.org\/{rel}","templated":true}]}}