{"id":231,"date":"2025-05-26T14:05:30","date_gmt":"2025-05-26T12:05:30","guid":{"rendered":"https:\/\/netcarjogsi.hu\/tatabanya\/?post_type=product&#038;p=231"},"modified":"2025-06-12T09:17:11","modified_gmt":"2025-06-12T07:17:11","slug":"vizsgamentes-gki-kepzes","status":"publish","type":"product","link":"https:\/\/netcarjogsi.hu\/tatabanya\/kepzes\/vizsgamentes-gki-kepzes\/","title":{"rendered":"Vizsgamentes GKI k\u00e9pz\u00e9s"},"content":{"rendered":"<div class=\"aux-institute-author-wrapper\">\n<div class=\"aux-institute-author-img\"><img decoding=\"async\" class=\"alignnone size-full wp-image-1136\" src=\"https:\/\/netcarjogsi.hu\/sopron\/wp-content\/uploads\/sites\/2\/2025\/03\/D_kategoria.png\" alt=\"\" width=\"200\" height=\"200\" \/><\/div>\n<div class=\"aux-institute-author-info\">\n<h3>Vizsgamentes GKI k\u00e9pes\u00edt\u00e9s teherg\u00e9pkocsi \u00e9s aut\u00f3busz vezet\u0151knek<\/h3>\n<p><strong>GKI k\u00e1rty\u00e1t vizsgamentesen csak az szerezhet, akinek az adott (megszerezni k\u00edv\u00e1nt) kateg\u00f3ri\u00e1ban m\u00e1r volt GKI k\u00e1rty\u00e1ja.<\/strong><\/p>\n<\/div>\n<\/div>\n<div class=\"aux-institute-author-desc\">\n<p><strong>A vizsgamentes GKI k\u00e1rty\u00e1t k\u00e9tf\u00e9lek\u00e9ppen lehet megszerezni:<\/strong><\/p>\n<p><strong>Tantermi k\u00e9pz\u00e9s<\/strong> keret\u00e9ben, ahol k\u00f6telez\u0151en 30 \u00f3r\u00e1t kell a k\u00e9pz\u00e9sben r\u00e9szt venni, err\u0151l hi\u00e1nyozni nem lehet. Ezt az \u00f3rasz\u00e1mot napi 10 \u00f3r\u00e1ban, (3 nap x 10 \u00f3ra) tudjuk megtartani.<\/p>\n<p><strong>Online (e-learning)<\/strong> form\u00e1ban, mely a vil\u00e1g b\u00e1rmely pontj\u00e1n, internet el\u00e9rhet\u0151s\u00e9ggel elv\u00e9gezhet\u0151, melyhez az el\u00e9rhet\u0151s\u00e9get aut\u00f3siskol\u00e1nk megadja. A teljes \u00f3rasz\u00e1m: 5 \u00f3ra.<\/p>\n<p>K\u00e9pz\u00e9shez sz\u00fcks\u00e9ges:<\/p>\n<p><strong>B\u00e1rmelyik telephely\u00fcnk\u00f6n lehet\u0151s\u00e9ge van a jelentkez\u00e9sre.<\/strong><\/p>\n<p>Jelentkez\u00e9skor k\u00e9rj\u00fck hozza mag\u00e1val:<\/p>\n<p>\u2013 szem\u00e9ly azonos\u00edt\u00f3 igazolv\u00e1ny<br \/>\n\u2013 lakc\u00edmet igazol\u00f3 hat\u00f3s\u00e1gi igazolv\u00e1ny<br \/>\n\u2013 vezet\u0151i enged\u00e9ly<br \/>\n\u2013 GKI k\u00e1rtya<br \/>\n\u2013 1 db szabv\u00e1ny (3 x 4 cm) igazolv\u00e1ny f\u00e9nyk\u00e9p.<\/p>\n<p>A tanfolyam elv\u00e9gz\u00e9se ut\u00e1n (ak\u00e1r tantermi, ak\u00e1r online), k\u00f6vetkezik a tanul\u00f3 hat\u00f3s\u00e1gi iktat\u00e1sa \u2013 kb. 2-3 h\u00e9t \u2013 melyet k\u00f6vet\u0151en ker\u00fclhet sor a 5 \u00f3r\u00e1s szimul\u00e1toros oktat\u00e1sra. Erre jelenleg Gy\u0151rben,Tatab\u00e1ny\u00e1n van lehet\u0151s\u00e9g.<\/p>\n<\/div>\n<h4>Vizsgamentes GKI k\u00e9pz\u00e9sek d\u00edjai<\/h4>\n<div class=\"aux-institute-author-desc\">\n\n<table id=\"tablepress-3\" class=\"tablepress tablepress-id-3\" aria-describedby=\"tablepress-3-description\">\n<thead>\n<tr class=\"row-1\">\n\t<th class=\"column-1\">Online vizsgamentes GKI k\u00e9pz\u00e9si d\u00edjak<\/th><th class=\"column-2\">Elm\u00e9let<\/th><th class=\"column-3\">K\u00f6zleked\u00e9si fel\u00fcgyeleti d\u00edj<\/th><th class=\"column-4\">3+2 \u00f3ra szimul\u00e1tor<\/th><th class=\"column-5\">\u00d6sszesen<\/th>\n<\/tr>\n<\/thead>\n<tbody class=\"row-striping row-hover\">\n<tr class=\"row-2\">\n\t<td class=\"column-1\">Teherg\u00e9pkocsi<\/td><td class=\"column-2\">50.000 Ft<\/td><td class=\"column-3\">34.200 Ft*<\/td><td class=\"column-4\">35.000 Ft<\/td><td class=\"column-5\">119.200 Ft<\/td>\n<\/tr>\n<tr class=\"row-3\">\n\t<td class=\"column-1\">Aut\u00f3busz<\/td><td class=\"column-2\">50.000 Ft<\/td><td class=\"column-3\">34.200 Ft*<\/td><td class=\"column-4\">35.000 Ft<\/td><td class=\"column-5\">119.200 Ft<\/td>\n<\/tr>\n<tr class=\"row-4\">\n\t<td class=\"column-1\">Aut\u00f3buszvezet\u0151i \u00e9s tehetg\u00e9pkocsi-vezet\u0151i \u00f6sszevont tov\u00e1bbk\u00e9pz\u00e9s<\/td><td class=\"column-2\">75.000 Ft<\/td><td class=\"column-3\">45.600 Ft*<\/td><td class=\"column-4\">35.000 Ft<\/td><td class=\"column-5\">155.600 Ft<\/td>\n<\/tr>\n<\/tbody>\n<\/table>\n<span id=\"tablepress-3-description\" class=\"tablepress-table-description tablepress-table-description-id-3\">2024. Febru\u00e1r 3-t\u00f3l<br \/>\n*GKI k\u00e1rtya d\u00edjat nem tartalmazza<br \/>\nGKI k\u00e1rtya d\u00edja:16.100 Ft<\/span>\n<!-- #tablepress-3 from cache -->\n\n<table id=\"tablepress-4\" class=\"tablepress tablepress-id-4\" aria-describedby=\"tablepress-4-description\">\n<thead>\n<tr class=\"row-1\">\n\t<th class=\"column-1\">Tantermi vizsgamentes GKI k\u00e9pz\u00e9si d\u00edjak<\/th><th class=\"column-2\">Elm\u00e9let<\/th><th class=\"column-3\">K\u00f6zleked\u00e9si fel\u00fcgyeleti d\u00edj<\/th><th class=\"column-4\">3+2 \u00f3ra szimul\u00e1tor<\/th><th class=\"column-5\">\u00d6sszesen<\/th>\n<\/tr>\n<\/thead>\n<tbody class=\"row-striping row-hover\">\n<tr class=\"row-2\">\n\t<td class=\"column-1\">Teherg\u00e9pkocsi<\/td><td class=\"column-2\">65.000 Ft<\/td><td class=\"column-3\">34.200 Ft*<\/td><td class=\"column-4\">35.000 Ft<\/td><td class=\"column-5\">134.200 Ft<\/td>\n<\/tr>\n<tr class=\"row-3\">\n\t<td class=\"column-1\">Aut\u00f3busz<\/td><td class=\"column-2\">65.000 Ft<\/td><td class=\"column-3\">34.200 Ft*<\/td><td class=\"column-4\">35.000 Ft<\/td><td class=\"column-5\">134.200 Ft<\/td>\n<\/tr>\n<tr class=\"row-4\">\n\t<td class=\"column-1\">Aut\u00f3buszvezet\u0151i \u00e9s tehetg\u00e9pkocsi-vezet\u0151i \u00f6sszevont tov\u00e1bbk\u00e9pz\u00e9s<\/td><td class=\"column-2\">90.000 Ft<\/td><td class=\"column-3\">45.600 Ft*<\/td><td class=\"column-4\">35.000 Ft<\/td><td class=\"column-5\">170.600 Ft<\/td>\n<\/tr>\n<\/tbody>\n<\/table>\n<span id=\"tablepress-4-description\" class=\"tablepress-table-description tablepress-table-description-id-4\">2024. Febru\u00e1r 3-t\u00f3l<br \/>\n*GKI k\u00e1rtya d\u00edjat nem tartalmazza<br \/>\nGKI k\u00e1rtya d\u00edja:16.100 Ft<\/span>\n<!-- #tablepress-4 from cache -->\n<\/div>\n<div id=\"ookdjilphngeeeghgngjabigmpepanpl\"><\/div>\n<div id=\"ookdjilphngeeeghgngjabigmpepanpl\"><\/div>\n","protected":false},"excerpt":{"rendered":"<p>&nbsp;<\/p>\n<div id=\"ookdjilphngeeeghgngjabigmpepanpl\"><\/div>\n<div id=\"ookdjilphngeeeghgngjabigmpepanpl\"><\/div>\n","protected":false},"featured_media":643,"template":"","meta":[],"product_brand":[],"product_cat":[92],"product_tag":[77,83,85],"class_list":{"0":"post-231","1":"product","2":"type-product","3":"status-publish","4":"has-post-thumbnail","6":"product_cat-gki","7":"product_tag-autobusz","8":"product_tag-szaktanfolyam","9":"product_tag-tehergepkocsi","11":"first","12":"instock","13":"shipping-taxable","14":"product-type-external"},"yoast_head":"<!-- This site is optimized with the Yoast SEO plugin v25.4 - https:\/\/yoast.com\/wordpress\/plugins\/seo\/ -->\n<title>Vizsgamentes GKI k\u00e9pz\u00e9s - NeTcar Aut\u00f3siskola Tatab\u00e1nya<\/title>\n<meta name=\"description\" content=\"Vizsgamentes GKI k\u00e1rtya szerz\u00e9s a Netcar Aut\u00f3siskol\u00e1ban Tatab\u00e1ny\u00e1n! K\u00f6telez\u0151 tov\u00e1bbk\u00e9pz\u00e9s aut\u00f3busz- \u00e9s teherg\u00e9pkocsi vezet\u0151knek\" \/>\n<meta name=\"robots\" content=\"index, follow, max-snippet:-1, max-image-preview:large, max-video-preview:-1\" \/>\n<link rel=\"canonical\" href=\"https:\/\/netcarjogsi.hu\/tatabanya\/kepzes\/vizsgamentes-gki-kepzes\/\" \/>\n<meta property=\"og:locale\" content=\"hu_HU\" \/>\n<meta property=\"og:type\" content=\"article\" \/>\n<meta property=\"og:title\" content=\"GKI D tov\u00e1bbk\u00e9pz\u00e9s netcar Tatab\u00e1nya\" \/>\n<meta property=\"og:description\" content=\"Vizsgamentes GKI k\u00e1rtya szerz\u00e9s a Netcar Aut\u00f3siskol\u00e1ban Tatab\u00e1ny\u00e1n! K\u00f6telez\u0151 tov\u00e1bbk\u00e9pz\u00e9s aut\u00f3busz- \u00e9s teherg\u00e9pkocsi vezet\u0151knek\" \/>\n<meta property=\"og:url\" content=\"https:\/\/netcarjogsi.hu\/tatabanya\/kepzes\/vizsgamentes-gki-kepzes\/\" \/>\n<meta property=\"og:site_name\" content=\"NeTcar Aut\u00f3siskola Tatab\u00e1nya\" \/>\n<meta property=\"article:modified_time\" content=\"2025-06-12T07:17:11+00:00\" \/>\n<meta property=\"og:image\" content=\"https:\/\/netcarjogsi.hu\/tatabanya\/wp-content\/uploads\/sites\/7\/2025\/05\/vizsgamentes-gki.png\" \/>\n\t<meta property=\"og:image:width\" content=\"1320\" \/>\n\t<meta property=\"og:image:height\" content=\"880\" \/>\n\t<meta property=\"og:image:type\" content=\"image\/png\" \/>\n<meta name=\"twitter:card\" content=\"summary_large_image\" \/>\n<meta name=\"twitter:label1\" content=\"Becs\u00fclt olvas\u00e1si id\u0151\" \/>\n\t<meta name=\"twitter:data1\" content=\"2 perc\" \/>\n<script type=\"application\/ld+json\" class=\"yoast-schema-graph\">{\"@context\":\"https:\/\/schema.org\",\"@graph\":[{\"@type\":\"WebPage\",\"@id\":\"https:\/\/netcarjogsi.hu\/tatabanya\/kepzes\/vizsgamentes-gki-kepzes\/\",\"url\":\"https:\/\/netcarjogsi.hu\/tatabanya\/kepzes\/vizsgamentes-gki-kepzes\/\",\"name\":\"Vizsgamentes GKI k\u00e9pz\u00e9s - NeTcar Aut\u00f3siskola Tatab\u00e1nya\",\"isPartOf\":{\"@id\":\"https:\/\/netcarjogsi.hu\/tatabanya\/#website\"},\"primaryImageOfPage\":{\"@id\":\"https:\/\/netcarjogsi.hu\/tatabanya\/kepzes\/vizsgamentes-gki-kepzes\/#primaryimage\"},\"image\":{\"@id\":\"https:\/\/netcarjogsi.hu\/tatabanya\/kepzes\/vizsgamentes-gki-kepzes\/#primaryimage\"},\"thumbnailUrl\":\"https:\/\/netcarjogsi.hu\/tatabanya\/wp-content\/uploads\/sites\/7\/2025\/05\/vizsgamentes-gki.png\",\"datePublished\":\"2025-05-26T12:05:30+00:00\",\"dateModified\":\"2025-06-12T07:17:11+00:00\",\"description\":\"Vizsgamentes GKI k\u00e1rtya szerz\u00e9s a Netcar Aut\u00f3siskol\u00e1ban Tatab\u00e1ny\u00e1n! K\u00f6telez\u0151 tov\u00e1bbk\u00e9pz\u00e9s aut\u00f3busz- \u00e9s teherg\u00e9pkocsi vezet\u0151knek\",\"breadcrumb\":{\"@id\":\"https:\/\/netcarjogsi.hu\/tatabanya\/kepzes\/vizsgamentes-gki-kepzes\/#breadcrumb\"},\"inLanguage\":\"hu\",\"potentialAction\":[{\"@type\":\"ReadAction\",\"target\":[\"https:\/\/netcarjogsi.hu\/tatabanya\/kepzes\/vizsgamentes-gki-kepzes\/\"]}]},{\"@type\":\"ImageObject\",\"inLanguage\":\"hu\",\"@id\":\"https:\/\/netcarjogsi.hu\/tatabanya\/kepzes\/vizsgamentes-gki-kepzes\/#primaryimage\",\"url\":\"https:\/\/netcarjogsi.hu\/tatabanya\/wp-content\/uploads\/sites\/7\/2025\/05\/vizsgamentes-gki.png\",\"contentUrl\":\"https:\/\/netcarjogsi.hu\/tatabanya\/wp-content\/uploads\/sites\/7\/2025\/05\/vizsgamentes-gki.png\",\"width\":1320,\"height\":880,\"caption\":\"vizsgamentes gki k\u00e9pz\u00e9s netcar tatab\u00e1nya\"},{\"@type\":\"BreadcrumbList\",\"@id\":\"https:\/\/netcarjogsi.hu\/tatabanya\/kepzes\/vizsgamentes-gki-kepzes\/#breadcrumb\",\"itemListElement\":[{\"@type\":\"ListItem\",\"position\":1,\"name\":\"Kezd\u0151lap\",\"item\":\"https:\/\/netcarjogsi.hu\/tatabanya\/\"},{\"@type\":\"ListItem\",\"position\":2,\"name\":\"K\u00e9pz\u00e9sek\",\"item\":\"https:\/\/netcarjogsi.hu\/tatabanya\/kepzesek\/\"},{\"@type\":\"ListItem\",\"position\":3,\"name\":\"Vizsgamentes GKI k\u00e9pz\u00e9s\"}]},{\"@type\":\"WebSite\",\"@id\":\"https:\/\/netcarjogsi.hu\/tatabanya\/#website\",\"url\":\"https:\/\/netcarjogsi.hu\/tatabanya\/\",\"name\":\"NeTcar Aut\u00f3siskola Tatab\u00e1nya\",\"description\":\"Jogos\u00edtv\u00e1nyszerz\u00e9s minden kateg\u00f3ri\u00e1ban Tatab\u00e1ny\u00e1n.\",\"publisher\":{\"@id\":\"https:\/\/netcarjogsi.hu\/tatabanya\/#organization\"},\"potentialAction\":[{\"@type\":\"SearchAction\",\"target\":{\"@type\":\"EntryPoint\",\"urlTemplate\":\"https:\/\/netcarjogsi.hu\/tatabanya\/?s={search_term_string}\"},\"query-input\":{\"@type\":\"PropertyValueSpecification\",\"valueRequired\":true,\"valueName\":\"search_term_string\"}}],\"inLanguage\":\"hu\"},{\"@type\":\"Organization\",\"@id\":\"https:\/\/netcarjogsi.hu\/tatabanya\/#organization\",\"name\":\"NeTcar Aut\u00f3siskola Tatab\u00e1nya\",\"url\":\"https:\/\/netcarjogsi.hu\/tatabanya\/\",\"logo\":{\"@type\":\"ImageObject\",\"inLanguage\":\"hu\",\"@id\":\"https:\/\/netcarjogsi.hu\/tatabanya\/#\/schema\/logo\/image\/\",\"url\":\"https:\/\/netcarjogsi.hu\/tatabanya\/wp-content\/uploads\/sites\/7\/2025\/05\/logo_150px.png\",\"contentUrl\":\"https:\/\/netcarjogsi.hu\/tatabanya\/wp-content\/uploads\/sites\/7\/2025\/05\/logo_150px.png\",\"width\":150,\"height\":57,\"caption\":\"NeTcar Aut\u00f3siskola Tatab\u00e1nya\"},\"image\":{\"@id\":\"https:\/\/netcarjogsi.hu\/tatabanya\/#\/schema\/logo\/image\/\"}}]}<\/script>\n<!-- \/ Yoast SEO plugin. -->","yoast_head_json":{"title":"Vizsgamentes GKI k\u00e9pz\u00e9s - NeTcar Aut\u00f3siskola Tatab\u00e1nya","description":"Vizsgamentes GKI k\u00e1rtya szerz\u00e9s a Netcar Aut\u00f3siskol\u00e1ban Tatab\u00e1ny\u00e1n! K\u00f6telez\u0151 tov\u00e1bbk\u00e9pz\u00e9s aut\u00f3busz- \u00e9s teherg\u00e9pkocsi vezet\u0151knek","robots":{"index":"index","follow":"follow","max-snippet":"max-snippet:-1","max-image-preview":"max-image-preview:large","max-video-preview":"max-video-preview:-1"},"canonical":"https:\/\/netcarjogsi.hu\/tatabanya\/kepzes\/vizsgamentes-gki-kepzes\/","og_locale":"hu_HU","og_type":"article","og_title":"GKI D tov\u00e1bbk\u00e9pz\u00e9s netcar Tatab\u00e1nya","og_description":"Vizsgamentes GKI k\u00e1rtya szerz\u00e9s a Netcar Aut\u00f3siskol\u00e1ban Tatab\u00e1ny\u00e1n! K\u00f6telez\u0151 tov\u00e1bbk\u00e9pz\u00e9s aut\u00f3busz- \u00e9s teherg\u00e9pkocsi vezet\u0151knek","og_url":"https:\/\/netcarjogsi.hu\/tatabanya\/kepzes\/vizsgamentes-gki-kepzes\/","og_site_name":"NeTcar Aut\u00f3siskola Tatab\u00e1nya","article_modified_time":"2025-06-12T07:17:11+00:00","og_image":[{"width":1320,"height":880,"url":"https:\/\/netcarjogsi.hu\/tatabanya\/wp-content\/uploads\/sites\/7\/2025\/05\/vizsgamentes-gki.png","type":"image\/png"}],"twitter_card":"summary_large_image","twitter_misc":{"Becs\u00fclt olvas\u00e1si id\u0151":"2 perc"},"schema":{"@context":"https:\/\/schema.org","@graph":[{"@type":"WebPage","@id":"https:\/\/netcarjogsi.hu\/tatabanya\/kepzes\/vizsgamentes-gki-kepzes\/","url":"https:\/\/netcarjogsi.hu\/tatabanya\/kepzes\/vizsgamentes-gki-kepzes\/","name":"Vizsgamentes GKI k\u00e9pz\u00e9s - NeTcar Aut\u00f3siskola Tatab\u00e1nya","isPartOf":{"@id":"https:\/\/netcarjogsi.hu\/tatabanya\/#website"},"primaryImageOfPage":{"@id":"https:\/\/netcarjogsi.hu\/tatabanya\/kepzes\/vizsgamentes-gki-kepzes\/#primaryimage"},"image":{"@id":"https:\/\/netcarjogsi.hu\/tatabanya\/kepzes\/vizsgamentes-gki-kepzes\/#primaryimage"},"thumbnailUrl":"https:\/\/netcarjogsi.hu\/tatabanya\/wp-content\/uploads\/sites\/7\/2025\/05\/vizsgamentes-gki.png","datePublished":"2025-05-26T12:05:30+00:00","dateModified":"2025-06-12T07:17:11+00:00","description":"Vizsgamentes GKI k\u00e1rtya szerz\u00e9s a Netcar Aut\u00f3siskol\u00e1ban Tatab\u00e1ny\u00e1n! K\u00f6telez\u0151 tov\u00e1bbk\u00e9pz\u00e9s aut\u00f3busz- \u00e9s teherg\u00e9pkocsi vezet\u0151knek","breadcrumb":{"@id":"https:\/\/netcarjogsi.hu\/tatabanya\/kepzes\/vizsgamentes-gki-kepzes\/#breadcrumb"},"inLanguage":"hu","potentialAction":[{"@type":"ReadAction","target":["https:\/\/netcarjogsi.hu\/tatabanya\/kepzes\/vizsgamentes-gki-kepzes\/"]}]},{"@type":"ImageObject","inLanguage":"hu","@id":"https:\/\/netcarjogsi.hu\/tatabanya\/kepzes\/vizsgamentes-gki-kepzes\/#primaryimage","url":"https:\/\/netcarjogsi.hu\/tatabanya\/wp-content\/uploads\/sites\/7\/2025\/05\/vizsgamentes-gki.png","contentUrl":"https:\/\/netcarjogsi.hu\/tatabanya\/wp-content\/uploads\/sites\/7\/2025\/05\/vizsgamentes-gki.png","width":1320,"height":880,"caption":"vizsgamentes gki k\u00e9pz\u00e9s netcar tatab\u00e1nya"},{"@type":"BreadcrumbList","@id":"https:\/\/netcarjogsi.hu\/tatabanya\/kepzes\/vizsgamentes-gki-kepzes\/#breadcrumb","itemListElement":[{"@type":"ListItem","position":1,"name":"Kezd\u0151lap","item":"https:\/\/netcarjogsi.hu\/tatabanya\/"},{"@type":"ListItem","position":2,"name":"K\u00e9pz\u00e9sek","item":"https:\/\/netcarjogsi.hu\/tatabanya\/kepzesek\/"},{"@type":"ListItem","position":3,"name":"Vizsgamentes GKI k\u00e9pz\u00e9s"}]},{"@type":"WebSite","@id":"https:\/\/netcarjogsi.hu\/tatabanya\/#website","url":"https:\/\/netcarjogsi.hu\/tatabanya\/","name":"NeTcar Aut\u00f3siskola Tatab\u00e1nya","description":"Jogos\u00edtv\u00e1nyszerz\u00e9s minden kateg\u00f3ri\u00e1ban Tatab\u00e1ny\u00e1n.","publisher":{"@id":"https:\/\/netcarjogsi.hu\/tatabanya\/#organization"},"potentialAction":[{"@type":"SearchAction","target":{"@type":"EntryPoint","urlTemplate":"https:\/\/netcarjogsi.hu\/tatabanya\/?s={search_term_string}"},"query-input":{"@type":"PropertyValueSpecification","valueRequired":true,"valueName":"search_term_string"}}],"inLanguage":"hu"},{"@type":"Organization","@id":"https:\/\/netcarjogsi.hu\/tatabanya\/#organization","name":"NeTcar Aut\u00f3siskola Tatab\u00e1nya","url":"https:\/\/netcarjogsi.hu\/tatabanya\/","logo":{"@type":"ImageObject","inLanguage":"hu","@id":"https:\/\/netcarjogsi.hu\/tatabanya\/#\/schema\/logo\/image\/","url":"https:\/\/netcarjogsi.hu\/tatabanya\/wp-content\/uploads\/sites\/7\/2025\/05\/logo_150px.png","contentUrl":"https:\/\/netcarjogsi.hu\/tatabanya\/wp-content\/uploads\/sites\/7\/2025\/05\/logo_150px.png","width":150,"height":57,"caption":"NeTcar Aut\u00f3siskola Tatab\u00e1nya"},"image":{"@id":"https:\/\/netcarjogsi.hu\/tatabanya\/#\/schema\/logo\/image\/"}}]}},"publishpress_future_workflow_manual_trigger":{"enabledWorkflows":[]},"_links":{"self":[{"href":"https:\/\/netcarjogsi.hu\/tatabanya\/wp-json\/wp\/v2\/product\/231","targetHints":{"allow":["GET"]}}],"collection":[{"href":"https:\/\/netcarjogsi.hu\/tatabanya\/wp-json\/wp\/v2\/product"}],"about":[{"href":"https:\/\/netcarjogsi.hu\/tatabanya\/wp-json\/wp\/v2\/types\/product"}],"wp:featuredmedia":[{"embeddable":true,"href":"https:\/\/netcarjogsi.hu\/tatabanya\/wp-json\/wp\/v2\/media\/643"}],"wp:attachment":[{"href":"https:\/\/netcarjogsi.hu\/tatabanya\/wp-json\/wp\/v2\/media?parent=231"}],"wp:term":[{"taxonomy":"product_brand","embeddable":true,"href":"https:\/\/netcarjogsi.hu\/tatabanya\/wp-json\/wp\/v2\/product_brand?post=231"},{"taxonomy":"product_cat","embeddable":true,"href":"https:\/\/netcarjogsi.hu\/tatabanya\/wp-json\/wp\/v2\/product_cat?post=231"},{"taxonomy":"product_tag","embeddable":true,"href":"https:\/\/netcarjogsi.hu\/tatabanya\/wp-json\/wp\/v2\/product_tag?post=231"}],"curies":[{"name":"wp","href":"https:\/\/api.w.org\/{rel}","templated":true}]}}